{"id":2737,"date":"2018-05-22T12:46:28","date_gmt":"2018-05-22T10:46:28","guid":{"rendered":"http:\/\/ksiegarnia-akademicka.pl\/index.php\/product\/samochodowe-magistrale-danych-w-praktyce-warsztatowej-budowa-diagnostyka-obsluga\/"},"modified":"2024-02-02T10:24:32","modified_gmt":"2024-02-02T09:24:32","slug":"samochodowe-magistrale-danych-w-praktyce-warsztatowej-budowa-diagnostyka-obsluga","status":"publish","type":"product","link":"http:\/\/ksiegarnia-akademicka.pl\/index.php\/product\/samochodowe-magistrale-danych-w-praktyce-warsztatowej-budowa-diagnostyka-obsluga\/","title":{"rendered":"Samochodowe magistrale danych w praktyce warsztatowej Budowa, diagnostyka, obs\u0142uga"},"content":{"rendered":"<p>Autor:<br \/>\nMartin Frei<br \/>\nWydawca: Wydawnictwa Komunikacji i \u0141\u0105czno\u015bci WK\u0141<br \/>\nOprawa: Mi\u0119kka<br \/>\nFormat: 16.5&#215;23.8cm<br \/>\nLiczba stron: 128<br \/>\nRok wydania: 2016<\/p>\n<p>Fachowy bogato ilustrowany poradnik opisuj\u0105cy podstawy budowy, diagnozowania i obs\u0142ugi powszechnie stosowanych obecnie sieci transmisji danych wykorzystywanych w elektronicznym wyposa\u017ceniu pojazd\u00f3w samochodowych.<br \/>\nZawiera:<br \/>\n\u2022 klasyfikacj\u0119 samochodowych sieci transmisji danych,<br \/>\n\u2022 budow\u0119, dzia\u0142anie i zasady sprawdzania magistrali CAN,<br \/>\n\u2022 diagnozowanie magistrali Low-Speed CAN,<br \/>\n\u2022 diagnozowanie magistrali High-Speed CAN,<br \/>\n\u2022 przyk\u0142ady wykrywania uszkodze\u0144 magistrali CAN w samochodach,<br \/>\n\u2022 budow\u0119, dzia\u0142anie i wykrywanie uszkodze\u0144 magistrali LIN,<br \/>\n\u2022 budow\u0119, dzia\u0142anie i wykrywanie uszkodze\u0144 magistrali MOST,<br \/>\n\u2022 podstawy sterowania elektrycznego X-by-wire,<br \/>\n\u2022 budow\u0119, dzia\u0142anie i wykrywanie uszkodze\u0144 magistrali FlexRay,<br \/>\n\u2022 budow\u0119, dzia\u0142anie i zasady sprawdzania bezprzewodowych system\u00f3w transmisji danych GSM, Bluetooth i GPS.<br \/>\nPraktyczne wykrywanie usterek i uszkodze\u0144 opisano na przyk\u0142adzie samochod\u00f3w: Audi A4, A5, A7 i A8, Isuzu D-Max, Mercedes-Benz klasy C typu W 203 i W 204, Volkswagen Touran.<br \/>\nNowe wydanie niniejszej ksi\u0105\u017cki rozszerzono o:<br \/>\n\u2022 nowe przyk\u0142ady wykrywania uszkodze\u0144 magistrali CAN (rozdzia\u0142 6),<br \/>\n\u2022 budow\u0119, dzia\u0142anie i wykrywanie uszkodze\u0144 magistrali MOST (rozdzia\u0142 8),<br \/>\n\u2022 budow\u0119 i diagnozowanie magistrali FlexRay w samochodach Audi A7 i A8 (rozdzia\u0142 10.10),<br \/>\n\u2022 budow\u0119, dzia\u0142anie i zasady sprawdzania bezprzewodowych system\u00f3w transmisji danych GSM, Bluetooth i GPS (rozdzia\u0142 11).<br \/>\nOdbiorcy ksi\u0105\u017cki: in\u017cynierowie i technicy zaplecza technicznego motoryzacji, pracownicy warsztat\u00f3w i stacji obs\u0142ugi samochod\u00f3w, studenci wydzia\u0142\u00f3w mechanicznych wy\u017cszych uczelni o specjalno\u015bci samochodowej, uczniowie \u015brednich szk\u00f3\u0142 technicznych o profilu samochodowym oraz wszyscy zainteresowani t\u0105 tematyk\u0105.<\/p>\n","protected":false},"excerpt":{"rendered":"<p>Autor: Martin Frei Wydawca: Wydawnictwa Komunikacji i \u0141\u0105czno\u015bci WK\u0141 Oprawa: [&hellip;]<\/p>\n","protected":false},"featured_media":8923,"template":"","meta":[],"product_brand":[],"product_cat":[41],"product_tag":[85,1876],"class_list":{"0":"post-2737","1":"product","2":"type-product","3":"status-publish","4":"has-post-thumbnail","6":"product_cat-nauki-techniczne","7":"product_tag-diagnostyka","8":"product_tag-elektronika-samochodowa","10":"first","11":"outofstock","12":"sale","13":"shipping-taxable","14":"purchasable","15":"product-type-simple"},"_links":{"self":[{"href":"http:\/\/ksiegarnia-akademicka.pl\/index.php\/wp-json\/wp\/v2\/product\/2737","targetHints":{"allow":["GET"]}}],"collection":[{"href":"http:\/\/ksiegarnia-akademicka.pl\/index.php\/wp-json\/wp\/v2\/product"}],"about":[{"href":"http:\/\/ksiegarnia-akademicka.pl\/index.php\/wp-json\/wp\/v2\/types\/product"}],"wp:featuredmedia":[{"embeddable":true,"href":"http:\/\/ksiegarnia-akademicka.pl\/index.php\/wp-json\/wp\/v2\/media\/8923"}],"wp:attachment":[{"href":"http:\/\/ksiegarnia-akademicka.pl\/index.php\/wp-json\/wp\/v2\/media?parent=2737"}],"wp:term":[{"taxonomy":"product_brand","embeddable":true,"href":"http:\/\/ksiegarnia-akademicka.pl\/index.php\/wp-json\/wp\/v2\/product_brand?post=2737"},{"taxonomy":"product_cat","embeddable":true,"href":"http:\/\/ksiegarnia-akademicka.pl\/index.php\/wp-json\/wp\/v2\/product_cat?post=2737"},{"taxonomy":"product_tag","embeddable":true,"href":"http:\/\/ksiegarnia-akademicka.pl\/index.php\/wp-json\/wp\/v2\/product_tag?post=2737"}],"curies":[{"name":"wp","href":"https:\/\/api.w.org\/{rel}","templated":true}]}}