{"id":2705,"date":"2018-05-22T12:46:24","date_gmt":"2018-05-22T10:46:24","guid":{"rendered":"http:\/\/ksiegarnia-akademicka.pl\/index.php\/product\/budzet-i-wieloletnia-prognoza-finansowa-jednostek-samorzadu-terytorialnego-od-projektu-do-sprawozdania-z-plyta-cd\/"},"modified":"2018-07-13T09:14:15","modified_gmt":"2018-07-13T07:14:15","slug":"budzet-i-wieloletnia-prognoza-finansowa-jednostek-samorzadu-terytorialnego-od-projektu-do-sprawozdania-z-plyta-cd","status":"publish","type":"product","link":"http:\/\/ksiegarnia-akademicka.pl\/index.php\/product\/budzet-i-wieloletnia-prognoza-finansowa-jednostek-samorzadu-terytorialnego-od-projektu-do-sprawozdania-z-plyta-cd\/","title":{"rendered":"Bud\u017cet samorz\u0105dowy i wieloletnia prognoza finansowa \u2013 projektowanie, wykonywanie, sprawozdawczo\u015b\u0107 (z suplementem elektronicznym)"},"content":{"rendered":"<p>obj\u0119to\u015b\u0107: 470 str.<br \/>\nformat: B5<br \/>\noprawa: mi\u0119kka klejona<br \/>\nwydanie: 2014<br \/>\nISBN: 978-83-7804-206-8<\/p>\n<p>Jak prawid\u0142owo, zgodnie z przepisami przeprowadzi\u0107 procedur\u0119 bud\u017cetow\u0105 (w tym opracowa\u0107 bud\u017cet, stworzy\u0107 i podj\u0105\u0107 uchwa\u0142\u0119 bud\u017cetow\u0105, przeprowadzi\u0107 jej wykonywanie), a tak\u017ce wprowadzi\u0107 wieloletni\u0105 prognoz\u0119 finansow\u0105.<\/p>\n<p>W publikacji:<br \/>\ncharakterystyka i konstrukcja wieloletniej prognozy finansowej oraz procedura jej opracowywania i uchwalania,<br \/>\nom\u00f3wienie struktury uchwa\u0142y bud\u017cetowej oraz wz\u00f3r takiej uchwa\u0142y (w kilku wariantach),<br \/>\nd\u0142ug jednostki samorz\u0105du terytorialnego i deficyt bud\u017cetowy \u2013 regulacje prawne, konsekwencje przekroczenia wska\u017anika,<br \/>\nzagadnienia procedury bud\u017cetowej JST \u2013 opracowywanie oraz uchwalanie bud\u017cetu oraz regu\u0142y jego wykonywania z uwzgl\u0119dnieniem obszar\u00f3w, kt\u00f3re przysparzaj\u0105 wielu problem\u00f3w praktycznych,<br \/>\nsprawozdawczo\u015b\u0107 finansowa JST oraz autoryzacja wykonania bud\u017cetu.<\/p>\n<p>Om\u00f3wieniom poszczeg\u00f3lnych zagadnie\u0144 towarzyszy nie tylko powo\u0142ywanie istniej\u0105cej dotychczas praktyki (np. orzeczniczej) i autorskich pogl\u0105d\u00f3w, ale \u2013 co szczeg\u00f3lnie istotne \u2013 wskazano konkretne problemy wyst\u0119puj\u0105ce w praktyce i mo\u017cliwo\u015bci ich rozwi\u0105zania oraz zaproponowano wzory dokument\u00f3w, uchwa\u0142, przyk\u0142ady sporz\u0105dzenia sprawozda\u0144 itp. <\/p>\n<p>Publikacja niezb\u0119dna dla ka\u017cdego skarbnika, g\u0142\u00f3wnego ksi\u0119gowego oraz os\u00f3b zaanga\u017cowanych w tworzenie, uchwalanie i wykonanie bud\u017cetu oraz wieloletniej prognozy finansowej w jednostkach samorz\u0105du terytorialnego.<\/p>\n","protected":false},"excerpt":{"rendered":"<p>obj\u0119to\u015b\u0107: 470 str. format: B5 oprawa: mi\u0119kka klejona wydanie: 2014 [&hellip;]<\/p>\n","protected":false},"featured_media":7830,"template":"","meta":[],"product_brand":[],"product_cat":[23,7494],"product_tag":[2040,486,3393],"class_list":{"0":"post-2705","1":"product","2":"type-product","3":"status-publish","4":"has-post-thumbnail","6":"product_cat-rachunkowosc","7":"product_cat-samorzad-terytorialny","8":"product_tag-finanse-samorzadu-terytorialnego","9":"product_tag-samorzad-terytorialny","10":"product_tag-sprawozdania-finansowe","12":"first","13":"instock","14":"sale","15":"shipping-taxable","16":"purchasable","17":"product-type-simple"},"_links":{"self":[{"href":"http:\/\/ksiegarnia-akademicka.pl\/index.php\/wp-json\/wp\/v2\/product\/2705","targetHints":{"allow":["GET"]}}],"collection":[{"href":"http:\/\/ksiegarnia-akademicka.pl\/index.php\/wp-json\/wp\/v2\/product"}],"about":[{"href":"http:\/\/ksiegarnia-akademicka.pl\/index.php\/wp-json\/wp\/v2\/types\/product"}],"wp:featuredmedia":[{"embeddable":true,"href":"http:\/\/ksiegarnia-akademicka.pl\/index.php\/wp-json\/wp\/v2\/media\/7830"}],"wp:attachment":[{"href":"http:\/\/ksiegarnia-akademicka.pl\/index.php\/wp-json\/wp\/v2\/media?parent=2705"}],"wp:term":[{"taxonomy":"product_brand","embeddable":true,"href":"http:\/\/ksiegarnia-akademicka.pl\/index.php\/wp-json\/wp\/v2\/product_brand?post=2705"},{"taxonomy":"product_cat","embeddable":true,"href":"http:\/\/ksiegarnia-akademicka.pl\/index.php\/wp-json\/wp\/v2\/product_cat?post=2705"},{"taxonomy":"product_tag","embeddable":true,"href":"http:\/\/ksiegarnia-akademicka.pl\/index.php\/wp-json\/wp\/v2\/product_tag?post=2705"}],"curies":[{"name":"wp","href":"https:\/\/api.w.org\/{rel}","templated":true}]}}