{"id":2688,"date":"2018-05-22T12:46:22","date_gmt":"2018-05-22T10:46:22","guid":{"rendered":"http:\/\/ksiegarnia-akademicka.pl\/index.php\/product\/wartosci-estetyczne-w-metrologii\/"},"modified":"2021-03-09T13:22:34","modified_gmt":"2021-03-09T12:22:34","slug":"wartosci-estetyczne-w-metrologii","status":"publish","type":"product","link":"http:\/\/ksiegarnia-akademicka.pl\/index.php\/product\/wartosci-estetyczne-w-metrologii\/","title":{"rendered":"Warto\u015bci estetyczne w metrologii"},"content":{"rendered":"<p>Autor:<br \/>\nMalinowski Jan<br \/>\nWydawca: WNT<br \/>\nOprawa: Mi\u0119kka<br \/>\nFormat: 14.5&#215;20.5cm<br \/>\nLiczba stron: 80<br \/>\nWydanie: 1<br \/>\nRok wydania: 2010<\/p>\n<p>W ksi\u0105\u017cce podj\u0119to pr\u00f3b\u0119 wykazania, \u017ce w metrologii \u2013 nauce o pomiarach \u2013 wyst\u0119puj\u0105 warto\u015bci estetyczne.<br \/>\nMetrologia ma swoje korzenie w fizyce, s\u0142u\u017cy fizyce, ale jej obszar stosowania jest znacznie szerszy. Najwybitniejsi fizycy byli g\u0142\u0119boko przekonani, \u017ce posta\u0107 praw fizyki i mo\u017cliwo\u015b\u0107 wyra\u017cania ich j\u0119zykiem matematyki sprawia, \u017ce s\u0105 one nie tylko racjonalne, ale r\u00f3wnie\u017c pi\u0119kne. Skoro istnieje zwi\u0105zek metrologii z fizyk\u0105, wolno przypuszcza\u0107, \u017ce w tej pierwszej tak\u017ce tkwi pi\u0119kno.<br \/>\nWykazanie na czym polega pi\u0119kno w metrologii zawsze poprzedza wprowadzenie w istot\u0119 analizowanego fragmentu wiedzy; dzi\u0119ki temu ksi\u0105\u017cka ma r\u00f3wnie\u017c warto\u015bci poznawcze.<br \/>\nKsi\u0105\u017cka jest przeznaczona dla os\u00f3b zajmuj\u0105cych si\u0119 metrologi\u0105 lub naukami technicznymi, a tak\u017ce tych, kt\u00f3rzy poszukuj\u0105 pi\u0119kna nie tylko w sztuce. Przypisanie r\u00f3\u017cnym dzia\u0142om metrologii w\u0142a\u015bciwo\u015bci pi\u0119kna mo\u017ce si\u0119 sta\u0107 zach\u0119t\u0105 \u2013 zw\u0142aszcza dla os\u00f3b studiuj\u0105cych \u2013 do bli\u017cszego i g\u0142\u0119bszego poznania nauki o pomiarach.<\/p>\n","protected":false},"excerpt":{"rendered":"<p>Autor: Malinowski Jan Wydawca: WNT Oprawa: Mi\u0119kka Format: 14.5&#215;20.5cm Liczba [&hellip;]<\/p>\n","protected":false},"featured_media":9001,"template":"","meta":[],"product_brand":[],"product_cat":[41],"product_tag":[5086],"class_list":{"0":"post-2688","1":"product","2":"type-product","3":"status-publish","4":"has-post-thumbnail","6":"product_cat-nauki-techniczne","7":"product_tag-metrologia","9":"first","10":"instock","11":"sale","12":"shipping-taxable","13":"purchasable","14":"product-type-simple"},"_links":{"self":[{"href":"http:\/\/ksiegarnia-akademicka.pl\/index.php\/wp-json\/wp\/v2\/product\/2688","targetHints":{"allow":["GET"]}}],"collection":[{"href":"http:\/\/ksiegarnia-akademicka.pl\/index.php\/wp-json\/wp\/v2\/product"}],"about":[{"href":"http:\/\/ksiegarnia-akademicka.pl\/index.php\/wp-json\/wp\/v2\/types\/product"}],"wp:featuredmedia":[{"embeddable":true,"href":"http:\/\/ksiegarnia-akademicka.pl\/index.php\/wp-json\/wp\/v2\/media\/9001"}],"wp:attachment":[{"href":"http:\/\/ksiegarnia-akademicka.pl\/index.php\/wp-json\/wp\/v2\/media?parent=2688"}],"wp:term":[{"taxonomy":"product_brand","embeddable":true,"href":"http:\/\/ksiegarnia-akademicka.pl\/index.php\/wp-json\/wp\/v2\/product_brand?post=2688"},{"taxonomy":"product_cat","embeddable":true,"href":"http:\/\/ksiegarnia-akademicka.pl\/index.php\/wp-json\/wp\/v2\/product_cat?post=2688"},{"taxonomy":"product_tag","embeddable":true,"href":"http:\/\/ksiegarnia-akademicka.pl\/index.php\/wp-json\/wp\/v2\/product_tag?post=2688"}],"curies":[{"name":"wp","href":"https:\/\/api.w.org\/{rel}","templated":true}]}}