{"id":2518,"date":"2018-05-22T12:45:58","date_gmt":"2018-05-22T10:45:58","guid":{"rendered":"http:\/\/ksiegarnia-akademicka.pl\/index.php\/product\/kodeks-wykroczen-komentarz-4\/"},"modified":"2024-12-04T13:25:46","modified_gmt":"2024-12-04T12:25:46","slug":"kodeks-wykroczen-komentarz-4","status":"publish","type":"product","link":"http:\/\/ksiegarnia-akademicka.pl\/index.php\/product\/kodeks-wykroczen-komentarz-4\/","title":{"rendered":"Kodeks wykrocze\u0144 Komentarz"},"content":{"rendered":"<p>Redakcja: Prof. INP PAN dr hab. Pawe\u0142 Daniluk<br \/>\nAutor: prof. UMCS dr hab. Magdalena Budyn-Kulik, dr Piotr Gensikowski, mgr Maciej Iwa\u0144ski, prof. INP PAN dr hab. Jolanta Jakubowska-Hara, dr hab. Jan Kulesza, dr hab. Marek Kulik, dr Micha\u0142 Leciak<br \/>\nSeria: Komentarze Kompaktowe<br \/>\nRok wydania: 2019<br \/>\nWydanie: 2<br \/>\nISBN: 978-83-8128-952-8<br \/>\nLiczba stron: 1076<br \/>\nOprawa: Twarda<br \/>\nWaga: 1800 g<\/p>\n<p>Kodeks wykrocze\u0144. Komentarz jest najobszerniejszym, z dost\u0119pnych na rynku, om\u00f3wieniem ustawy z 20.5.1971 r. \u2013 Kodeks wykrocze\u0144. Znaczna obj\u0119to\u015b\u0107 tego dzie\u0142a umo\u017cliwi\u0142a szczeg\u00f3\u0142owe i wszechstronne om\u00f3wienie wielu problem\u00f3w praktycznych, kt\u00f3re ujawniaj\u0105 si\u0119 w procesie wyk\u0142adni Kodeksu wykrocze\u0144, jak r\u00f3wnie\u017c odniesienie si\u0119 do licznych kwestii natury teoretycznej.<\/p>\n<p>Publikacja obejmuje przepisy zar\u00f3wno cz\u0119\u015bci og\u00f3lnej, jak i cz\u0119\u015bci szczeg\u00f3lnej KW, dzi\u0119ki czemu Czytelnik mo\u017ce si\u0119 zapozna\u0107 z dog\u0142\u0119bn\u0105 analiz\u0105 zagadnie\u0144 dotycz\u0105cych:<\/p>\n<p>zasad odpowiedzialno\u015bci za wykroczenia,<br \/>\nkar, \u015brodk\u00f3w karnych i zasad ich wymiaru<br \/>\nwarunkowego zawieszenia wykonania kary aresztu<br \/>\nprzedawnienia orzekania, wykonania kary oraz zatarcia ukarania<br \/>\nwykrocze\u0144 przeciwko: porz\u0105dkowi i spokojowi publicznemu, instytucjom pa\u0144stwowym, samorz\u0105dowym i spo\u0142ecznym, bezpiecze\u0144stwu os\u00f3b i mienia<br \/>\nbezpiecze\u0144stwu i porz\u0105dkowi w komunikacji, osobie, zdrowiu, mieniu, interesom konsument\u00f3w, obyczajno\u015bci publicznej, urz\u0105dzeniom u\u017cytku publicznego, obowi\u0105zkowi ewidencji, a tak\u017ce wykrocze\u0144 polegaj\u0105cych na szkodnictwie le\u015bnym, polnym i ogrodowym.<br \/>\nPonadto, przede wszystkim z uwagi na blankietowy charakter licznych przepis\u00f3w cz\u0119\u015bci szczeg\u00f3lnej Kodeksu wykrocze\u0144, przedmiotem analiz sta\u0142y si\u0119 r\u00f3wnie\u017c regulacje wielu akt\u00f3w prawnych (ustawowych i podustawowych), g\u0142\u00f3wnie z obszaru prawa administracyjnego, kt\u00f3re uzupe\u0142niaj\u0105 brakuj\u0105c\u0105 tre\u015b\u0107 przepisu blankietowego.<\/p>\n<p>Komentarz uwzgl\u0119dnia stan prawny na dzie\u0144 1.5.2019 r. Szczeg\u00f3\u0142owo om\u00f3wiono nowelizacj\u0119 KW dokonane:<\/p>\n<p>ustaw\u0105 z 4.10.2018 r. o zmianie ustawy \u2013 Kodeks wykrocze\u0144 oraz niekt\u00f3rych innych ustaw (Dz.U. z 2018 r. poz. 2077), na mocy kt\u00f3rej w szczeg\u00f3lno\u015bci zlikwidowano kryterium przepo\u0142owienia przest\u0119pstw i wykrocze\u0144 przeciwko mieniu odnosz\u0105ce si\u0119 do 1\/4 minimalnego wynagrodzenia oraz przywr\u00f3cono w to miejsce kryterium kwotowe, okre\u015blaj\u0105c je na poziomie 500 z\u0142;<br \/>\nustaw\u0105 z 11.1.2018 r. o elektromobilno\u015bci i paliwach alternatywnych (Dz.U. z 2018 r. poz. 317 ze zm.), zgodnie z kt\u00f3r\u0105 karalno\u015bci\u0105 obj\u0119to zachowania zwi\u0105zane z nieprzestrzeganiem ogranicze\u0144 w dost\u0119pie do strefy czystego transportu;<br \/>\nustaw\u0105 z 24.11.2017 r. o zmianie ustawy \u2013 Prawo o ruchu drogowym oraz niekt\u00f3rych innych ustaw (Dz.U. z 2018 r. poz. 79 ze zm.), zgodnie z kt\u00f3r\u0105 karalno\u015bci\u0105 obj\u0119to zachowania zwi\u0105zane z przekazaniem osobie nieuprawnionej blankietu profesjonalnego dowodu rejestracyjnego lub profesjonalnego dowodu rejestracyjnego lub profesjonalnej tablicy rejestracyjnej.<br \/>\nDoskona\u0142y zesp\u00f3\u0142 autorski sk\u0142adaj\u0105cy si\u0119 z naukowc\u00f3w-praktyk\u00f3w gwarantuje zar\u00f3wno wysoki poziom merytoryczny, jak i praktyczny prezentowanych om\u00f3wie\u0144.<\/p>\n<p>Komentarz, opr\u00f3cz poszerzonej literatury i bogatej bazy orzecze\u0144 pozwalaj\u0105cych zapozna\u0107 si\u0119 z najcz\u0119stsz\u0105 praktyk\u0105 s\u0105dow\u0105 zawiera wszystkie ostatnie zmiany Kodeksu wykrocze\u0144, a tak\u017ce innych ustaw karnych.<\/p>\n<p>Dla wygody Czytelnik\u00f3w, u\u0142atwiaj\u0105c szybk\u0105 orientacj\u0119 w tek\u015bcie, niniejszy Komentarz wyr\u00f3\u017cnia si\u0119 szczeg\u00f3\u0142ow\u0105 struktur\u0105 wewn\u0119trzn\u0105, z precyzyjnym, przejrzystym i jednolitym podzia\u0142em zagadnie\u0144. Uk\u0142ad komentarza, dzi\u0119ki nowej oprawie graficznej jest bardzo przejrzysty \u2013 opr\u00f3cz syntetycznego spisu tre\u015bci do ka\u017cdego artyku\u0142u, wszystkie tezy s\u0105 tytu\u0142owane, co u\u0142atwia poruszanie si\u0119 po jego tre\u015bci i umo\u017cliwia szybkie odnalezienie rozwi\u0105zania interesuj\u0105cych Czytelnika problem\u00f3w.<\/p>\n<p>Komentarz adresowany jest w szczeg\u00f3lno\u015bci do praktyk\u00f3w &#8211; s\u0119dzi\u00f3w, prokurator\u00f3w, adwokat\u00f3w, radc\u00f3w prawnych, funkcjonariuszy i pracownik\u00f3w licznych s\u0142u\u017cb i instytucji, kt\u00f3rzy w swojej codziennej pracy stosuj\u0105 Kodeks wykrocze\u0144 (funkcjonariusze Policji, funkcjonariusze Stra\u017cy Granicznej, funkcjonariusze Stra\u017cy Ochrony Kolei, stra\u017cnicy stra\u017cy gminnej (miejskiej), stra\u017cnicy le\u015bni, inspektorzy Inspekcji Transportu Drogowego itd.). Ponadto stanowi r\u00f3wnie\u017c nieocenion\u0105 pomoc dla aplikant\u00f3w zawod\u00f3w prawniczych, pracownik\u00f3w naukowych oraz doktorant\u00f3w i student\u00f3w.<\/p>\n<p>Dla czytelnik\u00f3w tego komentarza darmowy dost\u0119p do akt\u00f3w prawnych on-line!<\/p>\n","protected":false},"excerpt":{"rendered":"<p>Redakcja: Prof. INP PAN dr hab. Pawe\u0142 Daniluk Autor: prof. [&hellip;]<\/p>\n","protected":false},"featured_media":11382,"template":"","meta":[],"product_brand":[],"product_cat":[7490,18],"product_tag":[4672,296,315],"class_list":{"0":"post-2518","1":"product","2":"type-product","3":"status-publish","4":"has-post-thumbnail","6":"product_cat-karne","7":"product_cat-prawo","8":"product_tag-kodeks-wykroczen","9":"product_tag-prawo-karne","10":"product_tag-prawo-wykroczen","12":"first","13":"instock","14":"sale","15":"shipping-taxable","16":"purchasable","17":"product-type-simple"},"_links":{"self":[{"href":"http:\/\/ksiegarnia-akademicka.pl\/index.php\/wp-json\/wp\/v2\/product\/2518","targetHints":{"allow":["GET"]}}],"collection":[{"href":"http:\/\/ksiegarnia-akademicka.pl\/index.php\/wp-json\/wp\/v2\/product"}],"about":[{"href":"http:\/\/ksiegarnia-akademicka.pl\/index.php\/wp-json\/wp\/v2\/types\/product"}],"wp:featuredmedia":[{"embeddable":true,"href":"http:\/\/ksiegarnia-akademicka.pl\/index.php\/wp-json\/wp\/v2\/media\/11382"}],"wp:attachment":[{"href":"http:\/\/ksiegarnia-akademicka.pl\/index.php\/wp-json\/wp\/v2\/media?parent=2518"}],"wp:term":[{"taxonomy":"product_brand","embeddable":true,"href":"http:\/\/ksiegarnia-akademicka.pl\/index.php\/wp-json\/wp\/v2\/product_brand?post=2518"},{"taxonomy":"product_cat","embeddable":true,"href":"http:\/\/ksiegarnia-akademicka.pl\/index.php\/wp-json\/wp\/v2\/product_cat?post=2518"},{"taxonomy":"product_tag","embeddable":true,"href":"http:\/\/ksiegarnia-akademicka.pl\/index.php\/wp-json\/wp\/v2\/product_tag?post=2518"}],"curies":[{"name":"wp","href":"https:\/\/api.w.org\/{rel}","templated":true}]}}