{"id":2473,"date":"2018-05-22T12:45:52","date_gmt":"2018-05-22T10:45:52","guid":{"rendered":"http:\/\/ksiegarnia-akademicka.pl\/index.php\/product\/bezpieczenstwo-pracy-z-substancjami-i-preparatami-chemicznymi\/"},"modified":"2019-05-16T11:00:03","modified_gmt":"2019-05-16T09:00:03","slug":"bezpieczenstwo-pracy-z-substancjami-i-preparatami-chemicznymi","status":"publish","type":"product","link":"http:\/\/ksiegarnia-akademicka.pl\/index.php\/product\/bezpieczenstwo-pracy-z-substancjami-i-preparatami-chemicznymi\/","title":{"rendered":"Bezpiecze\u0144stwo pracy z substancjami i preparatami chemicznymi"},"content":{"rendered":"<p>Pawe\u0142 Religa, Andrzej Firkowski<br \/>\n2009, wyd. I, B-5, str. 114 (podr\u0119cznik)<\/p>\n<p>W podr\u0119czniku zaprezentowano g\u0142\u00f3wne grupy zagro\u017ce\u0144 w trakcie prac z substancjami i preparatami chemicznymi. S\u0105 to: zagro\u017cenia chemiczne i zagro\u017cenia zwi\u0105zane z reakcjami chemicznymi.<\/p>\n","protected":false},"excerpt":{"rendered":"<p>Pawe\u0142 Religa, Andrzej Firkowski 2009, wyd. I, B-5, str. 114 [&hellip;]<\/p>\n","protected":false},"featured_media":11167,"template":"","meta":[],"product_brand":[],"product_cat":[7528,43],"product_tag":[4938,87,153],"class_list":{"0":"post-2473","1":"product","2":"type-product","3":"status-publish","4":"has-post-thumbnail","6":"product_cat-technologie-chemiczne","7":"product_cat-wydawnictwo-uth","8":"product_tag-bezpieczenstwo-pracy","9":"product_tag-skrypty-politechniki-radomskiej","10":"product_tag-technologie-chemiczne","12":"first","13":"instock","14":"shipping-taxable","15":"purchasable","16":"product-type-simple"},"_links":{"self":[{"href":"http:\/\/ksiegarnia-akademicka.pl\/index.php\/wp-json\/wp\/v2\/product\/2473","targetHints":{"allow":["GET"]}}],"collection":[{"href":"http:\/\/ksiegarnia-akademicka.pl\/index.php\/wp-json\/wp\/v2\/product"}],"about":[{"href":"http:\/\/ksiegarnia-akademicka.pl\/index.php\/wp-json\/wp\/v2\/types\/product"}],"wp:featuredmedia":[{"embeddable":true,"href":"http:\/\/ksiegarnia-akademicka.pl\/index.php\/wp-json\/wp\/v2\/media\/11167"}],"wp:attachment":[{"href":"http:\/\/ksiegarnia-akademicka.pl\/index.php\/wp-json\/wp\/v2\/media?parent=2473"}],"wp:term":[{"taxonomy":"product_brand","embeddable":true,"href":"http:\/\/ksiegarnia-akademicka.pl\/index.php\/wp-json\/wp\/v2\/product_brand?post=2473"},{"taxonomy":"product_cat","embeddable":true,"href":"http:\/\/ksiegarnia-akademicka.pl\/index.php\/wp-json\/wp\/v2\/product_cat?post=2473"},{"taxonomy":"product_tag","embeddable":true,"href":"http:\/\/ksiegarnia-akademicka.pl\/index.php\/wp-json\/wp\/v2\/product_tag?post=2473"}],"curies":[{"name":"wp","href":"https:\/\/api.w.org\/{rel}","templated":true}]}}