{"id":2373,"date":"2018-05-22T12:45:39","date_gmt":"2018-05-22T10:45:39","guid":{"rendered":"http:\/\/ksiegarnia-akademicka.pl\/index.php\/product\/mechanika-ogolna-tom-2-dynamika-2\/"},"modified":"2022-03-23T12:22:14","modified_gmt":"2022-03-23T11:22:14","slug":"mechanika-ogolna-tom-2-dynamika-2","status":"publish","type":"product","link":"http:\/\/ksiegarnia-akademicka.pl\/index.php\/product\/mechanika-ogolna-tom-2-dynamika-2\/","title":{"rendered":"Mechanika og\u00f3lna Tom 2 Dynamika"},"content":{"rendered":"<p>Autor:<br \/>\nJerzy Leyko<br \/>\nWydawca: Wydawnictwo Naukowe PWN<br \/>\nOprawa: Mi\u0119kka<br \/>\nFormat: 16.5&#215;24.0cm<br \/>\nLiczba stron: 402<br \/>\nWydanie: 9<br \/>\nRok wydania: 2022<\/p>\n<p>Ksi\u0105\u017cka uznawana za podstawowy podr\u0119cznik mechaniki og\u00f3lnej dla student\u00f3w wydzia\u0142\u00f3w mechanicznych wy\u017cszych uczelni technicznych!<\/p>\n<p>Tom drugi Dynamika zawiera:<\/p>\n<p>podstawy dynamiki,<br \/>\nruch prostoliniowy i krzywoliniowy punktu materialnego,<br \/>\nprac\u0119 si\u0142y i energi\u0119 kinetyczn\u0105 punktu materialnego,<br \/>\np\u0119d i moment p\u0119du punktu materialnego,<br \/>\ndynamik\u0119 ruchu wzgl\u0119dnego punktu materialnego,<br \/>\ngeometri\u0119 mas,<br \/>\nruch post\u0119powy, obrotowy i p\u0142aski cia\u0142a sztywnego,<br \/>\nruch kulisty i og\u00f3lny cia\u0142a sztywnego,<br \/>\nelementy dynamiki analitycznej,<br \/>\nteori\u0119 uderzenia.<\/p>\n<p>Wysoki poziom merytoryczny, a jednocze\u015bnie niezbyt wyszukany aparat matematyczny stanowi o du\u017cych walorach dydaktycznych tego podr\u0119cznika.<\/p>\n","protected":false},"excerpt":{"rendered":"<p>Autor: Jerzy Leyko Wydawca: Wydawnictwo Naukowe PWN Oprawa: Mi\u0119kka Format: [&hellip;]<\/p>\n","protected":false},"featured_media":9274,"template":"","meta":[],"product_brand":[],"product_cat":[7709,41],"product_tag":[274,1871,4880,259],"class_list":{"0":"post-2373","1":"product","2":"type-product","3":"status-publish","4":"has-post-thumbnail","6":"product_cat-mechanika","7":"product_cat-nauki-techniczne","8":"product_tag-dynamika","9":"product_tag-mechanika","10":"product_tag-mechanika-ogolna","11":"product_tag-podreczniki-akademickie","13":"first","14":"instock","15":"sale","16":"shipping-taxable","17":"purchasable","18":"product-type-simple"},"_links":{"self":[{"href":"http:\/\/ksiegarnia-akademicka.pl\/index.php\/wp-json\/wp\/v2\/product\/2373","targetHints":{"allow":["GET"]}}],"collection":[{"href":"http:\/\/ksiegarnia-akademicka.pl\/index.php\/wp-json\/wp\/v2\/product"}],"about":[{"href":"http:\/\/ksiegarnia-akademicka.pl\/index.php\/wp-json\/wp\/v2\/types\/product"}],"wp:featuredmedia":[{"embeddable":true,"href":"http:\/\/ksiegarnia-akademicka.pl\/index.php\/wp-json\/wp\/v2\/media\/9274"}],"wp:attachment":[{"href":"http:\/\/ksiegarnia-akademicka.pl\/index.php\/wp-json\/wp\/v2\/media?parent=2373"}],"wp:term":[{"taxonomy":"product_brand","embeddable":true,"href":"http:\/\/ksiegarnia-akademicka.pl\/index.php\/wp-json\/wp\/v2\/product_brand?post=2373"},{"taxonomy":"product_cat","embeddable":true,"href":"http:\/\/ksiegarnia-akademicka.pl\/index.php\/wp-json\/wp\/v2\/product_cat?post=2373"},{"taxonomy":"product_tag","embeddable":true,"href":"http:\/\/ksiegarnia-akademicka.pl\/index.php\/wp-json\/wp\/v2\/product_tag?post=2373"}],"curies":[{"name":"wp","href":"https:\/\/api.w.org\/{rel}","templated":true}]}}