{"id":2284,"date":"2018-05-22T12:45:28","date_gmt":"2018-05-22T10:45:28","guid":{"rendered":"http:\/\/ksiegarnia-akademicka.pl\/index.php\/product\/postepowanie-administracyjne-postepowanie-egzekucyjne-w-administracji-i-postepowanie-sadowoadministracyjne\/"},"modified":"2024-12-04T13:26:13","modified_gmt":"2024-12-04T12:26:13","slug":"postepowanie-administracyjne-postepowanie-egzekucyjne-w-administracji-i-postepowanie-sadowoadministracyjne","status":"publish","type":"product","link":"http:\/\/ksiegarnia-akademicka.pl\/index.php\/product\/postepowanie-administracyjne-postepowanie-egzekucyjne-w-administracji-i-postepowanie-sadowoadministracyjne\/","title":{"rendered":"Post\u0119powanie administracyjne, post\u0119powanie egzekucyjne w administracji i post\u0119powanie s\u0105dowoadministracyjne"},"content":{"rendered":"<p>Autor:<br \/>\nZbigniew Kmiecik<br \/>\nWydawca: Wolters Kluwer<br \/>\nOprawa: Mi\u0119kka<br \/>\nLiczba stron: 468<br \/>\nWydanie: 5<br \/>\nRok wydania: 2019<br \/>\nJ\u0119zyk wydania: polski<\/p>\n<p>Podr\u0119cznik stanowi przyst\u0119pny wyk\u0142ad z zakresu post\u0119powania administracyjnego w \u015bcis\u0142ym znaczeniu (tzw. jurysdykcyjnego), post\u0119powania w sprawach wydawania za\u015bwiadcze\u0144, post\u0119powania w sprawach skarg i wniosk\u00f3w, post\u0119powania egzekucyjnego w administracji oraz post\u0119powania przed s\u0105dami administracyjnymi.<\/p>\n<p>Ca\u0142o\u015b\u0107 uzupe\u0142nia om\u00f3wienie najwa\u017cniejszych zagadnie\u0144 og\u00f3lnych, wprowadzaj\u0105cych czytelnika w zasadnicz\u0105 problematyk\u0119 opracowania.<br \/>\nPi\u0105te wydanie zosta\u0142o zaktualizowane o nowe regulacje prawne, m.in. w zakresie zagadnie\u0144 dotycz\u0105cych:<br \/>\n&#8211; mediacji,<br \/>\n&#8211; milcz\u0105cego za\u0142atwienia sprawy,<br \/>\n&#8211; post\u0119powania uproszczonego,<br \/>\n&#8211; sprzeciwu od decyzji w post\u0119powaniu s\u0105dowoadministracyjnym.<br \/>\nPodr\u0119cznik ma skondensowan\u0105 form\u0119 i przejrzysty uk\u0142ad, a zrozumienie i przyswojenie omawianych zagadnie\u0144 u\u0142atwi\u0105 liczne wyliczenia, przyk\u0142ady, a tak\u017ce por\u00f3wnania pokrewnych lub podobnych kwestii i poj\u0119\u0107. Dodatkowo szczeg\u00f3\u0142owo zosta\u0142y om\u00f3wione problemy niejasne w \u015bwietle przepis\u00f3w prawa oraz budz\u0105ce kontrowersje w doktrynie i orzecznictwie s\u0105dowym.<\/p>\n","protected":false},"excerpt":{"rendered":"<p>Autor: Zbigniew Kmiecik Wydawca: Wolters Kluwer Oprawa: Mi\u0119kka Liczba stron: [&hellip;]<\/p>\n","protected":false},"featured_media":10643,"template":"","meta":[],"product_brand":[],"product_cat":[7492,18],"product_tag":[564,623,4094,485,330],"class_list":{"0":"post-2284","1":"product","2":"type-product","3":"status-publish","4":"has-post-thumbnail","6":"product_cat-administracyjne","7":"product_cat-prawo","8":"product_tag-postepowanie-administracyjne","9":"product_tag-postepowanie-egzekucyjne","10":"product_tag-postepowanie-sadowoadministracyjne","11":"product_tag-prawo-administracyjne","12":"product_tag-seria-akademicka","14":"first","15":"instock","16":"sale","17":"shipping-taxable","18":"purchasable","19":"product-type-simple"},"_links":{"self":[{"href":"http:\/\/ksiegarnia-akademicka.pl\/index.php\/wp-json\/wp\/v2\/product\/2284","targetHints":{"allow":["GET"]}}],"collection":[{"href":"http:\/\/ksiegarnia-akademicka.pl\/index.php\/wp-json\/wp\/v2\/product"}],"about":[{"href":"http:\/\/ksiegarnia-akademicka.pl\/index.php\/wp-json\/wp\/v2\/types\/product"}],"wp:featuredmedia":[{"embeddable":true,"href":"http:\/\/ksiegarnia-akademicka.pl\/index.php\/wp-json\/wp\/v2\/media\/10643"}],"wp:attachment":[{"href":"http:\/\/ksiegarnia-akademicka.pl\/index.php\/wp-json\/wp\/v2\/media?parent=2284"}],"wp:term":[{"taxonomy":"product_brand","embeddable":true,"href":"http:\/\/ksiegarnia-akademicka.pl\/index.php\/wp-json\/wp\/v2\/product_brand?post=2284"},{"taxonomy":"product_cat","embeddable":true,"href":"http:\/\/ksiegarnia-akademicka.pl\/index.php\/wp-json\/wp\/v2\/product_cat?post=2284"},{"taxonomy":"product_tag","embeddable":true,"href":"http:\/\/ksiegarnia-akademicka.pl\/index.php\/wp-json\/wp\/v2\/product_tag?post=2284"}],"curies":[{"name":"wp","href":"https:\/\/api.w.org\/{rel}","templated":true}]}}