{"id":21798,"date":"2026-03-18T09:40:05","date_gmt":"2026-03-18T08:40:05","guid":{"rendered":"http:\/\/ksiegarnia-akademicka.pl\/?post_type=product&#038;p=21798"},"modified":"2026-03-18T09:40:06","modified_gmt":"2026-03-18T08:40:06","slug":"prawo-o-adwokaturze-twoje-prawo","status":"publish","type":"product","link":"http:\/\/ksiegarnia-akademicka.pl\/index.php\/product\/prawo-o-adwokaturze-twoje-prawo\/","title":{"rendered":"Prawo o adwokaturze Twoje Prawo"},"content":{"rendered":"<p>Wydawnictwo: C.H. Beck<\/p>\n<p>Seria: Twoje Prawo<\/p>\n<p>Rok wydania: 2026<\/p>\n<p>Wydanie: 17<\/p>\n<p>Oprawa: Mi\u0119kka<\/p>\n<p>Liczba stron: 418<\/p>\n<p>Wymiary: 122&#215;175 mm<\/p>\n<p>Waga: 280 g<\/p>\n<p>ISBN:\u00a0978-83-8411-615-9<\/p>\n<p>&nbsp;<\/p>\n<p><strong>Stan prawny: 15 lutego 2026 r.<\/strong><\/p>\n<p>Ksi\u0105\u017cka zawiera:<\/p>\n<ul>\n<li>Ustaw\u0119 Prawo o adwokaturze,<\/li>\n<li>Kodeks Post\u0119powania Adwokat\u00f3w Europejskich,<\/li>\n<li>Ustaw\u0119 o \u015bwiadczeniu przez prawnik\u00f3w zagranicznych pomocy prawnej w Rzeczypospolitej Polskiej,<\/li>\n<li>Regulaminy,<\/li>\n<li>Obwieszczenia, uchwa\u0142y i rozporz\u0105dzenia,<\/li>\n<li>Indeks rzeczowy.<\/li>\n<\/ul>\n","protected":false},"excerpt":{"rendered":"<p>Wydawnictwo: C.H. Beck Seria: Twoje Prawo Rok wydania: 2026 Wydanie: [&hellip;]<\/p>\n","protected":false},"featured_media":21799,"template":"","meta":[],"product_brand":[],"product_cat":[7530,7497,18],"product_tag":[4570,2240],"class_list":{"0":"post-21798","1":"product","2":"type-product","3":"status-publish","4":"has-post-thumbnail","6":"product_cat-nowosci","7":"product_cat-ogolne-zagadnienia-prawa","8":"product_cat-prawo","9":"product_tag-prawo-o-adwokaturze","10":"product_tag-seria-twoje-prawo","12":"first","13":"instock","14":"sale","15":"shipping-taxable","16":"purchasable","17":"product-type-simple"},"_links":{"self":[{"href":"http:\/\/ksiegarnia-akademicka.pl\/index.php\/wp-json\/wp\/v2\/product\/21798","targetHints":{"allow":["GET"]}}],"collection":[{"href":"http:\/\/ksiegarnia-akademicka.pl\/index.php\/wp-json\/wp\/v2\/product"}],"about":[{"href":"http:\/\/ksiegarnia-akademicka.pl\/index.php\/wp-json\/wp\/v2\/types\/product"}],"wp:featuredmedia":[{"embeddable":true,"href":"http:\/\/ksiegarnia-akademicka.pl\/index.php\/wp-json\/wp\/v2\/media\/21799"}],"wp:attachment":[{"href":"http:\/\/ksiegarnia-akademicka.pl\/index.php\/wp-json\/wp\/v2\/media?parent=21798"}],"wp:term":[{"taxonomy":"product_brand","embeddable":true,"href":"http:\/\/ksiegarnia-akademicka.pl\/index.php\/wp-json\/wp\/v2\/product_brand?post=21798"},{"taxonomy":"product_cat","embeddable":true,"href":"http:\/\/ksiegarnia-akademicka.pl\/index.php\/wp-json\/wp\/v2\/product_cat?post=21798"},{"taxonomy":"product_tag","embeddable":true,"href":"http:\/\/ksiegarnia-akademicka.pl\/index.php\/wp-json\/wp\/v2\/product_tag?post=21798"}],"curies":[{"name":"wp","href":"https:\/\/api.w.org\/{rel}","templated":true}]}}