{"id":21777,"date":"2026-03-11T10:17:36","date_gmt":"2026-03-11T09:17:36","guid":{"rendered":"http:\/\/ksiegarnia-akademicka.pl\/?post_type=product&#038;p=21777"},"modified":"2026-03-11T10:17:36","modified_gmt":"2026-03-11T09:17:36","slug":"interpretacja-ekg-kurs-podstawowy-zeszyt-cwiczen","status":"publish","type":"product","link":"http:\/\/ksiegarnia-akademicka.pl\/index.php\/product\/interpretacja-ekg-kurs-podstawowy-zeszyt-cwiczen\/","title":{"rendered":"Interpretacja EKG. Kurs podstawowy. Zeszyt \u0107wicze\u0144"},"content":{"rendered":"<p>Autor: Ma\u0142gorzata Kurpesa ., Bartosz Szafran<\/p>\n<p>Wydawnictwo: PZWL<\/p>\n<p>Rok wydania: 2020<\/p>\n<p>ISBN: 978-83-200-5976-2<\/p>\n<p>Strony: 120<\/p>\n<p>&nbsp;<\/p>\n<p>Po podr\u0119czniku Interpretacja EKG. Kurs podstawowy, przekazujemy w Pa\u0144stwa r\u0119ce zeszyt zawieraj\u0105cy rzeczywiste zapisy EKG wraz z pytaniami do ich interpretacji. Mamy nadziej\u0119, \u017ce pomog\u0105 zweryfikowa\u0107 i sprawdzi\u0107 wiedz\u0119 z tego zakresu. Publikacja wydana pod patronatem Sekcji Elektrokardiologii Nieinwazyjnej i Telemedycyny Polskiego Towarzystwa Kardiologicznego skierowana g\u0142\u00f3wnie do internist\u00f3w, lekarzy rodzinnych oraz os\u00f3b rozpoczynaj\u0105cych specjalizacj\u0119 z kardiologii. B\u0119dzie r\u00f3wnie\u017c przydatna dla ratownik\u00f3w medycznych, piel\u0119gniarek, zainteresowanych kardiologi\u0105 student\u00f3w i wszystkich, kt\u00f3rzy chcieliby wkroczy\u0107 na trudn\u0105 drog\u0119 zdobywania bieg\u0142o\u015bci w sztuce interpretacji EKG.<\/p>\n<p>Publikacja pod patronatem Sekcji Elektrokardiologii Nieinwazyjnej i Telemedycyny Polskiego Towarzystwa Kardiologicznego (SENiT PTK), zawiera 50 wykres\u00f3w EKG, z pytaniami do sprawdzenia wiedzy oraz pe\u0142nymi prawid\u0142owymi opisami. Skierowana g\u0142\u00f3wnie do internist\u00f3w, lekarzy rodzinnych oraz os\u00f3b rozpoczynaj\u0105cych specjalizacj\u0119 z kardiologii. B\u0119dzie r\u00f3wnie\u017c przydatna dla ratownik\u00f3w medycznych, piel\u0119gniarek, zainteresowanych kardiologi\u0105 student\u00f3w i wszystkich, kt\u00f3rzy chcieliby wkroczy\u0107 na trudn\u0105 drog\u0119 zdobywania bieg\u0142o\u015bci w sztuce interpretacji EKG.<\/p>\n","protected":false},"excerpt":{"rendered":"<p>Autor: Ma\u0142gorzata Kurpesa ., Bartosz Szafran Wydawnictwo: PZWL Rok wydania: [&hellip;]<\/p>\n","protected":false},"featured_media":21778,"template":"","meta":[],"product_brand":[],"product_cat":[7991,7493],"product_tag":[6545,2312,7057],"class_list":{"0":"post-21777","1":"product","2":"type-product","3":"status-publish","4":"has-post-thumbnail","6":"product_cat-kardiologia","7":"product_cat-medycyna","8":"product_tag-ekg","9":"product_tag-interpretacja-wynikow","10":"product_tag-kardiologia","12":"first","13":"instock","14":"sale","15":"shipping-taxable","16":"purchasable","17":"product-type-simple"},"_links":{"self":[{"href":"http:\/\/ksiegarnia-akademicka.pl\/index.php\/wp-json\/wp\/v2\/product\/21777","targetHints":{"allow":["GET"]}}],"collection":[{"href":"http:\/\/ksiegarnia-akademicka.pl\/index.php\/wp-json\/wp\/v2\/product"}],"about":[{"href":"http:\/\/ksiegarnia-akademicka.pl\/index.php\/wp-json\/wp\/v2\/types\/product"}],"wp:featuredmedia":[{"embeddable":true,"href":"http:\/\/ksiegarnia-akademicka.pl\/index.php\/wp-json\/wp\/v2\/media\/21778"}],"wp:attachment":[{"href":"http:\/\/ksiegarnia-akademicka.pl\/index.php\/wp-json\/wp\/v2\/media?parent=21777"}],"wp:term":[{"taxonomy":"product_brand","embeddable":true,"href":"http:\/\/ksiegarnia-akademicka.pl\/index.php\/wp-json\/wp\/v2\/product_brand?post=21777"},{"taxonomy":"product_cat","embeddable":true,"href":"http:\/\/ksiegarnia-akademicka.pl\/index.php\/wp-json\/wp\/v2\/product_cat?post=21777"},{"taxonomy":"product_tag","embeddable":true,"href":"http:\/\/ksiegarnia-akademicka.pl\/index.php\/wp-json\/wp\/v2\/product_tag?post=21777"}],"curies":[{"name":"wp","href":"https:\/\/api.w.org\/{rel}","templated":true}]}}