{"id":21760,"date":"2026-03-04T09:16:39","date_gmt":"2026-03-04T08:16:39","guid":{"rendered":"http:\/\/ksiegarnia-akademicka.pl\/?post_type=product&#038;p=21760"},"modified":"2026-03-04T09:17:03","modified_gmt":"2026-03-04T08:17:03","slug":"zamowienia-w-dziedzinach-obronnosci-i-bezpieczenstwa-komentarz-praktyczny","status":"publish","type":"product","link":"http:\/\/ksiegarnia-akademicka.pl\/index.php\/product\/zamowienia-w-dziedzinach-obronnosci-i-bezpieczenstwa-komentarz-praktyczny\/","title":{"rendered":"Zam\u00f3wienia w dziedzinach obronno\u015bci i bezpiecze\u0144stwa. Komentarz praktyczny"},"content":{"rendered":"<p>Autor:\u00a0Kinga Kapczy\u0144ska,\u00a0Patryk Pankowski,\u00a0r.pr. Weronika Sander,\u00a0Szymon Siuda,\u00a0adw. Micha\u0142 Wojciechowski<\/p>\n<p>Wydawnictwo: C.H. Beck<\/p>\n<p>Seria: Kr\u00f3tkie Komentarze Becka<\/p>\n<p>Rok wydania: 2026<\/p>\n<p>Oprawa: Mi\u0119kka ze skrzyde\u0142kami<\/p>\n<p>Liczba stron: 216<\/p>\n<p>Wymiary: 145&#215;205 mm<\/p>\n<p>Waga:\u00a0280 g<\/p>\n<p>&nbsp;<\/p>\n<p>Kompleksowy\u00a0<strong>komentarz do dzia\u0142u VI ustawy z 11.9.2019 r. \u2013 Prawo zam\u00f3wie\u0144 publicznych<\/strong>\u00a0(t.j. Dz.U. z 2024 r. poz. 1320 ze zm.), obejmuj\u0105cego\u00a0<strong>szczeg\u00f3ln\u0105 kategori\u0119 zam\u00f3wie\u0144 publicznych \u2013 zam\u00f3wienia w dziedzinach obronno\u015bci i bezpiecze\u0144stwa<\/strong>.<\/p>\n<p>Opracowanie zawiera\u00a0<strong>praktyczne wskaz\u00f3wki<\/strong>\u00a0odnosz\u0105ce si\u0119 do\u00a0<strong>problem\u00f3w najcz\u0119\u015bciej pojawiaj\u0105cych si\u0119 w toku przygotowania i realizacji tych zam\u00f3wie\u0144<\/strong>. Komentarz pozwala w szczeg\u00f3lno\u015bci uchwyci\u0107\u00a0<strong>odmienno\u015bci proceduralne<\/strong>\u00a0oraz\u00a0<strong>specyfik\u0119 dzia\u0142a\u0144<\/strong>\u00a0podejmowanych przez zamawiaj\u0105cych i wykonawc\u00f3w w ramach post\u0119powa\u0144 prowadzonych na podstawie dzia\u0142u VI PrZamPubl w stosunku do zam\u00f3wie\u0144 klasycznych i sektorowych. Mo\u017ce to okaza\u0107 si\u0119 istotne dla zamawiaj\u0105cych, kt\u00f3rych dzia\u0142alno\u015b\u0107 obejmuje obszar obronno\u015bci i bezpiecze\u0144stwa.<\/p>\n<p>Prezentacja tych zagadnie\u0144 z perspektywy praktyki stosowania prawa b\u0119dzie szczeg\u00f3lnie cenna r\u00f3wnie\u017c dla wykonawc\u00f3w, zw\u0142aszcza w sytuacjach korzystania ze \u015brodk\u00f3w ochrony prawnej i kwestionowania rozstrzygni\u0119\u0107 zamawiaj\u0105cych.<\/p>\n<p>Ksi\u0105\u017cka adresowana jest do szerokiego grona odbiorc\u00f3w: prawnik\u00f3w praktyk\u00f3w (<strong>adwokat\u00f3w<\/strong>,\u00a0<strong>radc\u00f3w prawnych<\/strong>,\u00a0<strong>s\u0119dzi\u00f3w<\/strong>), przedstawicieli\u00a0<strong>zamawiaj\u0105cych<\/strong>\u00a0i\u00a0<strong>wykonawc\u00f3w<\/strong>\u00a0aktywnych na rynku zam\u00f3wie\u0144 w dziedzinach obronno\u015bci i bezpiecze\u0144stwa, a tak\u017ce\u00a0<strong>os\u00f3b odpowiedzialnych za bezpiecze\u0144stwo narodowe w strukturach administracji publicznej<\/strong>.<\/p>\n","protected":false},"excerpt":{"rendered":"<p>Autor:\u00a0Kinga Kapczy\u0144ska,\u00a0Patryk Pankowski,\u00a0r.pr. Weronika Sander,\u00a0Szymon Siuda,\u00a0adw. Micha\u0142 Wojciechowski Wydawnictwo: C.H. [&hellip;]<\/p>\n","protected":false},"featured_media":21761,"template":"","meta":[],"product_brand":[],"product_cat":[7492,7495,7530,18],"product_tag":[4394,5166],"class_list":{"0":"post-21760","1":"product","2":"type-product","3":"status-publish","4":"has-post-thumbnail","6":"product_cat-administracyjne","7":"product_cat-gospodarcze-i-handlowe","8":"product_cat-nowosci","9":"product_cat-prawo","10":"product_tag-prawo-zamowien-publicznych","11":"product_tag-seria-krotkie-komentarze-becka","13":"first","14":"instock","15":"sale","16":"shipping-taxable","17":"purchasable","18":"product-type-simple"},"_links":{"self":[{"href":"http:\/\/ksiegarnia-akademicka.pl\/index.php\/wp-json\/wp\/v2\/product\/21760","targetHints":{"allow":["GET"]}}],"collection":[{"href":"http:\/\/ksiegarnia-akademicka.pl\/index.php\/wp-json\/wp\/v2\/product"}],"about":[{"href":"http:\/\/ksiegarnia-akademicka.pl\/index.php\/wp-json\/wp\/v2\/types\/product"}],"wp:featuredmedia":[{"embeddable":true,"href":"http:\/\/ksiegarnia-akademicka.pl\/index.php\/wp-json\/wp\/v2\/media\/21761"}],"wp:attachment":[{"href":"http:\/\/ksiegarnia-akademicka.pl\/index.php\/wp-json\/wp\/v2\/media?parent=21760"}],"wp:term":[{"taxonomy":"product_brand","embeddable":true,"href":"http:\/\/ksiegarnia-akademicka.pl\/index.php\/wp-json\/wp\/v2\/product_brand?post=21760"},{"taxonomy":"product_cat","embeddable":true,"href":"http:\/\/ksiegarnia-akademicka.pl\/index.php\/wp-json\/wp\/v2\/product_cat?post=21760"},{"taxonomy":"product_tag","embeddable":true,"href":"http:\/\/ksiegarnia-akademicka.pl\/index.php\/wp-json\/wp\/v2\/product_tag?post=21760"}],"curies":[{"name":"wp","href":"https:\/\/api.w.org\/{rel}","templated":true}]}}