{"id":21758,"date":"2026-03-04T09:12:39","date_gmt":"2026-03-04T08:12:39","guid":{"rendered":"http:\/\/ksiegarnia-akademicka.pl\/?post_type=product&#038;p=21758"},"modified":"2026-03-04T09:12:40","modified_gmt":"2026-03-04T08:12:40","slug":"prawo-budowlane-komentarz-2","status":"publish","type":"product","link":"http:\/\/ksiegarnia-akademicka.pl\/index.php\/product\/prawo-budowlane-komentarz-2\/","title":{"rendered":"Prawo budowlane. Komentarz"},"content":{"rendered":"<p>Redakcja:\u00a0prof. dr hab. Zygmunt Konrad Niewiadomski, s\u0119dzia NSA w st. spocz.<\/p>\n<p>Autor:\u00a0Tomasz Asman,\u00a0SSO (del. do SA) J\u0119drzej Dessoulavy-\u015aliwi\u0144ski,\u00a0El\u017cbieta Janiszewska-Kuropatwa,\u00a0dr Krzysztof Kucharski,\u00a0s\u0119dzia NSA w st. spocz. Alicja Pluci\u0144ska-Filipowicz,\u00a0s\u0119dzia NSA Jerzy Siegie\u0144<\/p>\n<p>Wydawnictwo: C.H. Beck<\/p>\n<p>Seria: Komentarze Kompaktowe<\/p>\n<p>Rok wydania: 2026<\/p>\n<p>Wydanie: 13<\/p>\n<p>Oprawa: Mi\u0119kka<\/p>\n<p>Liczba stron: 708<\/p>\n<p>Wymiary: 160&#215;240 mm<\/p>\n<p>Waga:\u00a01220 g<\/p>\n<p>&nbsp;<\/p>\n<p>Komentarz stanowi kompleksowe\u00a0<strong>om\u00f3wienie ustawy z 7.7.1994 r. \u2013 Prawo budowlane<\/strong>\u00a0(t.j. Dz.U. z 2025 r. poz. 418), reguluj\u0105cej zagadnienia dotycz\u0105ce\u00a0<strong>projektowania, budowy, utrzymania i rozbi\u00f3rki obiekt\u00f3w budowlanych oraz zasady dzia\u0142ania organ\u00f3w administracji publicznej<\/strong>\u00a0w tym zakresie.<\/p>\n<p>W publikacji uwzgl\u0119dniono wszystkie nowelizacje ustawy, kt\u00f3re ukaza\u0142y si\u0119 od ostatniej edycji, zawarte w:<\/p>\n<ul>\n<li>ustawie z 15.5.2024 r. o zmianie niekt\u00f3rych ustaw zwi\u0105zanych z funkcjonowaniem administracji rz\u0105dowej (Dz.U. z 2024 r. poz. 834). Zmiana dotyczy rozszerzenia kompetencji ministra ds. surowc\u00f3w energetycznych oraz modyfikacji zasad udzia\u0142u ABW i AW w procedurach inwestycji energetycznych.<\/li>\n<li>ustawie z 12.7.2024 r. Przepisy wprowadzaj\u0105ce ustaw\u0119 \u2013 Prawo komunikacji elektronicznej (Dz.U. z 2024 r. poz. 1222). Nowelizacja uwzgl\u0119dnia zwolnienia instalacji punkt\u00f3w dost\u0119pu bezprzewodowego o bliskim zasi\u0119gu z obowi\u0105zku uzyskania pozwolenia na budow\u0119 i zg\u0142oszenia rob\u00f3t budowlanych.<\/li>\n<li>ustawie z 27.11.2024 r. o zmianie ustawy o odnawialnych \u017ar\u00f3d\u0142ach energii oraz niekt\u00f3rych innych ustaw (Dz.U. z 2024 r. poz. 1847). Przepisy ustanawiaj\u0105 skr\u00f3cone terminy wydawania decyzji administracyjnych dla instalacji OZE na budynkach.<\/li>\n<li>ustawie z 21.11.2024 r. o zmianie ustawy \u2013 Prawo energetyczne oraz niekt\u00f3rych innych ustaw (Dz.U. z 2024 r. poz. 1881). Nowelizacja dotyczy uproszczenia przepis\u00f3w budowlanych dla infrastruktury wodorowej poprzez uznanie uprawnie\u0144 gazowych za wystarczaj\u0105ce oraz ograniczenie obowi\u0105zku uzyskiwania pozwole\u0144 na budow\u0119.<\/li>\n<\/ul>\n<p><strong>13. wydanie zosta\u0142o uaktualnione do stanu prawnego obowi\u0105zuj\u0105cego na dzie\u0144 7 stycznia 2026 r.<\/strong><\/p>\n<p>Uwzgl\u0119dnia zatem najnowsze i przysz\u0142e zmiany wprowadzone:<\/p>\n<ul>\n<li>ustaw\u0105 z 4.12.2025 r. o zmianie ustawy \u2013 Prawo budowlane oraz niekt\u00f3rych innych ustaw (Dz.U. z 2025 r. poz. 1847);<\/li>\n<li>ustaw\u0105 z 9.10.2025 r. o zmianie ustawy o ochronie zabytk\u00f3w i opiece nad zabytkami oraz niekt\u00f3rych innych ustaw (Dz.U. z 2025 r. poz. 1673);<\/li>\n<li>ustaw\u0105 z 9.10.2025 r. o zmianie ustawy o promowaniu wytwarzania energii elektrycznej w morskich farmach wiatrowych oraz niekt\u00f3rych innych ustaw (Dz.U. z 2025 r. poz. 1535) oraz<\/li>\n<li>ustaw\u0105 z 25.7.2025 r. o szczeg\u00f3lnych zasadach przygotowania i realizacji strategicznych inwestycji w zakresie potrzeb obronno\u015bci pa\u0144stwa lub kluczowych inwestycji w zakresie potrzeb obronno\u015bci pa\u0144stwa lub bezpiecze\u0144stwa publicznego oraz ustanawiania stref ochronnych teren\u00f3w zamkni\u0119tych (Dz.U. z 2025 r. poz. 1080).<\/li>\n<\/ul>\n<p>Autorzy odnosz\u0105 si\u0119 do zmienianych przepis\u00f3w w zakresie m.in.:<\/p>\n<ul>\n<li>rozszerzenia katalogu inwestycji budowlanych niewymagaj\u0105cych decyzji o pozwoleniu na budow\u0119, a wymagaj\u0105cych jedynie dokonania zg\u0142oszenia, doprecyzowuj\u0105c t\u0119 procedur\u0119;<\/li>\n<li>obowi\u0105zku zawiadomienia organ\u00f3w Pa\u0144stwowej Stra\u017cy Po\u017carnej o zako\u0144czeniu instalowania instalacji OZE oraz w przypadkach wymagaj\u0105cych uzgodnienia pod wzgl\u0119dem ochrony przeciwpo\u017carowej;<\/li>\n<li>obowi\u0105zku przedstawienia projektu instalowania na obiekcie budowlanym urz\u0105dze\u0144 technicznych wraz z masztami, s\u0142u\u017c\u0105cych do wytwarzania energii elektrycznej z energii wiatru;<\/li>\n<li>obowi\u0105zku wskazania obiekt\u00f3w budowlanych, dla kt\u00f3rych, pomimo zwolnienia z pozwolenia na budow\u0119, istnieje obowi\u0105zek wykonania geodezyjnej inwentaryzacji powykonawczej;<\/li>\n<li>uchylenia przepis\u00f3w zwi\u0105zanych z oddaniem do u\u017cytkowania inwestycji Krajowego Zasobu Nieruchomo\u015bci.<\/li>\n<\/ul>\n<p>Opracowanie\u00a0<strong>odpowiada na konkretne problemy<\/strong>\u00a0pojawiaj\u0105ce si\u0119 w stosowaniu przepis\u00f3w ustawy \u2013 Prawo budowlane. Autorzy, a w\u015br\u00f3d nich s\u0119dziowie NSA, powo\u0142uj\u0105\u00a0<strong>bogate orzecznictwo s\u0105dowe i dorobek doktryny<\/strong>, co pozwala na zapoznanie si\u0119 z interpretacjami przepis\u00f3w na tle ca\u0142okszta\u0142tu rozwi\u0105za\u0144 prawnych w okre\u015blonych dziedzinach.<\/p>\n<p>Komentarz adresowany jest do uczestnik\u00f3w procesu budowlanego, w szczeg\u00f3lno\u015bci inwestor\u00f3w, pracownik\u00f3w organ\u00f3w administracji publicznej rz\u0105dowej, jak i samorz\u0105dowej oraz adwokat\u00f3w, radc\u00f3w prawnych i s\u0119dzi\u00f3w. Stanowi nieocenion\u0105 baz\u0119 wiedzy dla doktorant\u00f3w i aplikant\u00f3w zawod\u00f3w prawniczych.<\/p>\n","protected":false},"excerpt":{"rendered":"<p>Redakcja:\u00a0prof. dr hab. Zygmunt Konrad Niewiadomski, s\u0119dzia NSA w st. [&hellip;]<\/p>\n","protected":false},"featured_media":21759,"template":"","meta":[],"product_brand":[],"product_cat":[7492,7836,7530,18],"product_tag":[4576,6849],"class_list":{"0":"post-21758","1":"product","2":"type-product","3":"status-publish","4":"has-post-thumbnail","6":"product_cat-administracyjne","7":"product_cat-budownictwo","8":"product_cat-nowosci","9":"product_cat-prawo","10":"product_tag-prawo-budowlane","11":"product_tag-seria-komentarze-kompaktowe","13":"first","14":"instock","15":"sale","16":"shipping-taxable","17":"purchasable","18":"product-type-simple"},"_links":{"self":[{"href":"http:\/\/ksiegarnia-akademicka.pl\/index.php\/wp-json\/wp\/v2\/product\/21758","targetHints":{"allow":["GET"]}}],"collection":[{"href":"http:\/\/ksiegarnia-akademicka.pl\/index.php\/wp-json\/wp\/v2\/product"}],"about":[{"href":"http:\/\/ksiegarnia-akademicka.pl\/index.php\/wp-json\/wp\/v2\/types\/product"}],"wp:featuredmedia":[{"embeddable":true,"href":"http:\/\/ksiegarnia-akademicka.pl\/index.php\/wp-json\/wp\/v2\/media\/21759"}],"wp:attachment":[{"href":"http:\/\/ksiegarnia-akademicka.pl\/index.php\/wp-json\/wp\/v2\/media?parent=21758"}],"wp:term":[{"taxonomy":"product_brand","embeddable":true,"href":"http:\/\/ksiegarnia-akademicka.pl\/index.php\/wp-json\/wp\/v2\/product_brand?post=21758"},{"taxonomy":"product_cat","embeddable":true,"href":"http:\/\/ksiegarnia-akademicka.pl\/index.php\/wp-json\/wp\/v2\/product_cat?post=21758"},{"taxonomy":"product_tag","embeddable":true,"href":"http:\/\/ksiegarnia-akademicka.pl\/index.php\/wp-json\/wp\/v2\/product_tag?post=21758"}],"curies":[{"name":"wp","href":"https:\/\/api.w.org\/{rel}","templated":true}]}}