{"id":21656,"date":"2026-01-15T15:06:36","date_gmt":"2026-01-15T14:06:36","guid":{"rendered":"http:\/\/ksiegarnia-akademicka.pl\/?post_type=product&#038;p=21656"},"modified":"2026-01-15T15:07:08","modified_gmt":"2026-01-15T14:07:08","slug":"prawo-cywilne-w-pigulce-zobowiazania-spadki-testy-online","status":"publish","type":"product","link":"http:\/\/ksiegarnia-akademicka.pl\/index.php\/product\/prawo-cywilne-w-pigulce-zobowiazania-spadki-testy-online\/","title":{"rendered":"Prawo cywilne w pigu\u0142ce. Zobowi\u0105zania. Spadki + testy online"},"content":{"rendered":"<p>Wydawnictwo: C.H. Beck<\/p>\n<p>Seria: Prawo w pigu\u0142ce<\/p>\n<p>Rok wydania: 2026<\/p>\n<p>Wydanie: 4<\/p>\n<p>Oprawa: Mi\u0119kka<\/p>\n<p>Liczba stron: 296<\/p>\n<p>Wymiary: 145&#215;190 mm<\/p>\n<p>Waga:\u00a0280 g<\/p>\n<p>&nbsp;<\/p>\n<p>Publikacja to<strong>\u00a0kompleksowe opracowanie do nauki i powt\u00f3rki przed egzaminem<\/strong>. W ksi\u0105\u017cce zosta\u0142y zawarte najwa\u017cniejsze zagadnienia z zakresu prawa cywilnego (zobowi\u0105za\u0144 i spadk\u00f3w).<\/p>\n<p>Opracowanie zosta\u0142o podzielone na\u00a0<strong>2 dzia\u0142y tematyczne<\/strong>, w kt\u00f3rych znajdziesz\u00a0<strong>4 cz\u0119\u015bci<\/strong>\u00a0omawiaj\u0105ce m.in:<\/p>\n<ul>\n<li>cz\u0119\u015b\u0107 og\u00f3ln\u0105 oraz cz\u0119\u015b\u0107 szczeg\u00f3\u0142ow\u0105 zobowi\u0105za\u0144,<\/li>\n<li>zagadnienia zwi\u0105zane z dziedziczeniem,<\/li>\n<li>umowy w prawie spadkowym.<\/li>\n<\/ul>\n<p>Na ko\u0144cu ka\u017cdej z cz\u0119\u015bci znajduje si\u0119\u00a0<strong>test<\/strong>, dzi\u0119ki kt\u00f3remu mo\u017cesz sprawdzi\u0107 poziom zdobytej wiedzy.<\/p>\n<p>Stan prawny\u00a0<strong>1 stycznia 2026 r.<\/strong><\/p>\n","protected":false},"excerpt":{"rendered":"<p>Wydawnictwo: C.H. Beck Seria: Prawo w pigu\u0142ce Rok wydania: 2026 [&hellip;]<\/p>\n","protected":false},"featured_media":21657,"template":"","meta":[],"product_brand":[],"product_cat":[7491,7530,18],"product_tag":[615,6817,1386,700],"class_list":{"0":"post-21656","1":"product","2":"type-product","3":"status-publish","4":"has-post-thumbnail","6":"product_cat-cywilne","7":"product_cat-nowosci","8":"product_cat-prawo","9":"product_tag-prawo-cywilne","10":"product_tag-seria-prawo-w-pigulce","11":"product_tag-spadki","12":"product_tag-zobowiazania","14":"first","15":"instock","16":"sale","17":"shipping-taxable","18":"purchasable","19":"product-type-simple"},"_links":{"self":[{"href":"http:\/\/ksiegarnia-akademicka.pl\/index.php\/wp-json\/wp\/v2\/product\/21656","targetHints":{"allow":["GET"]}}],"collection":[{"href":"http:\/\/ksiegarnia-akademicka.pl\/index.php\/wp-json\/wp\/v2\/product"}],"about":[{"href":"http:\/\/ksiegarnia-akademicka.pl\/index.php\/wp-json\/wp\/v2\/types\/product"}],"wp:featuredmedia":[{"embeddable":true,"href":"http:\/\/ksiegarnia-akademicka.pl\/index.php\/wp-json\/wp\/v2\/media\/21657"}],"wp:attachment":[{"href":"http:\/\/ksiegarnia-akademicka.pl\/index.php\/wp-json\/wp\/v2\/media?parent=21656"}],"wp:term":[{"taxonomy":"product_brand","embeddable":true,"href":"http:\/\/ksiegarnia-akademicka.pl\/index.php\/wp-json\/wp\/v2\/product_brand?post=21656"},{"taxonomy":"product_cat","embeddable":true,"href":"http:\/\/ksiegarnia-akademicka.pl\/index.php\/wp-json\/wp\/v2\/product_cat?post=21656"},{"taxonomy":"product_tag","embeddable":true,"href":"http:\/\/ksiegarnia-akademicka.pl\/index.php\/wp-json\/wp\/v2\/product_tag?post=21656"}],"curies":[{"name":"wp","href":"https:\/\/api.w.org\/{rel}","templated":true}]}}