{"id":21624,"date":"2025-12-15T11:30:30","date_gmt":"2025-12-15T10:30:30","guid":{"rendered":"http:\/\/ksiegarnia-akademicka.pl\/?post_type=product&#038;p=21624"},"modified":"2025-12-15T11:30:31","modified_gmt":"2025-12-15T10:30:31","slug":"swiat-w-oczach-sasiadki","status":"publish","type":"product","link":"http:\/\/ksiegarnia-akademicka.pl\/index.php\/product\/swiat-w-oczach-sasiadki\/","title":{"rendered":"\u015awiat w oczach s\u0105siadki"},"content":{"rendered":"<div class=\"grupa osoby\"><span class=\"meta-head\">Autor: <\/span>Ryszard Kozio\u0142ek<\/div>\n<div class=\"grupa wydawca\"><span class=\"meta-head\">Wydawca:<\/span>\u00a0Znak<\/div>\n<div class=\"grupa dane\">\n<div>Oprawa:\u00a0<span class=\"meta-value-bold\">Twarda<\/span><\/div>\n<div>Format:\u00a0<span class=\"meta-value-bold\">14.0&#215;20.5cm<\/span><\/div>\n<div>Liczba stron:\u00a0<span class=\"meta-value-bold\">320<\/span><\/div>\n<div>Wydanie:\u00a0<span class=\"meta-value-bold\">1<\/span><\/div>\n<div>Rok wydania:\u00a0<span class=\"meta-value-bold\">2025<\/span><\/div>\n<div>J\u0119zyk wydania:\u00a0<span class=\"meta-value-bold\">polski<\/span><\/div>\n<\/div>\n<div><\/div>\n<div>Profesor Ryszard Kozio\u0142ek, znany z nieoczywistego spojrzenia na literatur\u0119 i rzeczywisto\u015b\u0107. I jego s\u0105siadka \u2013 b\u0142yskotliwie z\u0142o\u015bliwa, zjadliwie dowcipna, niewinnie prowokuj\u0105ca do stawiania wywrotowych pyta\u0144. Kiedy si\u0119 spotykaj\u0105 \u2013 czy to na klatce schodowej, czy na s\u0142ynnym katowickim Piazza Miarka \u2013 lec\u0105 iskry, a ka\u017cda rozmowa to pocz\u0105tek przygody. Czy Taylor Swift powinna by\u0107 w kanonie lektur szkolnych obok Wis\u0142awy Szymborskiej? Co \u0142\u0105czy Pana Kleksa z ChatemGPT, a Alojzego B\u0105bla z Oppenheimerem? Dlaczego Izabela \u0141\u0119cka jest polsk\u0105 Bell\u0105 Baxter z Biednych istot Jorgosa Lantimosa? I czy w \u015bwiecie jest miejsce i dla rosyjskich klasyk\u00f3w, i dla tekst\u00f3w Maty? Ka\u017cde spotkanie z Profesorem i jego s\u0105siadk\u0105 jest jak o\u017cywczy pr\u0105d i przypomina o tym, \u017ce prawd\u0119 o sobie, \u015bwiecie i \u017cyciu mo\u017cna znale\u017a\u0107 w muzyce, filmie i literaturze. Je\u015bli tylko chce si\u0119 szuka\u0107 (i rozmawia\u0107 z s\u0105siadami). Z ilustracjami Jacka \u015awidzi\u0144skiego<\/div>\n","protected":false},"excerpt":{"rendered":"<p>Autor: Ryszard Kozio\u0142ek Wydawca:\u00a0Znak Oprawa:\u00a0Twarda Format:\u00a014.0&#215;20.5cm Liczba stron:\u00a0320 Wydanie:\u00a01 Rok [&hellip;]<\/p>\n","protected":false},"featured_media":21625,"template":"","meta":[],"product_brand":[],"product_cat":[7707,7530],"product_tag":[4548],"class_list":{"0":"post-21624","1":"product","2":"type-product","3":"status-publish","4":"has-post-thumbnail","6":"product_cat-literatura","7":"product_cat-nowosci","8":"product_tag-reportaz","10":"first","11":"instock","12":"sale","13":"shipping-taxable","14":"purchasable","15":"product-type-simple"},"_links":{"self":[{"href":"http:\/\/ksiegarnia-akademicka.pl\/index.php\/wp-json\/wp\/v2\/product\/21624","targetHints":{"allow":["GET"]}}],"collection":[{"href":"http:\/\/ksiegarnia-akademicka.pl\/index.php\/wp-json\/wp\/v2\/product"}],"about":[{"href":"http:\/\/ksiegarnia-akademicka.pl\/index.php\/wp-json\/wp\/v2\/types\/product"}],"wp:featuredmedia":[{"embeddable":true,"href":"http:\/\/ksiegarnia-akademicka.pl\/index.php\/wp-json\/wp\/v2\/media\/21625"}],"wp:attachment":[{"href":"http:\/\/ksiegarnia-akademicka.pl\/index.php\/wp-json\/wp\/v2\/media?parent=21624"}],"wp:term":[{"taxonomy":"product_brand","embeddable":true,"href":"http:\/\/ksiegarnia-akademicka.pl\/index.php\/wp-json\/wp\/v2\/product_brand?post=21624"},{"taxonomy":"product_cat","embeddable":true,"href":"http:\/\/ksiegarnia-akademicka.pl\/index.php\/wp-json\/wp\/v2\/product_cat?post=21624"},{"taxonomy":"product_tag","embeddable":true,"href":"http:\/\/ksiegarnia-akademicka.pl\/index.php\/wp-json\/wp\/v2\/product_tag?post=21624"}],"curies":[{"name":"wp","href":"https:\/\/api.w.org\/{rel}","templated":true}]}}