{"id":21622,"date":"2025-12-15T10:12:09","date_gmt":"2025-12-15T09:12:09","guid":{"rendered":"http:\/\/ksiegarnia-akademicka.pl\/?post_type=product&#038;p=21622"},"modified":"2025-12-15T10:12:10","modified_gmt":"2025-12-15T09:12:10","slug":"ekg-w-medycynie-ratunkowej-tom-1","status":"publish","type":"product","link":"http:\/\/ksiegarnia-akademicka.pl\/index.php\/product\/ekg-w-medycynie-ratunkowej-tom-1\/","title":{"rendered":"EKG w medycynie ratunkowej Tom 1"},"content":{"rendered":"<div class=\"grupa osoby\"><span class=\"meta-head\">Autor: <\/span>Amal Mattu<\/div>\n<div class=\"grupa osoby\"><span class=\"meta-head-blue\">T\u0142umacze:<\/span>\u00a0<span class=\"meta-value\">Gomu\u0142ka Szymon<\/span><\/div>\n<div class=\"grupa wydawca\"><span class=\"meta-head\">Wydawca:<\/span>\u00a0G\u00f3rnicki<\/div>\n<div class=\"grupa dane\">\n<div>Oprawa:\u00a0<span class=\"meta-value-bold\">Mi\u0119kka<\/span><\/div>\n<div>Format:\u00a0<span class=\"meta-value-bold\">21.0&#215;30.0cm<\/span><\/div>\n<div>Liczba stron:\u00a0<span class=\"meta-value-bold\">172<\/span><\/div>\n<div>Rok wydania:\u00a0<span class=\"meta-value-bold\">2020<\/span><\/div>\n<div>J\u0119zyk wydania:\u00a0<span class=\"meta-value-bold\">polski<\/span><\/div>\n<\/div>\n<div><\/div>\n<div>Podr\u0119cznik zosta\u0142 przygotowany przez specjalist\u00f3w z zakresu intensywnej opieki medycznej w przyjazny dla czytelnika spos\u00f3b, u\u0142atwiaj\u0105cy samodzieln\u0105 nauk\u0119 interpretacji zapis\u00f3w EKG, zar\u00f3wno podstawowych, jak i bardziej z\u0142o\u017conych. Z powodu r\u00f3\u017cnorodno\u015bci zamieszczonych 200 zapis\u00f3w EKG, kt\u00f3rym towarzysz\u0105 opisy stanu klinicznego pacjent\u00f3w oraz osobno podana precyzyjna analiza elektrokardiogram\u00f3w wraz z diagnostyk\u0105 r\u00f3\u017cnicow\u0105, ksi\u0105\u017cka mo\u017ce stanowi\u0107 doskona\u0142y materia\u0142 do nauki i sprawdzenia w\u0142asnej wiedzy, nie tylko dla lekarzy medycyny ratunkowej, ale r\u00f3wnie\u017c dla lekarzy internist\u00f3w i rodzinnych oraz zainteresowanych student\u00f3w medycyny.<\/div>\n","protected":false},"excerpt":{"rendered":"<p>Autor: Amal Mattu T\u0142umacze:\u00a0Gomu\u0142ka Szymon Wydawca:\u00a0G\u00f3rnicki Oprawa:\u00a0Mi\u0119kka Format:\u00a021.0&#215;30.0cm Liczba stron:\u00a0172 [&hellip;]<\/p>\n","protected":false},"featured_media":21623,"template":"","meta":[],"product_brand":[],"product_cat":[7991,7493,8116],"product_tag":[85,6545,7057,8687],"class_list":{"0":"post-21622","1":"product","2":"type-product","3":"status-publish","4":"has-post-thumbnail","6":"product_cat-kardiologia","7":"product_cat-medycyna","8":"product_cat-medycyna-ratunkowa","9":"product_tag-diagnostyka","10":"product_tag-ekg","11":"product_tag-kardiologia","12":"product_tag-medycyna-ratunkowe","14":"first","15":"instock","16":"sale","17":"shipping-taxable","18":"purchasable","19":"product-type-simple"},"_links":{"self":[{"href":"http:\/\/ksiegarnia-akademicka.pl\/index.php\/wp-json\/wp\/v2\/product\/21622","targetHints":{"allow":["GET"]}}],"collection":[{"href":"http:\/\/ksiegarnia-akademicka.pl\/index.php\/wp-json\/wp\/v2\/product"}],"about":[{"href":"http:\/\/ksiegarnia-akademicka.pl\/index.php\/wp-json\/wp\/v2\/types\/product"}],"wp:featuredmedia":[{"embeddable":true,"href":"http:\/\/ksiegarnia-akademicka.pl\/index.php\/wp-json\/wp\/v2\/media\/21623"}],"wp:attachment":[{"href":"http:\/\/ksiegarnia-akademicka.pl\/index.php\/wp-json\/wp\/v2\/media?parent=21622"}],"wp:term":[{"taxonomy":"product_brand","embeddable":true,"href":"http:\/\/ksiegarnia-akademicka.pl\/index.php\/wp-json\/wp\/v2\/product_brand?post=21622"},{"taxonomy":"product_cat","embeddable":true,"href":"http:\/\/ksiegarnia-akademicka.pl\/index.php\/wp-json\/wp\/v2\/product_cat?post=21622"},{"taxonomy":"product_tag","embeddable":true,"href":"http:\/\/ksiegarnia-akademicka.pl\/index.php\/wp-json\/wp\/v2\/product_tag?post=21622"}],"curies":[{"name":"wp","href":"https:\/\/api.w.org\/{rel}","templated":true}]}}