{"id":2158,"date":"2018-05-22T12:45:12","date_gmt":"2018-05-22T10:45:12","guid":{"rendered":"http:\/\/ksiegarnia-akademicka.pl\/index.php\/product\/zwarcia-w-systemach-elektroenergetycznych\/"},"modified":"2020-02-13T08:44:08","modified_gmt":"2020-02-13T07:44:08","slug":"zwarcia-w-systemach-elektroenergetycznych","status":"publish","type":"product","link":"http:\/\/ksiegarnia-akademicka.pl\/index.php\/product\/zwarcia-w-systemach-elektroenergetycznych\/","title":{"rendered":"Zwarcia w systemach elektroenergetycznych"},"content":{"rendered":"<p>Autor:<br \/>\nPiotr Kacejko<br \/>\nJan Machowski<br \/>\nWydawca: Wydawnictwo Naukowe PWN<br \/>\nOprawa: Mi\u0119kka<br \/>\nFormat: 16.0&#215;23.0cm<br \/>\nLiczba stron: 482<br \/>\nWydanie: 3<br \/>\nRok wydania: 2020<br \/>\nJ\u0119zyk wydania: polski<\/p>\n<p>W ksi\u0105\u017cce opisano zjawiska fizyczne zachodz\u0105ce w systemach elektroenergetycznych w czasie zwar\u0107. Przedstawiono metody ich analiz dok\u0142adnych przy wykorzystaniu oblicze\u0144 komputerowych, jak r\u00f3wnie\u017c analiz uproszczonych opartych na prostych obliczeniach rachunkowych. Du\u017cy nacisk po\u0142o\u017cono na interpretacj\u0119 fizyczn\u0105 u\u0142atwiaj\u0105c\u0105 zrozumienie analizowanych zjawisk, a tak\u017ce na w\u0142a\u015bciwe modelowanie matematyczne element\u00f3w systemu, niezb\u0119dne do wykonywania analiz dok\u0142adnych i uproszczonych. Om\u00f3wiono zalecenia norm mi\u0119dzynarodowych odno\u015bnie do wyznaczania wielko\u015bci zwarciowych oraz okre\u015blania skutk\u00f3w zwar\u0107. Podano wiele przyk\u0142ad\u00f3w obliczeniowych zwi\u0105zanych z praktycznymi problemami dotycz\u0105cymi doboru aparatury \u0142\u0105czeniowej oraz nastawie\u0144 zabezpiecze\u0144 elektroenergetycznych. Przedstawiono algorytmy i metody numeryczne stosowane w programach komputerowych oraz przyk\u0142ady program\u00f3w komputerowych u\u017cywanych do wykonywania oblicze\u0144 zwarciowych. Podano tak\u017ce metody ograniczania pr\u0105d\u00f3w zwarciowych oraz om\u00f3wiono metody i urz\u0105dzenia do ich pomiaru i rejestracji.<br \/>\nPodr\u0119cznik jest przeznaczony dla student\u00f3w wydzia\u0142\u00f3w elektrycznych wy\u017cszych szk\u00f3\u0142 technicznych, a tak\u017ce dla in\u017cynier\u00f3w (projektuj\u0105cych i eksploatuj\u0105cych te systemy).<\/p>\n","protected":false},"excerpt":{"rendered":"<p>Autor: Piotr Kacejko Jan Machowski Wydawca: Wydawnictwo Naukowe PWN Oprawa: [&hellip;]<\/p>\n","protected":false},"featured_media":12239,"template":"","meta":[],"product_brand":[],"product_cat":[7722,41],"product_tag":[4289,4247,269],"class_list":{"0":"post-2158","1":"product","2":"type-product","3":"status-publish","4":"has-post-thumbnail","6":"product_cat-energetyka","7":"product_cat-nauki-techniczne","8":"product_tag-elektroenergetyka","9":"product_tag-energetyka","10":"product_tag-podrecznik-akademicki","12":"first","13":"instock","14":"sale","15":"shipping-taxable","16":"purchasable","17":"product-type-simple"},"_links":{"self":[{"href":"http:\/\/ksiegarnia-akademicka.pl\/index.php\/wp-json\/wp\/v2\/product\/2158","targetHints":{"allow":["GET"]}}],"collection":[{"href":"http:\/\/ksiegarnia-akademicka.pl\/index.php\/wp-json\/wp\/v2\/product"}],"about":[{"href":"http:\/\/ksiegarnia-akademicka.pl\/index.php\/wp-json\/wp\/v2\/types\/product"}],"wp:featuredmedia":[{"embeddable":true,"href":"http:\/\/ksiegarnia-akademicka.pl\/index.php\/wp-json\/wp\/v2\/media\/12239"}],"wp:attachment":[{"href":"http:\/\/ksiegarnia-akademicka.pl\/index.php\/wp-json\/wp\/v2\/media?parent=2158"}],"wp:term":[{"taxonomy":"product_brand","embeddable":true,"href":"http:\/\/ksiegarnia-akademicka.pl\/index.php\/wp-json\/wp\/v2\/product_brand?post=2158"},{"taxonomy":"product_cat","embeddable":true,"href":"http:\/\/ksiegarnia-akademicka.pl\/index.php\/wp-json\/wp\/v2\/product_cat?post=2158"},{"taxonomy":"product_tag","embeddable":true,"href":"http:\/\/ksiegarnia-akademicka.pl\/index.php\/wp-json\/wp\/v2\/product_tag?post=2158"}],"curies":[{"name":"wp","href":"https:\/\/api.w.org\/{rel}","templated":true}]}}