{"id":21561,"date":"2025-12-04T09:31:13","date_gmt":"2025-12-04T08:31:13","guid":{"rendered":"http:\/\/ksiegarnia-akademicka.pl\/?post_type=product&#038;p=21561"},"modified":"2025-12-04T09:31:14","modified_gmt":"2025-12-04T08:31:14","slug":"komentarz-do-zmian-w-ustawie-o-vat-2026","status":"publish","type":"product","link":"http:\/\/ksiegarnia-akademicka.pl\/index.php\/product\/komentarz-do-zmian-w-ustawie-o-vat-2026\/","title":{"rendered":"Komentarz do zmian w ustawie o VAT 2026"},"content":{"rendered":"<div class=\"grupa wydawca\"><span class=\"meta-head\">Wydawca:<\/span>\u00a0Wiedza i Praktyka<\/div>\n<div class=\"grupa dane\">\n<div>Oprawa:\u00a0<span class=\"meta-value-bold\">Mi\u0119kka<\/span><\/div>\n<div>Format:\u00a0<span class=\"meta-value-bold\">16.0&#215;24.0cm<\/span><\/div>\n<div>Liczba stron:\u00a0<span class=\"meta-value-bold\">107<\/span><\/div>\n<div>Rok wydania:\u00a0<span class=\"meta-value-bold\">2025<\/span><\/div>\n<div>J\u0119zyk wydania:\u00a0<span class=\"meta-value-bold\">polski<\/span><\/div>\n<\/div>\n<div><\/div>\n<div>\u201eKomentarz do zmian w ustawie o VAT 2026\u201d to kompleksowy poradnik dla przedsi\u0119biorc\u00f3w, ksi\u0119gowych i doradc\u00f3w podatkowych, kt\u00f3rzy chc\u0105 szybko i bezb\u0142\u0119dnie stosowa\u0107 nowe przepisy VAT. Ksi\u0105\u017cka omawia wszystkie zmiany w ustawie, przedstawia obowi\u0105zki podatnik\u00f3w, procedury dokumentacyjne oraz praktyczne przyk\u0142ady i interpretacje. Dzi\u0119ki temu czytelnik mo\u017ce sprawnie zarz\u0105dza\u0107 dokumentacj\u0105 podatkow\u0105, minimalizowa\u0107 ryzyko b\u0142\u0119d\u00f3w w rozliczeniach i efektywnie stosowa\u0107 nowe regulacje w codziennej pracy.<br \/>\nKorzy\u015bci z lektury<br \/>\n\u2022\u00a0\u00a0\u00a0\u00a0Kompleksowy opis kluczowych zada\u0144<br \/>\nPe\u0142ne zrozumienie nowych obowi\u0105zk\u00f3w VAT.<br \/>\n\u2022\u00a0\u00a0\u00a0\u00a0Praktyczne wskaz\u00f3wki<br \/>\nU\u0142atwiaj\u0105ce stosowanie zmian w codziennej pracy ksi\u0119gowych i przedsi\u0119biorc\u00f3w.<br \/>\n\u2022\u00a0\u00a0\u00a0\u00a0Aktualne przepisy 2026<br \/>\nKomentarze zgodne z obowi\u0105zuj\u0105cym prawem.<br \/>\n\u2022\u00a0\u00a0\u00a0\u00a0Oszcz\u0119dno\u015b\u0107 czasu<br \/>\nSzybkie odnalezienie potrzebnych informacji w dokumentacji podatkowej.<br \/>\n\u2022\u00a0\u00a0\u00a0\u00a0Minimalizacja b\u0142\u0119d\u00f3w<\/div>\n","protected":false},"excerpt":{"rendered":"<p>Wydawca:\u00a0Wiedza i Praktyka Oprawa:\u00a0Mi\u0119kka Format:\u00a016.0&#215;24.0cm Liczba stron:\u00a0107 Rok wydania:\u00a02025 J\u0119zyk [&hellip;]<\/p>\n","protected":false},"featured_media":21562,"template":"","meta":[],"product_brand":[],"product_cat":[7530,22,23],"product_tag":[355,1496,1549],"class_list":{"0":"post-21561","1":"product","2":"type-product","3":"status-publish","4":"has-post-thumbnail","6":"product_cat-nowosci","7":"product_cat-podatki-i-prawo-podatkowe","8":"product_cat-rachunkowosc","9":"product_tag-podatki","10":"product_tag-rachunkowosc","11":"product_tag-vat","13":"first","14":"instock","15":"sale","16":"shipping-taxable","17":"purchasable","18":"product-type-simple"},"_links":{"self":[{"href":"http:\/\/ksiegarnia-akademicka.pl\/index.php\/wp-json\/wp\/v2\/product\/21561","targetHints":{"allow":["GET"]}}],"collection":[{"href":"http:\/\/ksiegarnia-akademicka.pl\/index.php\/wp-json\/wp\/v2\/product"}],"about":[{"href":"http:\/\/ksiegarnia-akademicka.pl\/index.php\/wp-json\/wp\/v2\/types\/product"}],"wp:featuredmedia":[{"embeddable":true,"href":"http:\/\/ksiegarnia-akademicka.pl\/index.php\/wp-json\/wp\/v2\/media\/21562"}],"wp:attachment":[{"href":"http:\/\/ksiegarnia-akademicka.pl\/index.php\/wp-json\/wp\/v2\/media?parent=21561"}],"wp:term":[{"taxonomy":"product_brand","embeddable":true,"href":"http:\/\/ksiegarnia-akademicka.pl\/index.php\/wp-json\/wp\/v2\/product_brand?post=21561"},{"taxonomy":"product_cat","embeddable":true,"href":"http:\/\/ksiegarnia-akademicka.pl\/index.php\/wp-json\/wp\/v2\/product_cat?post=21561"},{"taxonomy":"product_tag","embeddable":true,"href":"http:\/\/ksiegarnia-akademicka.pl\/index.php\/wp-json\/wp\/v2\/product_tag?post=21561"}],"curies":[{"name":"wp","href":"https:\/\/api.w.org\/{rel}","templated":true}]}}