{"id":21543,"date":"2025-12-02T12:41:22","date_gmt":"2025-12-02T11:41:22","guid":{"rendered":"http:\/\/ksiegarnia-akademicka.pl\/?post_type=product&#038;p=21543"},"modified":"2025-12-02T12:41:22","modified_gmt":"2025-12-02T11:41:22","slug":"rachunkowosc-wspolnoty-mieszkaniowej-wzorcowy-plan-kont-z-komentarzem-zasady-polityka-rachunkowosci-sprawozdanie-finansowe-z-suplementem-elektronicznym","status":"publish","type":"product","link":"http:\/\/ksiegarnia-akademicka.pl\/index.php\/product\/rachunkowosc-wspolnoty-mieszkaniowej-wzorcowy-plan-kont-z-komentarzem-zasady-polityka-rachunkowosci-sprawozdanie-finansowe-z-suplementem-elektronicznym\/","title":{"rendered":"Rachunkowo\u015b\u0107 wsp\u00f3lnoty mieszkaniowej \u2013 wzorcowy plan kont z komentarzem \u2013 zasady (polityka) rachunkowo\u015bci \u2013 sprawozdanie finansowe (z suplementem elektronicznym)"},"content":{"rendered":"<div class=\"grupa osoby\"><span class=\"meta-head\">Autor: <\/span>Irena Majsterkiewicz<\/div>\n<div class=\"grupa wydawca\"><span class=\"meta-head\">Wydawca:<\/span>\u00a0ODDK<\/div>\n<div class=\"grupa dane\">\n<div>Oprawa:\u00a0<span class=\"meta-value-bold\">Mi\u0119kka<\/span><\/div>\n<div>Format:\u00a0<span class=\"meta-value-bold\">16.5&#215;23.5cm<\/span><\/div>\n<div>Liczba stron:\u00a0<span class=\"meta-value-bold\">224<\/span><\/div>\n<div>Rok wydania:\u00a0<span class=\"meta-value-bold\">2018<\/span><\/div>\n<div>J\u0119zyk wydania:\u00a0<span class=\"meta-value-bold\">polski<\/span><\/div>\n<\/div>\n<div><\/div>\n<div>Praktyczny przewodnik po rachunkowo\u015bci wsp\u00f3lnoty mieszkaniowej z wzorcowym planem kont, zarz\u0105dzeniem w sprawie zasad (polityki) rachunkowo\u015bci oraz wzorami sprawozdania.<\/p>\n<p>Publikacja zawiera m.in.:<br \/>\n&#8211; wz\u00f3r uchwa\u0142y w sprawie przyj\u0119cia zasad rachunkowo\u015bci wsp\u00f3lnoty mieszkaniowej;<br \/>\n&#8211; zasady prowadzenia ksi\u0105g rachunkowych (m.in. technika i spos\u00f3b prowadzenia ksi\u0105g rachunkowych \u2013 plan kont, wykaz zbior\u00f3w danych tworz\u0105cych ksi\u0119gi rachunkowe na komputerowym no\u015bniku danych, zasady prowadzenia ksi\u0105g pomocniczych, opis systemu przetwarzania danych w programie finansowo-ksi\u0119gowym, opis systemu przetwarzania danych przy u\u017cyciu komputera);<br \/>\n&#8211; om\u00f3wienie systemu s\u0142u\u017c\u0105cego ochronie danych i ich zbior\u00f3w, w tym danych i zbior\u00f3w ksi\u0105g rachunkowych prowadzonych przy u\u017cyciu komputera;<br \/>\n&#8211; metody wyceny aktyw\u00f3w i pasyw\u00f3w oraz ustalania wyniku finansowego;<br \/>\n&#8211; wzorcowy plan kont wsp\u00f3lnoty mieszkaniowej z komentarzem do poszczeg\u00f3lnych kont oraz wskazaniem typowych operacji ujmowanych na stronie Wn i Ma ka\u017cdego konta;<br \/>\n&#8211; zasady prezentacji danych w sprawozdaniu finansowym wsp\u00f3lnoty mieszkaniowej (bilans, rachunek zysk\u00f3w i strat wsp\u00f3lnoty mieszkaniowej, informacje dodatkowe).<\/p>\n<p>Fachowym komentarzom towarzyszy szereg wzor\u00f3w niezb\u0119dnych dokument\u00f3w, kt\u00f3re zamieszczono r\u00f3wnie\u017c w suplemencie elektronicznym w formacie MS Word, umo\u017cliwiaj\u0105c tym samym zaimplementowanie proponowanych rozwi\u0105za\u0144 dla cel\u00f3w w\u0142asnej wsp\u00f3lnoty mieszkaniowej.<\/p><\/div>\n","protected":false},"excerpt":{"rendered":"<p>Autor: Irena Majsterkiewicz Wydawca:\u00a0ODDK Oprawa:\u00a0Mi\u0119kka Format:\u00a016.5&#215;23.5cm Liczba stron:\u00a0224 Rok wydania:\u00a02018 [&hellip;]<\/p>\n","protected":false},"featured_media":21544,"template":"","meta":[],"product_brand":[],"product_cat":[34,23],"product_tag":[705,1496,4909],"class_list":{"0":"post-21543","1":"product","2":"type-product","3":"status-publish","4":"has-post-thumbnail","6":"product_cat-nieruchomosci","7":"product_cat-rachunkowosc","8":"product_tag-nieruchomosci","9":"product_tag-rachunkowosc","10":"product_tag-wspolnota-mieszkaniowa","12":"first","13":"instock","14":"sale","15":"shipping-taxable","16":"purchasable","17":"product-type-simple"},"_links":{"self":[{"href":"http:\/\/ksiegarnia-akademicka.pl\/index.php\/wp-json\/wp\/v2\/product\/21543","targetHints":{"allow":["GET"]}}],"collection":[{"href":"http:\/\/ksiegarnia-akademicka.pl\/index.php\/wp-json\/wp\/v2\/product"}],"about":[{"href":"http:\/\/ksiegarnia-akademicka.pl\/index.php\/wp-json\/wp\/v2\/types\/product"}],"wp:featuredmedia":[{"embeddable":true,"href":"http:\/\/ksiegarnia-akademicka.pl\/index.php\/wp-json\/wp\/v2\/media\/21544"}],"wp:attachment":[{"href":"http:\/\/ksiegarnia-akademicka.pl\/index.php\/wp-json\/wp\/v2\/media?parent=21543"}],"wp:term":[{"taxonomy":"product_brand","embeddable":true,"href":"http:\/\/ksiegarnia-akademicka.pl\/index.php\/wp-json\/wp\/v2\/product_brand?post=21543"},{"taxonomy":"product_cat","embeddable":true,"href":"http:\/\/ksiegarnia-akademicka.pl\/index.php\/wp-json\/wp\/v2\/product_cat?post=21543"},{"taxonomy":"product_tag","embeddable":true,"href":"http:\/\/ksiegarnia-akademicka.pl\/index.php\/wp-json\/wp\/v2\/product_tag?post=21543"}],"curies":[{"name":"wp","href":"https:\/\/api.w.org\/{rel}","templated":true}]}}