{"id":21522,"date":"2025-12-01T09:03:15","date_gmt":"2025-12-01T08:03:15","guid":{"rendered":"http:\/\/ksiegarnia-akademicka.pl\/?post_type=product&#038;p=21522"},"modified":"2025-12-01T09:03:16","modified_gmt":"2025-12-01T08:03:16","slug":"bezpieczna-praca-z-substancjami-chemicznymi","status":"publish","type":"product","link":"http:\/\/ksiegarnia-akademicka.pl\/index.php\/product\/bezpieczna-praca-z-substancjami-chemicznymi\/","title":{"rendered":"Bezpieczna praca z substancjami chemicznymi"},"content":{"rendered":"<div class=\"grupa osoby\"><span class=\"meta-head-blue\">Autor: <\/span>Praca zbiorowa<\/div>\n<div class=\"grupa wydawca\"><span class=\"meta-head\">Wydawca:<\/span>\u00a0Wiedza i Praktyka<\/div>\n<div class=\"grupa dane\">\n<div>Oprawa:\u00a0<span class=\"meta-value-bold\">Mi\u0119kka<\/span><\/div>\n<div>Liczba stron:\u00a0<span class=\"meta-value-bold\">116<\/span><\/div>\n<div>Rok wydania:\u00a0<span class=\"meta-value-bold\">2025<\/span><\/div>\n<div>J\u0119zyk wydania:\u00a0<span class=\"meta-value-bold\">polski<\/span><\/div>\n<\/div>\n<div><\/div>\n<div>To kompleksowe opracowanie dla os\u00f3b, kt\u00f3re w pracy maj\u0105 kontakt z niebezpiecznymi preparatami. Ksi\u0105\u017cka omawia najwa\u017cniejsze przepisy BHP i ochrony \u015brodowiska, obowi\u0105zki pracodawcy i pracownika, wymagania dotycz\u0105ce magazynowania, transportu i utylizacji chemikali\u00f3w oraz procedury reagowania w sytuacjach awaryjnych. Zawiera przyk\u0142ady dokumentacji, studia przypadk\u00f3w i praktyczne wskaz\u00f3wki, kt\u00f3re pomagaj\u0105 minimalizowa\u0107 ryzyko oraz zapewnia\u0107 bezpiecze\u0144stwo w miejscu pracy.<br \/>\nZ t\u0105 ksi\u0105\u017ck\u0105:<br \/>\n\u2022\u00a0\u00a0\u00a0\u00a0Poznasz aktualne przepisy dotycz\u0105ce pracy z substancjami chemicznymi.<br \/>\n\u2022\u00a0\u00a0\u00a0\u00a0Dowiesz si\u0119, jak bezpiecznie przechowywa\u0107, transportowa\u0107 i utylizowa\u0107 chemikalia.<br \/>\n\u2022\u00a0\u00a0\u00a0\u00a0Nauczysz si\u0119 rozpoznawa\u0107 zagro\u017cenia i reagowa\u0107 na awarie.<br \/>\n\u2022\u00a0\u00a0\u00a0\u00a0Otrzymasz gotowe wzory procedur i dokumentacji BHP.<br \/>\n\u2022\u00a0\u00a0\u00a0\u00a0Podniesiesz swoje kompetencje w zakresie ochrony zdrowia i \u015brodowiska.<\/div>\n","protected":false},"excerpt":{"rendered":"<p>Autor: Praca zbiorowa Wydawca:\u00a0Wiedza i Praktyka Oprawa:\u00a0Mi\u0119kka Liczba stron:\u00a0116 Rok [&hellip;]<\/p>\n","protected":false},"featured_media":21523,"template":"","meta":[],"product_brand":[],"product_cat":[42,7530],"product_tag":[1323,8677],"class_list":{"0":"post-21522","1":"product","2":"type-product","3":"status-publish","4":"has-post-thumbnail","6":"product_cat-chemia","7":"product_cat-nowosci","8":"product_tag-chemia","9":"product_tag-substancje-chemiczne","11":"first","12":"instock","13":"sale","14":"shipping-taxable","15":"purchasable","16":"product-type-simple"},"_links":{"self":[{"href":"http:\/\/ksiegarnia-akademicka.pl\/index.php\/wp-json\/wp\/v2\/product\/21522","targetHints":{"allow":["GET"]}}],"collection":[{"href":"http:\/\/ksiegarnia-akademicka.pl\/index.php\/wp-json\/wp\/v2\/product"}],"about":[{"href":"http:\/\/ksiegarnia-akademicka.pl\/index.php\/wp-json\/wp\/v2\/types\/product"}],"wp:featuredmedia":[{"embeddable":true,"href":"http:\/\/ksiegarnia-akademicka.pl\/index.php\/wp-json\/wp\/v2\/media\/21523"}],"wp:attachment":[{"href":"http:\/\/ksiegarnia-akademicka.pl\/index.php\/wp-json\/wp\/v2\/media?parent=21522"}],"wp:term":[{"taxonomy":"product_brand","embeddable":true,"href":"http:\/\/ksiegarnia-akademicka.pl\/index.php\/wp-json\/wp\/v2\/product_brand?post=21522"},{"taxonomy":"product_cat","embeddable":true,"href":"http:\/\/ksiegarnia-akademicka.pl\/index.php\/wp-json\/wp\/v2\/product_cat?post=21522"},{"taxonomy":"product_tag","embeddable":true,"href":"http:\/\/ksiegarnia-akademicka.pl\/index.php\/wp-json\/wp\/v2\/product_tag?post=21522"}],"curies":[{"name":"wp","href":"https:\/\/api.w.org\/{rel}","templated":true}]}}