{"id":21501,"date":"2025-11-25T08:54:33","date_gmt":"2025-11-25T07:54:33","guid":{"rendered":"http:\/\/ksiegarnia-akademicka.pl\/?post_type=product&#038;p=21501"},"modified":"2025-11-25T08:54:34","modified_gmt":"2025-11-25T07:54:34","slug":"dzien-z-zycia-zarzadcy-przewodnik-dla-zarzadcy-nieruchomosci","status":"publish","type":"product","link":"http:\/\/ksiegarnia-akademicka.pl\/index.php\/product\/dzien-z-zycia-zarzadcy-przewodnik-dla-zarzadcy-nieruchomosci\/","title":{"rendered":"Dzie\u0144 z \u017cycia zarz\u0105dcy: Przewodnik dla zarz\u0105dcy nieruchomo\u015bci"},"content":{"rendered":"<div class=\"grupa osoby\"><span class=\"meta-head\">Autor: <\/span>zbiorowa praca<\/div>\n<div class=\"grupa wydawca\"><span class=\"meta-head\">Wydawca:<\/span>\u00a0Wiedza i Praktyka<\/div>\n<div class=\"grupa dane\">\n<div>Oprawa:\u00a0<span class=\"meta-value-bold\">Mi\u0119kka<\/span><\/div>\n<div>Liczba stron:\u00a0<span class=\"meta-value-bold\">90<\/span><\/div>\n<div>Rok wydania:\u00a0<span class=\"meta-value-bold\">2025<\/span><\/div>\n<div>J\u0119zyk wydania:\u00a0<span class=\"meta-value-bold\">polski<\/span><\/div>\n<\/div>\n<div><\/div>\n<div>To kompleksowa publikacja dla zarz\u0105dc\u00f3w nieruchomo\u015bci, kt\u00f3rzy chc\u0105 skutecznie i profesjonalnie realizowa\u0107 swoje zadania. Ksi\u0105\u017cka omawia kluczowe aspekty pracy zarz\u0105dcy: od przepis\u00f3w prawa, przez organizacj\u0119 pracy, a\u017c po kontakt z mieszka\u0144cami i dostawcami us\u0142ug. Autorzy dziel\u0105 si\u0119 sprawdzonymi rozwi\u0105zaniami, studium przypadk\u00f3w oraz przyk\u0142adami dokumentacji, kt\u00f3re u\u0142atwiaj\u0105 codzienne zarz\u0105dzanie budynkami i wsp\u00f3lnotami mieszkaniowymi. To nie tylko teoria, ale praktyczne wskaz\u00f3wki, kt\u00f3re mo\u017cna wdro\u017cy\u0107 od zaraz.<\/div>\n","protected":false},"excerpt":{"rendered":"<p>Autor: zbiorowa praca Wydawca:\u00a0Wiedza i Praktyka Oprawa:\u00a0Mi\u0119kka Liczba stron:\u00a090 Rok [&hellip;]<\/p>\n","protected":false},"featured_media":21502,"template":"","meta":[],"product_brand":[],"product_cat":[34,7530],"product_tag":[4524],"class_list":{"0":"post-21501","1":"product","2":"type-product","3":"status-publish","4":"has-post-thumbnail","6":"product_cat-nieruchomosci","7":"product_cat-nowosci","8":"product_tag-zarzadzanie-nieruchomosciami","10":"first","11":"instock","12":"sale","13":"shipping-taxable","14":"purchasable","15":"product-type-simple"},"_links":{"self":[{"href":"http:\/\/ksiegarnia-akademicka.pl\/index.php\/wp-json\/wp\/v2\/product\/21501","targetHints":{"allow":["GET"]}}],"collection":[{"href":"http:\/\/ksiegarnia-akademicka.pl\/index.php\/wp-json\/wp\/v2\/product"}],"about":[{"href":"http:\/\/ksiegarnia-akademicka.pl\/index.php\/wp-json\/wp\/v2\/types\/product"}],"wp:featuredmedia":[{"embeddable":true,"href":"http:\/\/ksiegarnia-akademicka.pl\/index.php\/wp-json\/wp\/v2\/media\/21502"}],"wp:attachment":[{"href":"http:\/\/ksiegarnia-akademicka.pl\/index.php\/wp-json\/wp\/v2\/media?parent=21501"}],"wp:term":[{"taxonomy":"product_brand","embeddable":true,"href":"http:\/\/ksiegarnia-akademicka.pl\/index.php\/wp-json\/wp\/v2\/product_brand?post=21501"},{"taxonomy":"product_cat","embeddable":true,"href":"http:\/\/ksiegarnia-akademicka.pl\/index.php\/wp-json\/wp\/v2\/product_cat?post=21501"},{"taxonomy":"product_tag","embeddable":true,"href":"http:\/\/ksiegarnia-akademicka.pl\/index.php\/wp-json\/wp\/v2\/product_tag?post=21501"}],"curies":[{"name":"wp","href":"https:\/\/api.w.org\/{rel}","templated":true}]}}