{"id":21479,"date":"2025-11-19T08:57:49","date_gmt":"2025-11-19T07:57:49","guid":{"rendered":"http:\/\/ksiegarnia-akademicka.pl\/?post_type=product&#038;p=21479"},"modified":"2025-11-19T08:57:49","modified_gmt":"2025-11-19T07:57:49","slug":"poloznictwo-i-ginekologia-poloznictwo-tom-1","status":"publish","type":"product","link":"http:\/\/ksiegarnia-akademicka.pl\/index.php\/product\/poloznictwo-i-ginekologia-poloznictwo-tom-1\/","title":{"rendered":"Po\u0142o\u017cnictwo i ginekologia. Po\u0142o\u017cnictwo Tom 1"},"content":{"rendered":"<div class=\"grupa osoby\"><span class=\"meta-head\">Autor: <\/span>Piotr Sieroszewski<\/div>\n<div class=\"grupa wydawca\"><span class=\"meta-head\">Wydawca:<\/span>\u00a0PZWL<\/div>\n<div class=\"grupa dane\">\n<div>Oprawa:\u00a0<span class=\"meta-value-bold\">Mi\u0119kka<\/span><\/div>\n<div>Format:\u00a0<span class=\"meta-value-bold\">20.5&#215;28.5cm<\/span><\/div>\n<div>Liczba stron:\u00a0<span class=\"meta-value-bold\">810<\/span><\/div>\n<div>Wydanie:\u00a0<span class=\"meta-value-bold\">1<\/span><\/div>\n<div>Rok wydania:\u00a0<span class=\"meta-value-bold\">2025<\/span><\/div>\n<div>J\u0119zyk wydania:\u00a0<span class=\"meta-value-bold\">polski<\/span><\/div>\n<\/div>\n<div><\/div>\n<div>Edycja nowego podr\u0119cznika z \u201ePo\u0142o\u017cnictwa i ginekologii\u201d tom 1-2 pod redakcj\u0105 naukow\u0105 prof. Piotra Sieroszewskiego, prof. Sebastiana Kwiatkowskiego i prof. Rafa\u0142a Stojko zbiega si\u0119 z 80-tymi urodzinami PZWL-u. To doskona\u0142a okazja, by podzi\u0119kowa\u0107 kolejnym pokoleniom lekarzy za wsp\u00f3\u0142tworzenie historii po\u0142o\u017cniczo-ginekologicznej na stronach naszych ksi\u0105\u017cek. PZWL od pocz\u0105tku wspiera\u0142 wydania podr\u0119cznik\u00f3w z tej szczeg\u00f3lnej dziedziny medycyny. Nowoczesne, przejrzyste, bogate tematycznie, lecz jednocze\u015bnie syntetyczne opracowanie uwzgl\u0119dnia cele, potrzeby i obowi\u0105zki wsp\u00f3\u0142czesnej medycyny, jej holistycznego rozumienia, a tak\u017ce zindywidualizowanego podej\u015bcia do pacjenta. Oba tomy \u201ePo\u0142o\u017cnictwa i ginekologii\u201d czerpi\u0105 inspiracj\u0119 z cenionych podr\u0119cznik\u00f3w europejskich, opartych na zasadach EMB (Evidence Based Medicine). Autorzy wykorzystali aktualne tre\u015bci dost\u0119pne w bazach publikacji i rekomendacjach towarzystw naukowych. Atrakcyjno\u015b\u0107 tekstu zosta\u0142a wzbogacona o liczne ryciny, tabele i zdj\u0119cia, kt\u00f3re z pewno\u015bci\u0105 u\u0142atwi\u0105 przyswojenie cz\u0119sto bardzo trudnej wiedzy. Jak zaznaczaj\u0105 Redaktorzy Naukowi podr\u0119cznika: Pozycj\u0119 t\u0119 kierujemy przede wszystkim do lekarzy przygotowuj\u0105cych si\u0119 do egzaminu specjalizacyjnego w zakresie po\u0142o\u017cnictwa-ginekologii. Mamy tak\u017ce nadziej\u0119, \u017ce zostanie \u017cyczliwie przyj\u0119ta przez koleg\u00f3w po\u0142o\u017cnik\u00f3w oraz specjalist\u00f3w nie tylko naszej specjalno\u015bci. Chcieliby\u015bmy, aby by\u0142a pomocna po\u0142o\u017cnym i po\u0142o\u017cnikom oraz studentom medycyny zainteresowanych tematyk\u0105.<\/div>\n","protected":false},"excerpt":{"rendered":"<p>Autor: Piotr Sieroszewski Wydawca:\u00a0PZWL Oprawa:\u00a0Mi\u0119kka Format:\u00a020.5&#215;28.5cm Liczba stron:\u00a0810 Wydanie:\u00a01 Rok [&hellip;]<\/p>\n","protected":false},"featured_media":21480,"template":"","meta":[],"product_brand":[],"product_cat":[7493,7530,8031],"product_tag":[4919,3994,4920],"class_list":{"0":"post-21479","1":"product","2":"type-product","3":"status-publish","4":"has-post-thumbnail","6":"product_cat-medycyna","7":"product_cat-nowosci","8":"product_cat-poloznictwo-ginekologia","9":"product_tag-ginekologia","10":"product_tag-medycyna","11":"product_tag-poloznictwo","13":"first","14":"instock","15":"sale","16":"shipping-taxable","17":"purchasable","18":"product-type-simple"},"_links":{"self":[{"href":"http:\/\/ksiegarnia-akademicka.pl\/index.php\/wp-json\/wp\/v2\/product\/21479","targetHints":{"allow":["GET"]}}],"collection":[{"href":"http:\/\/ksiegarnia-akademicka.pl\/index.php\/wp-json\/wp\/v2\/product"}],"about":[{"href":"http:\/\/ksiegarnia-akademicka.pl\/index.php\/wp-json\/wp\/v2\/types\/product"}],"wp:featuredmedia":[{"embeddable":true,"href":"http:\/\/ksiegarnia-akademicka.pl\/index.php\/wp-json\/wp\/v2\/media\/21480"}],"wp:attachment":[{"href":"http:\/\/ksiegarnia-akademicka.pl\/index.php\/wp-json\/wp\/v2\/media?parent=21479"}],"wp:term":[{"taxonomy":"product_brand","embeddable":true,"href":"http:\/\/ksiegarnia-akademicka.pl\/index.php\/wp-json\/wp\/v2\/product_brand?post=21479"},{"taxonomy":"product_cat","embeddable":true,"href":"http:\/\/ksiegarnia-akademicka.pl\/index.php\/wp-json\/wp\/v2\/product_cat?post=21479"},{"taxonomy":"product_tag","embeddable":true,"href":"http:\/\/ksiegarnia-akademicka.pl\/index.php\/wp-json\/wp\/v2\/product_tag?post=21479"}],"curies":[{"name":"wp","href":"https:\/\/api.w.org\/{rel}","templated":true}]}}