{"id":21477,"date":"2025-11-18T10:19:59","date_gmt":"2025-11-18T09:19:59","guid":{"rendered":"http:\/\/ksiegarnia-akademicka.pl\/?post_type=product&#038;p=21477"},"modified":"2025-11-18T10:20:00","modified_gmt":"2025-11-18T09:20:00","slug":"dobry-den-chmiel-tozsamosc-i-luz-polskie-mity-o-czechach","status":"publish","type":"product","link":"http:\/\/ksiegarnia-akademicka.pl\/index.php\/product\/dobry-den-chmiel-tozsamosc-i-luz-polskie-mity-o-czechach\/","title":{"rendered":"Dobr\u00fd den Chmiel, to\u017csamo\u015b\u0107 i luz. Polskie mity o Czechach"},"content":{"rendered":"<div class=\"grupa osoby\"><span class=\"meta-head\">Autor: <\/span>Jakub Medek<\/div>\n<div class=\"grupa wydawca\"><span class=\"meta-head\">Wydawca:<\/span>\u00a0Mando<\/div>\n<div class=\"grupa dane\">\n<div>Oprawa:\u00a0<span class=\"meta-value-bold\">Mi\u0119kka ze skrzyde\u0142kami<\/span><\/div>\n<div>Format:\u00a0<span class=\"meta-value-bold\">20.2&#215;14.2cm<\/span><\/div>\n<div>Liczba stron:\u00a0<span class=\"meta-value-bold\">352<\/span><\/div>\n<div>Wydanie:\u00a0<span class=\"meta-value-bold\">1<\/span><\/div>\n<div>Rok wydania:\u00a0<span class=\"meta-value-bold\">2025<\/span><\/div>\n<div>J\u0119zyk wydania:\u00a0<span class=\"meta-value-bold\">polski<\/span><\/div>\n<\/div>\n<div><\/div>\n<div>Czy Czesi naprawd\u0119 nie wierz\u0105 w nic poza piwem i hokejem? Czy \u015bmiej\u0105 si\u0119 z Polak\u00f3w, czy raczej z ca\u0142ego \u015bwiata, w tym z samych siebie? Czy faktycznie wybrali komunizm z w\u0142asnej woli? Ksi\u0105\u017cka Dobr\u00fd den to b\u0142yskotliwa, zaskakuj\u0105ca podr\u00f3\u017c przez najbardziej rozpowszechnione stereotypy, jakie Polacy maj\u0105 na temat Czech\u00f3w. Jakub Medek \u2013 autor, Czech z urodzenia, polski dziennikarz z wyboru, tw\u00f3rca popularnego podcastu Czechostacja \u2013 z humorem i historyczn\u0105 precyzj\u0105 bierze pod lup\u0119 uproszczone s\u0105dy, ods\u0142aniaj\u0105c ich \u017ar\u00f3d\u0142a w przesz\u0142o\u015bci, kulturze i codziennym \u017cyciu naszych s\u0105siad\u00f3w. Z barwnych anegdot, osobistych do\u015bwiadcze\u0144 i obserwacji tworzy \u201es\u0142ownik czeskich mit\u00f3w\u201d, by nast\u0119pnie skonfrontowa\u0107 je z faktami, tworz\u0105c portret narodu, kt\u00f3ry zamiast wielkich s\u0142\u00f3w wybiera u\u015bmiech spod w\u0105sa, a zamiast patosu \u2013 kufel z\u0142ocistego napoju w dobrym towarzystwie. To nie tylko przewodnik po czeskiej mentalno\u015bci, historii i spo\u0142ecze\u0144stwie, ale te\u017c zaproszenie do spojrzenia w swoiste zwierciad\u0142o, bo wiele z opisanych zjawisk m\u00f3wi r\u00f3wnie du\u017co o nas samych, co o Czechach. Dla mi\u0142o\u015bnik\u00f3w Czech, podr\u00f3\u017cnik\u00f3w i ciekawskich\u2026 Po prostu czeski film! Autor podcastu Czechostacja rusza obala\u0107 mity o naszych s\u0105siadach z po\u0142udnia. Tym razem nie z mikrofonem, a z klawiatur\u0105 w r\u0119ku. Zazdro\u015bcimy Czechom? Chcemy by\u0107 czasem tacy jak oni? To zobaczmy, jacy s\u0105. Stereotypy na bok. Do toho! Karolina \u0106wiek-Rogalska, antropolo\u017cka i bohemistka Pohoda, sranda, hospoda \u2013 to trzy czeskie s\u0142owa, kt\u00f3re warto pozna\u0107, bo stanowi\u0105 klucz do lepszego zrozumienia Czech, Czech\u00f3w i Czeszek. Sprawd\u017acie sami, czy was one \u015bmiesz\u0105 i co si\u0119 pod nimi kryje. Tomasz Grabi\u0144ski, t\u0142umacz literatury czeskiej i s\u0142owackiej, mened\u017cer kultury<\/div>\n","protected":false},"excerpt":{"rendered":"<p>Autor: Jakub Medek Wydawca:\u00a0Mando Oprawa:\u00a0Mi\u0119kka ze skrzyde\u0142kami Format:\u00a020.2&#215;14.2cm Liczba stron:\u00a0352 [&hellip;]<\/p>\n","protected":false},"featured_media":21478,"template":"","meta":[],"product_brand":[],"product_cat":[7707],"product_tag":[8676,8675,4548],"class_list":{"0":"post-21477","1":"product","2":"type-product","3":"status-publish","4":"has-post-thumbnail","6":"product_cat-literatura","7":"product_tag-czechostacja","8":"product_tag-czechy","9":"product_tag-reportaz","11":"first","12":"instock","13":"sale","14":"shipping-taxable","15":"purchasable","16":"product-type-simple"},"_links":{"self":[{"href":"http:\/\/ksiegarnia-akademicka.pl\/index.php\/wp-json\/wp\/v2\/product\/21477","targetHints":{"allow":["GET"]}}],"collection":[{"href":"http:\/\/ksiegarnia-akademicka.pl\/index.php\/wp-json\/wp\/v2\/product"}],"about":[{"href":"http:\/\/ksiegarnia-akademicka.pl\/index.php\/wp-json\/wp\/v2\/types\/product"}],"wp:featuredmedia":[{"embeddable":true,"href":"http:\/\/ksiegarnia-akademicka.pl\/index.php\/wp-json\/wp\/v2\/media\/21478"}],"wp:attachment":[{"href":"http:\/\/ksiegarnia-akademicka.pl\/index.php\/wp-json\/wp\/v2\/media?parent=21477"}],"wp:term":[{"taxonomy":"product_brand","embeddable":true,"href":"http:\/\/ksiegarnia-akademicka.pl\/index.php\/wp-json\/wp\/v2\/product_brand?post=21477"},{"taxonomy":"product_cat","embeddable":true,"href":"http:\/\/ksiegarnia-akademicka.pl\/index.php\/wp-json\/wp\/v2\/product_cat?post=21477"},{"taxonomy":"product_tag","embeddable":true,"href":"http:\/\/ksiegarnia-akademicka.pl\/index.php\/wp-json\/wp\/v2\/product_tag?post=21477"}],"curies":[{"name":"wp","href":"https:\/\/api.w.org\/{rel}","templated":true}]}}