{"id":21475,"date":"2025-11-18T10:03:28","date_gmt":"2025-11-18T09:03:28","guid":{"rendered":"http:\/\/ksiegarnia-akademicka.pl\/?post_type=product&#038;p=21475"},"modified":"2025-11-18T10:03:28","modified_gmt":"2025-11-18T09:03:28","slug":"crash-course-poloznictwo-i-ginekologia-2","status":"publish","type":"product","link":"http:\/\/ksiegarnia-akademicka.pl\/index.php\/product\/crash-course-poloznictwo-i-ginekologia-2\/","title":{"rendered":"Crash Course. Po\u0142o\u017cnictwo i ginekologia"},"content":{"rendered":"<div class=\"grupa osoby\"><span class=\"meta-head\">Autor: <\/span>K.Czajkowski<\/div>\n<div class=\"grupa osoby\"><span class=\"meta-head-blue\">Redakcja:<\/span>\u00a0<span class=\"meta-value\">Czajkowski K.<\/span><\/div>\n<div class=\"grupa wydawca\"><span class=\"meta-head\">Wydawca:<\/span>\u00a0Edra Urban &amp; Partner<\/div>\n<div class=\"grupa dane\">\n<div>Oprawa:\u00a0<span class=\"meta-value-bold\">Mi\u0119kka<\/span><\/div>\n<div>Format:\u00a0<span class=\"meta-value-bold\">16.5&#215;23.5cm<\/span><\/div>\n<div>Liczba stron:\u00a0<span class=\"meta-value-bold\">399<\/span><\/div>\n<div>Wydanie:\u00a0<span class=\"meta-value-bold\">5<\/span><\/div>\n<div>Rok wydania:\u00a0<span class=\"meta-value-bold\">2025<\/span><\/div>\n<div>J\u0119zyk wydania:\u00a0<span class=\"meta-value-bold\">polski<\/span><\/div>\n<\/div>\n<div><\/div>\n<div>\n<p>Tw\u00f3j niezawodny kompan w nauce \u2013 i najlepsze lekarstwo na stres egzaminacyjny!<\/p>\n<div><\/div>\n<div>Oszcz\u0119dzaj czas i zyskaj pewno\u015b\u0107, \u017ce masz pod r\u0119k\u0105 wszystkie najwa\u017cniejsze wiadomo\u015bci, aby zda\u0107 egzamin. Od ponad 25 lat seria Crash Course \u201epomaga\u201d studentom medycyny na ca\u0142ym \u015bwiecie \u2013 sprzedano ju\u017c ponad milion egzemplarzy, a ksi\u0105\u017cki zosta\u0142y przet\u0142umaczone na ponad 8 j\u0119zyk\u00f3w! Ka\u017cde wydanie jest dopracowane oraz w pe\u0142ni zaktualizowane, tak aby nauka by\u0142a \u0142atwiejsza, a spos\u00f3b przekazywania informacji najbardziej efektywny. Autorami s\u0105 do\u015bwiadczeni studenci i m\u0142odzi lekarze \u2013 osoby, kt\u00f3re doskonale wiedz\u0105, czego wymaga si\u0119 na egzaminach i jak skutecznie si\u0119 do nich przygotowa\u0107. Wszystko sprawdzone i zatwierdzone przez ekspert\u00f3w \u2013 mo\u017cesz uczy\u0107 si\u0119 bez obaw.<\/div>\n<div><\/div>\n<div>\n<div>CO ZNAJDZIESZ W \u015aRODKU?<\/div>\n<div>\u2022 Om\u00f3wienie temat\u00f3w wymaganych na\u00a0<strong>LEK-u\u00a0<\/strong>\u2013 od podstaw po kliniczne zastosowania<\/div>\n<div>\u2022 Przejrzyste ramki z najwa\u017cniejszymi wiadomo\u015bciami \u2013 aby szybko zapami\u0119ta\u0107 istotne fakty<\/div>\n<div>\u2022 Testy sprawdzaj\u0105ce \u2013 \u017ceby upewni\u0107 si\u0119, \u017ce naprawd\u0119 rozumiesz i pami\u0119tasz przerobiony materia\u0142<\/div>\n<div><\/div>\n<div>DLACZEGO WARTO WYBIERA\u0106 KSI\u0104\u017bKI Z SERII CRASH COURSE?<\/div>\n<div>\u2022 Napisane przez student\u00f3w dla student\u00f3w \u2013 z my\u015bl\u0105 o tym, co naprawd\u0119 przyda Ci si\u0119 na egzaminach<\/div>\n<div>\u2022 Podr\u0119czny format, liczne tabele, ryciny, zestawienia, techniki mnemotechniczne<\/div>\n<div>\u2022 Idealne zar\u00f3wno do szybkiej powt\u00f3rki, jak i gruntownego przygotowania<\/div>\n<div><\/div>\n<div>CRASH COURSE \u2013 BO EGZAMIN TO WYZWANIE, A NIE KOSZMAR<\/div>\n<\/div>\n<\/div>\n<div><\/div>\n<div>\n<div>1 Podstawy anatomii i badanie\u00a0 ginekologiczne<\/div>\n<div>2.\u00a0Zbieranie wywiadu<\/div>\n<div>3.\u00a0Badania ogolne<\/div>\n<div>4.\u00a0Nieprawid\u0142owe krwawienia maciczne<\/div>\n<div>5.\u00a0Mi\u0119\u015bniaki macicy<\/div>\n<div>6.\u00a0Endometrioza i adenomioza<\/div>\n<div>7.\u00a0Bol w obr\u0119bie miednicy i dyspareunia<\/div>\n<div>8.\u00a0Infekcje przenoszone drog\u0105 p\u0142ciow\u0105<\/div>\n<div>9.\u00a0Zapalenie narz\u0105dow miednicy mniejszej<\/div>\n<div>10.\u00a0Antykoncepcja i przerywanie ci\u0105\u017cy<\/div>\n<div>11.\u00a0\u0141agodne nowotwory narz\u0105du rodnego<\/div>\n<div>12.\u00a0Onkologia ginekologiczna<\/div>\n<div>13.\u00a0\u0141agodne choroby sromu<\/div>\n<div>14.\u00a0Uroginekologia<\/div>\n<div>15.\u00a0Endokrynologia ginekologiczna<\/div>\n<div>16.\u00a0Niep\u0142odno\u015b\u0107<\/div>\n<div>17.\u00a0Menopauza<\/div>\n<div>18.\u00a0Powik\u0142ania wczesnej ci\u0105\u017cy<\/div>\n<div>19.\u00a0Opieka w ci\u0105\u017cy i diagnostyka prenatalna<\/div>\n<div>20.\u00a0Krwotok w ci\u0105\u017cy<\/div>\n<div>21.\u00a0Nadci\u015bnienie t\u0119tnicze w ci\u0105\u017cy<\/div>\n<div>22.\u00a0Choroby przewlek\u0142e w ci\u0105\u017cy<\/div>\n<div>23.\u00a0Najcz\u0119stsze objawy w ci\u0105\u017cy<\/div>\n<div>24.\u00a0Ci\u0105\u017ca mnoga<\/div>\n<div>25.\u00a0Porod przedwczesny<\/div>\n<div>26.\u00a0Badanie po\u0142o\u017cnicze i porod<\/div>\n<div>27.\u00a0Monitorowanie p\u0142odu podczas porodu<\/div>\n<div>28.\u00a0Porod zabiegowy<\/div>\n<div>29.\u00a0Powik\u0142ania porodu<\/div>\n<div>30.\u00a0Obumarcie p\u0142odu<\/div>\n<div>31.\u00a0Powik\u0142ania poporodowe<\/div>\n<div>32.\u00a0Utrata przytomno\u015bci i oko\u0142oporodowy zgon matki<\/div>\n<div><\/div>\n<\/div>\n","protected":false},"excerpt":{"rendered":"<p>Autor: K.Czajkowski Redakcja:\u00a0Czajkowski K. Wydawca:\u00a0Edra Urban &amp; Partner Oprawa:\u00a0Mi\u0119kka Format:\u00a016.5&#215;23.5cm [&hellip;]<\/p>\n","protected":false},"featured_media":21476,"template":"","meta":[],"product_brand":[],"product_cat":[7493,7530,8031],"product_tag":[4919,4920,8152],"class_list":{"0":"post-21475","1":"product","2":"type-product","3":"status-publish","4":"has-post-thumbnail","6":"product_cat-medycyna","7":"product_cat-nowosci","8":"product_cat-poloznictwo-ginekologia","9":"product_tag-ginekologia","10":"product_tag-poloznictwo","11":"product_tag-seria-crash-course","13":"first","14":"instock","15":"sale","16":"shipping-taxable","17":"purchasable","18":"product-type-simple"},"_links":{"self":[{"href":"http:\/\/ksiegarnia-akademicka.pl\/index.php\/wp-json\/wp\/v2\/product\/21475","targetHints":{"allow":["GET"]}}],"collection":[{"href":"http:\/\/ksiegarnia-akademicka.pl\/index.php\/wp-json\/wp\/v2\/product"}],"about":[{"href":"http:\/\/ksiegarnia-akademicka.pl\/index.php\/wp-json\/wp\/v2\/types\/product"}],"wp:featuredmedia":[{"embeddable":true,"href":"http:\/\/ksiegarnia-akademicka.pl\/index.php\/wp-json\/wp\/v2\/media\/21476"}],"wp:attachment":[{"href":"http:\/\/ksiegarnia-akademicka.pl\/index.php\/wp-json\/wp\/v2\/media?parent=21475"}],"wp:term":[{"taxonomy":"product_brand","embeddable":true,"href":"http:\/\/ksiegarnia-akademicka.pl\/index.php\/wp-json\/wp\/v2\/product_brand?post=21475"},{"taxonomy":"product_cat","embeddable":true,"href":"http:\/\/ksiegarnia-akademicka.pl\/index.php\/wp-json\/wp\/v2\/product_cat?post=21475"},{"taxonomy":"product_tag","embeddable":true,"href":"http:\/\/ksiegarnia-akademicka.pl\/index.php\/wp-json\/wp\/v2\/product_tag?post=21475"}],"curies":[{"name":"wp","href":"https:\/\/api.w.org\/{rel}","templated":true}]}}