{"id":21445,"date":"2025-11-15T11:26:25","date_gmt":"2025-11-15T10:26:25","guid":{"rendered":"http:\/\/ksiegarnia-akademicka.pl\/?post_type=product&#038;p=21445"},"modified":"2025-11-15T11:26:26","modified_gmt":"2025-11-15T10:26:26","slug":"erystyka-sztuka-prowadzenia-sporow","status":"publish","type":"product","link":"http:\/\/ksiegarnia-akademicka.pl\/index.php\/product\/erystyka-sztuka-prowadzenia-sporow\/","title":{"rendered":"Erystyka. Sztuka prowadzenia spor\u00f3w"},"content":{"rendered":"<div class=\"grupa osoby\"><span class=\"meta-head\">Autor: <\/span>Arthur Schopenhauer<\/div>\n<div class=\"grupa osoby\"><span class=\"meta-head-blue\">T\u0142umacze:<\/span>\u00a0<span class=\"meta-value\">Marian Leon Kalinowski<\/span><\/div>\n<div class=\"grupa wydawca\"><span class=\"meta-head\">Wydawca:<\/span>\u00a0Sensus<\/div>\n<div class=\"grupa dane\">\n<div>Oprawa:\u00a0<span class=\"meta-value-bold\">Mi\u0119kka<\/span><\/div>\n<div>Format:\u00a0<span class=\"meta-value-bold\">12.2&#215;19.4cm<\/span><\/div>\n<div>Liczba stron:\u00a0<span class=\"meta-value-bold\">88<\/span><\/div>\n<div>Rok wydania:\u00a0<span class=\"meta-value-bold\">2022<\/span><\/div>\n<div>J\u0119zyk wydania:\u00a0<span class=\"meta-value-bold\">polski<\/span><\/div>\n<\/div>\n<div><\/div>\n<div>Erystyka, czyli sztuka prowadzenia spor\u00f3w<br \/>\nMistrzostwo s\u0142ownej szermierki<br \/>\n&#8222;Twoja racja, Sokratesie, jest tak odra\u017caj\u0105ca, jak tw\u00f3j wygl\u0105d&#8221;<br \/>\nW dzisiejszym \u015bwiecie polityki i biznesu, a tak\u017ce w \u017cyciu codziennym spory i dyskusje wygrywaj\u0105 nie ci, kt\u00f3rzy maj\u0105 racj\u0119, lecz ci, kt\u00f3rzy za pomoc\u0105 sprytnych sztuczek, a czasem nawet bezczelnych chwyt\u00f3w potrafi\u0105 zap\u0119dzi\u0107 przeciwnika w kozi r\u00f3g. Cz\u0119sto robi\u0105 to tak chytrze, \u017ce ich rozm\u00f3wcy nie zauwa\u017caj\u0105 powa\u017cnych b\u0142\u0119d\u00f3w logicznych w prezentowanym rozumowaniu. Owi wsp\u00f3\u0142cze\u015bni sofi\u015bci graj\u0105 na ludzkich emocjach i odwracaj\u0105 uwag\u0119 od sedna sprawy &#8211; wy\u0142\u0105cznie w celu upozorowania s\u0142uszno\u015bci swojej tezy. Warto pozna\u0107 techniki stosowane przez takich wytrawnych polemist\u00f3w &#8211; niekoniecznie po to, by je stosowa\u0107, lecz po to, by umie\u0107 broni\u0107 si\u0119 przed pu\u0142apkami, jakie na nas zastawiaj\u0105.<br \/>\nErystyka napisana zosta\u0142a przez niemieckiego filozofa Artura Schopenhauera oko\u0142o 1830 roku. Chocia\u017c od jej powstania min\u0119\u0142o ponad sto siedemdziesi\u0105t lat, ksi\u0105\u017cka ta nie straci\u0142a na aktualno\u015bci. Autor opisa\u0142 w niej trzydzie\u015bci osiem forteli stosowanych w dyskusjach przez ludzi, kt\u00f3rzy za wszelk\u0105 cen\u0119 chc\u0105 udowodni\u0107 swoj\u0105 racj\u0119, bez wzgl\u0119du na s\u0142uszno\u015b\u0107 ich argument\u00f3w. To wspania\u0142e dzie\u0142o, pe\u0142ne ciekawych spostrze\u017ce\u0144 i przyk\u0142ad\u00f3w zaczerpni\u0119tych z \u017cycia. Prowadzenie spor\u00f3w jest sztuk\u0105 &#8211; i warto si\u0119 jej nauczy\u0107.<\/div>\n","protected":false},"excerpt":{"rendered":"<p>Autor: Arthur Schopenhauer T\u0142umacze:\u00a0Marian Leon Kalinowski Wydawca:\u00a0Sensus Oprawa:\u00a0Mi\u0119kka Format:\u00a012.2&#215;19.4cm Liczba [&hellip;]<\/p>\n","protected":false},"featured_media":21446,"template":"","meta":[],"product_brand":[],"product_cat":[7497,18],"product_tag":[234,4482],"class_list":{"0":"post-21445","1":"product","2":"type-product","3":"status-publish","4":"has-post-thumbnail","6":"product_cat-ogolne-zagadnienia-prawa","7":"product_cat-prawo","8":"product_tag-logika","9":"product_tag-retoryka","11":"first","12":"instock","13":"sale","14":"shipping-taxable","15":"purchasable","16":"product-type-simple"},"_links":{"self":[{"href":"http:\/\/ksiegarnia-akademicka.pl\/index.php\/wp-json\/wp\/v2\/product\/21445","targetHints":{"allow":["GET"]}}],"collection":[{"href":"http:\/\/ksiegarnia-akademicka.pl\/index.php\/wp-json\/wp\/v2\/product"}],"about":[{"href":"http:\/\/ksiegarnia-akademicka.pl\/index.php\/wp-json\/wp\/v2\/types\/product"}],"wp:featuredmedia":[{"embeddable":true,"href":"http:\/\/ksiegarnia-akademicka.pl\/index.php\/wp-json\/wp\/v2\/media\/21446"}],"wp:attachment":[{"href":"http:\/\/ksiegarnia-akademicka.pl\/index.php\/wp-json\/wp\/v2\/media?parent=21445"}],"wp:term":[{"taxonomy":"product_brand","embeddable":true,"href":"http:\/\/ksiegarnia-akademicka.pl\/index.php\/wp-json\/wp\/v2\/product_brand?post=21445"},{"taxonomy":"product_cat","embeddable":true,"href":"http:\/\/ksiegarnia-akademicka.pl\/index.php\/wp-json\/wp\/v2\/product_cat?post=21445"},{"taxonomy":"product_tag","embeddable":true,"href":"http:\/\/ksiegarnia-akademicka.pl\/index.php\/wp-json\/wp\/v2\/product_tag?post=21445"}],"curies":[{"name":"wp","href":"https:\/\/api.w.org\/{rel}","templated":true}]}}