{"id":21432,"date":"2025-11-15T10:38:44","date_gmt":"2025-11-15T09:38:44","guid":{"rendered":"http:\/\/ksiegarnia-akademicka.pl\/?post_type=product&#038;p=21432"},"modified":"2025-11-15T10:38:45","modified_gmt":"2025-11-15T09:38:45","slug":"prawo-autorskie-komentarz","status":"publish","type":"product","link":"http:\/\/ksiegarnia-akademicka.pl\/index.php\/product\/prawo-autorskie-komentarz\/","title":{"rendered":"Prawo autorskie Komentarz"},"content":{"rendered":"<div class=\"grupa osoby\"><span class=\"meta-head\">Autor: <\/span>Adrian Niew\u0119g\u0142owski<\/div>\n<div class=\"grupa wydawca\"><span class=\"meta-head\">Wydawca:<\/span>\u00a0Wolters Kluwer<\/div>\n<div class=\"grupa dane\">\n<div>Oprawa:\u00a0<span class=\"meta-value-bold\">Twarda<\/span><\/div>\n<div>Format:\u00a0<span class=\"meta-value-bold\">17.0&#215;25.0cm<\/span><\/div>\n<div>Liczba stron:\u00a0<span class=\"meta-value-bold\">1180<\/span><\/div>\n<div>Wydanie:\u00a0<span class=\"meta-value-bold\">2<\/span><\/div>\n<div>Rok wydania:\u00a0<span class=\"meta-value-bold\">2025<\/span><\/div>\n<div>J\u0119zyk wydania:\u00a0<span class=\"meta-value-bold\">polski<\/span><\/div>\n<\/div>\n<div><\/div>\n<div>Ksi\u0105\u017cka stanowi praktyczny komentarz do ustawy o prawie autorskim i prawach pokrewnych uwzgl\u0119dniaj\u0105cy orzecznictwo polskich s\u0105d\u00f3w cywilnych i administracyjnych, Trybuna\u0142u Sprawiedliwo\u015bci Unii Europejskiej, jak r\u00f3wnie\u017c aktualne pogl\u0105dy doktryny.<\/p>\n<p>W opracowaniu przedstawiono m.in. nast\u0119puj\u0105ce zagadnienia:<\/p>\n<p>poj\u0119cie utworu i przedmiot\u00f3w praw pokrewnych,<br \/>\ndozwolony u\u017cytek utwor\u00f3w (osobisty i publiczny),<br \/>\nproblematyk\u0119 nadawania i reemitowania utwor\u00f3w, w tym w \u015brodowisku sieciowym,<br \/>\nodpowiedzialno\u015b\u0107 dostawc\u00f3w us\u0142ug udost\u0119pnienia tre\u015bci online,<br \/>\nkorzystanie z utwor\u00f3w niedost\u0119pnych w obrocie handlowym.<br \/>\nproblematyk\u0119 um\u00f3w przenosz\u0105cych prawa autorskie i pokrewne,<br \/>\nzagadnienia zwi\u0105zane z umowami licencyjnymi,<br \/>\nwyczerpanie w dziedzinie praw autorskich i pokrewnych,<br \/>\nszczeg\u00f3lne rodzaje utwor\u00f3w (programy komputerowe, dzie\u0142a audiowizualne),<br \/>\ncywilnoprawn\u0105 ochron\u0119 praw autorskich oraz praw pokrewnych,<br \/>\nprawa pokrewne producent\u00f3w, nadawc\u00f3w i wydawc\u00f3w, w tym wydawc\u00f3w prasy,<br \/>\nkarnoprawn\u0105 ochron\u0119 praw autorskich.<br \/>\nW drugim wydaniu publikacji uwzgl\u0119dniono zmiany zwi\u0105zane z implementacj\u0105 do polskiego porz\u0105dku prawnego dw\u00f3ch dyrektyw prawa Unii Europejskiej \u2013 dyrektywy 2019\/789, tzw. dyrektywy SATCAB II, kt\u00f3ra wprowadzi\u0142a do prawa unijnego nowe rozwi\u0105zania w dziedzinie transmisji online oraz reemitowania, oraz dyrektywy 2019\/790, tzw. dyrektywy DSM. Zmiany ni\u0105 regulowane obejmuj\u0105 m.in.: nowe przepisy dotycz\u0105ce dostawc\u00f3w us\u0142ug udost\u0119pniania tre\u015bci online, dodatkowych wynagrodze\u0144 dla tw\u00f3rc\u00f3w czy prawa pokrewnego wydawc\u00f3w prasy.<\/p>\n<p>Komentarz przeznaczony jest dla adwokat\u00f3w, radc\u00f3w prawnych, s\u0119dzi\u00f3w i innych os\u00f3b stykaj\u0105cych si\u0119 w codziennej pracy zawodowej z prawem autorskim, w szczeg\u00f3lno\u015bci tw\u00f3rc\u00f3w, wydawc\u00f3w i mened\u017cer\u00f3w w bran\u017cach artystycznych. B\u0119dzie pomocny studentom oraz doktorantom przygotowuj\u0105cym prace naukowe z zakresu prawa autorskiego i praw pokrewnych.<\/p><\/div>\n","protected":false},"excerpt":{"rendered":"<p>Autor: Adrian Niew\u0119g\u0142owski Wydawca:\u00a0Wolters Kluwer Oprawa:\u00a0Twarda Format:\u00a017.0&#215;25.0cm Liczba stron:\u00a01180 Wydanie:\u00a02 [&hellip;]<\/p>\n","protected":false},"featured_media":21433,"template":"","meta":[],"product_brand":[],"product_cat":[7491,18],"product_tag":[1016,615,4307,4603],"class_list":{"0":"post-21432","1":"product","2":"type-product","3":"status-publish","4":"has-post-thumbnail","6":"product_cat-cywilne","7":"product_cat-prawo","8":"product_tag-prawo-autorskie","9":"product_tag-prawo-cywilne","10":"product_tag-prawo-wlasnosci-intelektualnej","11":"product_tag-seria-komentarze-praktyczne","13":"first","14":"instock","15":"sale","16":"shipping-taxable","17":"purchasable","18":"product-type-simple"},"_links":{"self":[{"href":"http:\/\/ksiegarnia-akademicka.pl\/index.php\/wp-json\/wp\/v2\/product\/21432","targetHints":{"allow":["GET"]}}],"collection":[{"href":"http:\/\/ksiegarnia-akademicka.pl\/index.php\/wp-json\/wp\/v2\/product"}],"about":[{"href":"http:\/\/ksiegarnia-akademicka.pl\/index.php\/wp-json\/wp\/v2\/types\/product"}],"wp:featuredmedia":[{"embeddable":true,"href":"http:\/\/ksiegarnia-akademicka.pl\/index.php\/wp-json\/wp\/v2\/media\/21433"}],"wp:attachment":[{"href":"http:\/\/ksiegarnia-akademicka.pl\/index.php\/wp-json\/wp\/v2\/media?parent=21432"}],"wp:term":[{"taxonomy":"product_brand","embeddable":true,"href":"http:\/\/ksiegarnia-akademicka.pl\/index.php\/wp-json\/wp\/v2\/product_brand?post=21432"},{"taxonomy":"product_cat","embeddable":true,"href":"http:\/\/ksiegarnia-akademicka.pl\/index.php\/wp-json\/wp\/v2\/product_cat?post=21432"},{"taxonomy":"product_tag","embeddable":true,"href":"http:\/\/ksiegarnia-akademicka.pl\/index.php\/wp-json\/wp\/v2\/product_tag?post=21432"}],"curies":[{"name":"wp","href":"https:\/\/api.w.org\/{rel}","templated":true}]}}