{"id":21423,"date":"2025-11-15T10:19:50","date_gmt":"2025-11-15T09:19:50","guid":{"rendered":"http:\/\/ksiegarnia-akademicka.pl\/?post_type=product&#038;p=21423"},"modified":"2025-11-15T10:19:51","modified_gmt":"2025-11-15T09:19:51","slug":"praktyczne-wdrozenie-rozporzadzenia-dora","status":"publish","type":"product","link":"http:\/\/ksiegarnia-akademicka.pl\/index.php\/product\/praktyczne-wdrozenie-rozporzadzenia-dora\/","title":{"rendered":"Praktyczne wdro\u017cenie Rozporz\u0105dzenia DORA"},"content":{"rendered":"<div class=\"grupa osoby\"><span class=\"meta-head\">Autor: <\/span>Bartosz Bacia, Wojciech Da\u0144czyszyn, Piotr Filipowski<\/div>\n<div class=\"grupa osoby\"><span class=\"meta-head-blue\">Redakcja:<\/span>\u00a0<span class=\"meta-value\">Bacia Bartosz<\/span><\/div>\n<div class=\"grupa wydawca\"><span class=\"meta-head\">Wydawca:<\/span>\u00a0Wolters Kluwer<\/div>\n<div class=\"grupa dane\">\n<div>Oprawa:\u00a0<span class=\"meta-value-bold\">Mi\u0119kka<\/span><\/div>\n<div>Liczba stron:\u00a0<span class=\"meta-value-bold\">418<\/span><\/div>\n<div>Wydanie:\u00a0<span class=\"meta-value-bold\">1<\/span><\/div>\n<div>Rok wydania:\u00a0<span class=\"meta-value-bold\">2025<\/span><\/div>\n<div>J\u0119zyk wydania:\u00a0<span class=\"meta-value-bold\">polski<\/span><\/div>\n<\/div>\n<div><\/div>\n<div>Ksi\u0105\u017cka jest praktycznym przewodnikiem po najwa\u017cniejszych aspektach wdro\u017cenia w organizacji wymog\u00f3w rozporz\u0105dzenia Parlamentu Europejskiego i Rady (UE) 2022\/2554 z 14.12.2022 r. w sprawie operacyjnej odporno\u015bci cyfrowej sektora finansowego (\u201eRozporz\u0105dzenie DORA\u201d) oraz towarzysz\u0105cych temu aktowi prawnemu rozporz\u0105dze\u0144 delegowanych Komisji \u2013 Regulacyjnych Standard\u00f3w Technicznych (RTS).<\/p>\n<p>Ka\u017cdy z rozdzia\u0142\u00f3w zawiera om\u00f3wienie konkretnego obszaru tematycznego odpowiadaj\u0105cego systematyce Rozporz\u0105dzenia DORA, kt\u00f3re skupia si\u0119 na analizie wyzwa\u0144 zwi\u0105zanych z realizacj\u0105 wymog\u00f3w prawnych. Wskazuje r\u00f3wnie\u017c praktyczne rekomendacje rozwi\u0105za\u0144 przydatnych dla os\u00f3b operacyjnie odpowiedzialnych za zgodno\u015b\u0107 danej instytucji z przepisami tego Rozporz\u0105dzenia.<\/p>\n<p>Publikacja porusza m.in. takie kwestie jak:<br \/>\n\u2022 proces identyfikacji funkcji krytycznych lub istotnych;<br \/>\n\u2022 kszta\u0142t i spos\u00f3b wype\u0142niania rejestru informacji;<br \/>\n\u2022 klasyfikacja us\u0142ug ICT;<br \/>\n\u2022 raportowanie, proces testowania odporno\u015bci cyfrowej;<br \/>\n\u2022 relacje kontraktowe i ocena ryzyka stron trzecich;<br \/>\n\u2022 identyfikacja oraz zapobieganie incydentom, wymiana informacji o cyberzagro\u017ceniach mi\u0119dzy podmiotami sektora finansowego;<br \/>\n\u2022 zale\u017cno\u015b\u0107 mi\u0119dzy wymogami norm ISO, BSI a wymogami Rozporz\u0105dzenia DORA.<\/p>\n<p>Sformu\u0142owane w ksi\u0105\u017cce opinie dotycz\u0105ce sposobu wdro\u017cenia wymog\u00f3w regulacyjnych uwzgl\u0119dniaj\u0105 do\u015bwiadczenia zdobyte przez autor\u00f3w w projektach wdro\u017ceniowych zrealizowanych w najwi\u0119kszych instytucjach finansowych w Polsce. Opracowanie przeznaczone jest dla dyrektor\u00f3w i menad\u017cer\u00f3w compliance, dzia\u0142\u00f3w bezpiecze\u0144stwa i IT oraz dla przedsi\u0119biorc\u00f3w bran\u017cy finansowej i IT.<\/p>\n<p>Autorzy:<br \/>\nBartosz Bacia, Wojciech Da\u0144czyszyn, Piotr Filipowski, Anna J\u0119drej-Gilu\u0144, Arkadiusz Kawulski, Magdalena Matysiak, Micha\u0142 Mostowik, Adam Rasi\u0144ski, Rafa\u0142 Rudzki, Witold Srokosz, Pawe\u0142 Szulik, Adam Wo\u017aniak<\/p><\/div>\n","protected":false},"excerpt":{"rendered":"<p>Autor: Bartosz Bacia, Wojciech Da\u0144czyszyn, Piotr Filipowski Redakcja:\u00a0Bacia Bartosz Wydawca:\u00a0Wolters [&hellip;]<\/p>\n","protected":false},"featured_media":21424,"template":"","meta":[],"product_brand":[],"product_cat":[7495,36,18],"product_tag":[8667,1008,5800],"class_list":{"0":"post-21423","1":"product","2":"type-product","3":"status-publish","4":"has-post-thumbnail","6":"product_cat-gospodarcze-i-handlowe","7":"product_cat-informatyka","8":"product_cat-prawo","9":"product_tag-bezpieczenstwo-it","10":"product_tag-prawo","11":"product_tag-seria-prawo-w-praktyce","13":"first","14":"instock","15":"sale","16":"shipping-taxable","17":"purchasable","18":"product-type-simple"},"_links":{"self":[{"href":"http:\/\/ksiegarnia-akademicka.pl\/index.php\/wp-json\/wp\/v2\/product\/21423","targetHints":{"allow":["GET"]}}],"collection":[{"href":"http:\/\/ksiegarnia-akademicka.pl\/index.php\/wp-json\/wp\/v2\/product"}],"about":[{"href":"http:\/\/ksiegarnia-akademicka.pl\/index.php\/wp-json\/wp\/v2\/types\/product"}],"wp:featuredmedia":[{"embeddable":true,"href":"http:\/\/ksiegarnia-akademicka.pl\/index.php\/wp-json\/wp\/v2\/media\/21424"}],"wp:attachment":[{"href":"http:\/\/ksiegarnia-akademicka.pl\/index.php\/wp-json\/wp\/v2\/media?parent=21423"}],"wp:term":[{"taxonomy":"product_brand","embeddable":true,"href":"http:\/\/ksiegarnia-akademicka.pl\/index.php\/wp-json\/wp\/v2\/product_brand?post=21423"},{"taxonomy":"product_cat","embeddable":true,"href":"http:\/\/ksiegarnia-akademicka.pl\/index.php\/wp-json\/wp\/v2\/product_cat?post=21423"},{"taxonomy":"product_tag","embeddable":true,"href":"http:\/\/ksiegarnia-akademicka.pl\/index.php\/wp-json\/wp\/v2\/product_tag?post=21423"}],"curies":[{"name":"wp","href":"https:\/\/api.w.org\/{rel}","templated":true}]}}