{"id":21412,"date":"2025-11-15T09:36:28","date_gmt":"2025-11-15T08:36:28","guid":{"rendered":"http:\/\/ksiegarnia-akademicka.pl\/?post_type=product&#038;p=21412"},"modified":"2025-11-15T09:36:28","modified_gmt":"2025-11-15T08:36:28","slug":"dochodzenie-roszczen-w-postepowaniu-grupowym-komentarz-2","status":"publish","type":"product","link":"http:\/\/ksiegarnia-akademicka.pl\/index.php\/product\/dochodzenie-roszczen-w-postepowaniu-grupowym-komentarz-2\/","title":{"rendered":"Dochodzenie roszcze\u0144 w post\u0119powaniu grupowym Komentarz"},"content":{"rendered":"<div class=\"grupa seria\"><span class=\"meta-head-blue\">Nale\u017cy do serii: <\/span>KOMENTARZE PRAKTYCZNE<\/div>\n<div class=\"grupa osoby\"><span class=\"meta-head\">Autor:\u00a0 <\/span>Ma\u0142gorzata Sieradzka<\/div>\n<div class=\"grupa wydawca\"><span class=\"meta-head\">Wydawca:<\/span>\u00a0Wolters Kluwer<\/div>\n<div class=\"grupa dane\">\n<div>Oprawa:\u00a0<span class=\"meta-value-bold\">Twarda<\/span><\/div>\n<div>Format:\u00a0<span class=\"meta-value-bold\">15.0&#215;21.0cm<\/span><\/div>\n<div>Liczba stron:\u00a0<span class=\"meta-value-bold\">550<\/span><\/div>\n<div>Wydanie:\u00a0<span class=\"meta-value-bold\">4<\/span><\/div>\n<div>Rok wydania:\u00a0<span class=\"meta-value-bold\">2025<\/span><\/div>\n<div>J\u0119zyk wydania:\u00a0<span class=\"meta-value-bold\">polski<\/span><\/div>\n<\/div>\n<div><\/div>\n<div>W ksi\u0105\u017cce szczeg\u00f3\u0142owo om\u00f3wiono praktyczne aspekty stosowania ustawy o dochodzeniu roszcze\u0144 w post\u0119powaniu grupowym, a tak\u017ce wskazano wyk\u0142adni\u0119 przepis\u00f3w niejasnych lub budz\u0105cych w\u0105tpliwo\u015bci.<\/p>\n<p>Autorka opisa\u0142a m.in. takie instytucje, jak:<br \/>\nujednolicenie roszcze\u0144,<br \/>\npozew grupowy,<br \/>\nreprezentant grupy,<br \/>\nwyrok przes\u0105dzaj\u0105cy o odpowiedzialno\u015bci pozwanego.<\/p>\n<p>Czwarte wydanie komentarza uwzgl\u0119dnia ostatnie zmiany prawne, w tym nowelizacj\u0119 dokonan\u0105 ustaw\u0105 z 24.07.2024 r. o zmianie ustawy o dochodzeniu roszcze\u0144 w post\u0119powaniu grupowym oraz niekt\u00f3rych innych ustaw (Dz.U. poz. 1237), kt\u00f3ra wdro\u017cy\u0142a dyrektyw\u0119 Parlamentu Europejskiego i Rady (UE) 2020\/1828 z 25.11.2020 r. w sprawie pow\u00f3dztw przedstawicielskich wytaczanych w celu ochrony zbiorowych interes\u00f3w konsument\u00f3w i uchylaj\u0105c\u0105 dyrektyw\u0119 2009\/22\/WE. W szczeg\u00f3lno\u015bci dokonano analizy nowej instytucji, jak\u0105 stanowi\u0105 pow\u00f3dztwa przedstawicielskie, czyli pow\u00f3dztwa wytaczane w imieniu konsument\u00f3w w celu do prowadzenia do zaprzestania stosowania przez przedsi\u0119biorc\u0119 szkodliwej praktyki lub w celu zastosowania \u015brodka naprawczego w zwi\u0105zku z jej stosowaniem.<\/p>\n<p>Publikacja jest przeznaczona dla adwokat\u00f3w, radc\u00f3w prawnych, s\u0119dzi\u00f3w, rzecznik\u00f3w konsument\u00f3w, a tak\u017ce teoretyk\u00f3w prawa procesowego cywilnego.<\/p><\/div>\n","protected":false},"excerpt":{"rendered":"<p>Nale\u017cy do serii: KOMENTARZE PRAKTYCZNE Autor:\u00a0 Ma\u0142gorzata Sieradzka Wydawca:\u00a0Wolters Kluwer [&hellip;]<\/p>\n","protected":false},"featured_media":21413,"template":"","meta":[],"product_brand":[],"product_cat":[7491,18],"product_tag":[615,6279,4603],"class_list":{"0":"post-21412","1":"product","2":"type-product","3":"status-publish","4":"has-post-thumbnail","6":"product_cat-cywilne","7":"product_cat-prawo","8":"product_tag-prawo-cywilne","9":"product_tag-prawo-procesowe","10":"product_tag-seria-komentarze-praktyczne","12":"first","13":"instock","14":"sale","15":"shipping-taxable","16":"purchasable","17":"product-type-simple"},"_links":{"self":[{"href":"http:\/\/ksiegarnia-akademicka.pl\/index.php\/wp-json\/wp\/v2\/product\/21412","targetHints":{"allow":["GET"]}}],"collection":[{"href":"http:\/\/ksiegarnia-akademicka.pl\/index.php\/wp-json\/wp\/v2\/product"}],"about":[{"href":"http:\/\/ksiegarnia-akademicka.pl\/index.php\/wp-json\/wp\/v2\/types\/product"}],"wp:featuredmedia":[{"embeddable":true,"href":"http:\/\/ksiegarnia-akademicka.pl\/index.php\/wp-json\/wp\/v2\/media\/21413"}],"wp:attachment":[{"href":"http:\/\/ksiegarnia-akademicka.pl\/index.php\/wp-json\/wp\/v2\/media?parent=21412"}],"wp:term":[{"taxonomy":"product_brand","embeddable":true,"href":"http:\/\/ksiegarnia-akademicka.pl\/index.php\/wp-json\/wp\/v2\/product_brand?post=21412"},{"taxonomy":"product_cat","embeddable":true,"href":"http:\/\/ksiegarnia-akademicka.pl\/index.php\/wp-json\/wp\/v2\/product_cat?post=21412"},{"taxonomy":"product_tag","embeddable":true,"href":"http:\/\/ksiegarnia-akademicka.pl\/index.php\/wp-json\/wp\/v2\/product_tag?post=21412"}],"curies":[{"name":"wp","href":"https:\/\/api.w.org\/{rel}","templated":true}]}}