{"id":21390,"date":"2025-11-12T10:54:47","date_gmt":"2025-11-12T09:54:47","guid":{"rendered":"http:\/\/ksiegarnia-akademicka.pl\/?post_type=product&#038;p=21390"},"modified":"2025-11-12T10:54:48","modified_gmt":"2025-11-12T09:54:48","slug":"quo-vaidis","status":"publish","type":"product","link":"http:\/\/ksiegarnia-akademicka.pl\/index.php\/product\/quo-vaidis\/","title":{"rendered":"Quo vAIdis"},"content":{"rendered":"<div class=\"grupa osoby\"><span class=\"meta-head\">Autor: <\/span>Andrzej Dragan<\/div>\n<div class=\"grupa wydawca\"><span class=\"meta-head\">Wydawca:<\/span>\u00a0Otwarte<\/div>\n<div class=\"grupa dane\">\n<div>Oprawa:\u00a0<span class=\"meta-value-bold\">Twarda<\/span><\/div>\n<div>Format:\u00a0<span class=\"meta-value-bold\">15.5&#215;21.5cm<\/span><\/div>\n<div>Liczba stron:\u00a0<span class=\"meta-value-bold\">320<\/span><\/div>\n<div>Wydanie:\u00a0<span class=\"meta-value-bold\">1<\/span><\/div>\n<div>Rok wydania:\u00a0<span class=\"meta-value-bold\">2025<\/span><\/div>\n<div>J\u0119zyk wydania:\u00a0<span class=\"meta-value-bold\">polski<\/span><\/div>\n<\/div>\n<div><\/div>\n<div>Od program\u00f3w sprytniejszych od swoich tw\u00f3rc\u00f3w po jednoro\u017cce rysowane przez sieci neuronowe \u2013 jest tu wszystko, czego potrzeba, by samodzielnie my\u015ble\u0107 o AI. Autor nie moralizuje, tylko grzebie, dziwi si\u0119 i pokazuje, jak dzia\u0142a \u015bwiat opisywany r\u00f3wnaniami i kodem. To jedna z tych ksi\u0105\u017cek, po kt\u00f3rych \u015bwiat widzi si\u0119 troch\u0119 wyra\u017aniej. &#8211; Wojciech Zaremba, wsp\u00f3\u0142za\u0142o\u017cyciel OpenAI AI nabiera g\u0142\u0119bszego sensu wraz z ksi\u0105\u017ck\u0105 Andrzeja Dragana. Czy to tylko funkcja matematyczna, mno\u017cenie macierzy odtwarzaj\u0105ce kolejne s\u0142owa jak stochastyczna papuga, bezduszny tw\u00f3r informatyk\u00f3w? Czy jednak modele wykazuj\u0105 cechy prawdziwej inteligencji, rozumuj\u0105 i s\u0105 kreatywne? Ta ksi\u0105\u017cka to panoramiczny obraz, ale te\u017c \u015bwie\u017ce spojrzenie na tematyk\u0119 AI. Niezwykle przyst\u0119pnie opisuje mechanizmy dzia\u0142ania modeli j\u0119zykowych. Poruszy niejeden neuron w naszych g\u0142owach. &#8211; Remek Kinas, wsp\u00f3\u0142tw\u00f3rca polskiego modelu j\u0119zykowego Bielik Andrzej Dragan jest profesorem fizyki na Uniwersytecie Warszawskim oraz National University of Singapore, zajmuje si\u0119 \u0142\u0105czeniem teorii wzgl\u0119dno\u015bci z teori\u0105 kwantow\u0105. Laureat nagr\u00f3d i stypendi\u00f3w European Science Foundation, ministra edukacji, Fundacji na rzecz Nauki Polskiej, Narodowego Centrum Nauki i tygodnika \u201ePolityka\u201d, zdobywca tytu\u0142u Wizjoner Roku Digital Shapers. Stypendysta University of Oxford. Pracowa\u0142 w Imperial College London i na University of Nottingham. Autor trzech ksi\u0105\u017cek i ponad sze\u015b\u0107dziesi\u0119ciu artyku\u0142\u00f3w naukowych. Zdoby\u0142 te\u017c tytu\u0142 Fotografa Roku brytyjskiego pisma \u201eDigital Camera\u201d i statuetk\u0119 Fryderyka, by\u0142 nominowany do Z\u0142otego Lwa na festiwalu reklamowym w Cannes. Tw\u00f3rca fotograficznego efektu Dragana \u2013 jego prace wystawiano w kilkunastu krajach. Zdobywca nagrody g\u0142\u00f3wnej na London Fashion Film Festival, Popkillera oraz wyr\u00f3\u017cnienia Best in Show magazynu \u201eCreative Review\u201d, a tak\u017ce nagr\u00f3d na festiwalach Berlin Music Video Awards, Epica Awards, Script Fiesta i ponad dwudziestu nagr\u00f3d w konkursie KTR, w tym Best of Culture. Jako nastolatek wygrywa\u0142 liczne konkursy muzyki elektronicznej w ramach demosceny. Nigdy nie pi\u0142 kawy. Dragan bada AI jak nieznane zwierz\u0119, dziwny fenomen przyrody. Ogl\u0105da z r\u00f3\u017cnych stron. Testuje. D\u017aga i przek\u0142uwa. Ucz\u0105c siebie \u2013 i czytelnika \u2013 tej rzeczywisto\u015bci z ciekawo\u015bci\u0105 ADHD-owego dzieciaka, w\u0142a\u015bciw\u0105 naukowcom-odkrywcom. &#8211; Jacek Dukaj, pisarz AI wp\u0142ynie na ka\u017cdy aspekt naszego \u017cycia, a \u201eQuo vAIdis\u201d przyst\u0119pnie \u2013 i zaskakuj\u0105co dog\u0142\u0119bnie \u2013 wyja\u015bnia kluczowe poj\u0119cia tej dziedziny. To niezb\u0119dnik do ka\u017cdej powa\u017cnej rozmowy o AI. -prof. Aleksander M\u0105dry, MIT, OpenAI Warto przeczyta\u0107, aby zrozumie\u0107, czym jest inteligencja. Ta \u201eprawdziwa\u201d i ta \u201esztuczna\u201d. &#8211; prof. Piotr Sankowski, UW, Ideas NCBR<\/div>\n","protected":false},"excerpt":{"rendered":"<p>Autor: Andrzej Dragan Wydawca:\u00a0Otwarte Oprawa:\u00a0Twarda Format:\u00a015.5&#215;21.5cm Liczba stron:\u00a0320 Wydanie:\u00a01 Rok [&hellip;]<\/p>\n","protected":false},"featured_media":21391,"template":"","meta":[],"product_brand":[],"product_cat":[36,27,7530,7508],"product_tag":[7475],"class_list":{"0":"post-21390","1":"product","2":"type-product","3":"status-publish","4":"has-post-thumbnail","6":"product_cat-informatyka","7":"product_cat-nauki-spoleczne","8":"product_cat-nowosci","9":"product_cat-socjologia","10":"product_tag-sztuczna-inteligencja","12":"first","13":"instock","14":"sale","15":"shipping-taxable","16":"purchasable","17":"product-type-simple"},"_links":{"self":[{"href":"http:\/\/ksiegarnia-akademicka.pl\/index.php\/wp-json\/wp\/v2\/product\/21390","targetHints":{"allow":["GET"]}}],"collection":[{"href":"http:\/\/ksiegarnia-akademicka.pl\/index.php\/wp-json\/wp\/v2\/product"}],"about":[{"href":"http:\/\/ksiegarnia-akademicka.pl\/index.php\/wp-json\/wp\/v2\/types\/product"}],"wp:featuredmedia":[{"embeddable":true,"href":"http:\/\/ksiegarnia-akademicka.pl\/index.php\/wp-json\/wp\/v2\/media\/21391"}],"wp:attachment":[{"href":"http:\/\/ksiegarnia-akademicka.pl\/index.php\/wp-json\/wp\/v2\/media?parent=21390"}],"wp:term":[{"taxonomy":"product_brand","embeddable":true,"href":"http:\/\/ksiegarnia-akademicka.pl\/index.php\/wp-json\/wp\/v2\/product_brand?post=21390"},{"taxonomy":"product_cat","embeddable":true,"href":"http:\/\/ksiegarnia-akademicka.pl\/index.php\/wp-json\/wp\/v2\/product_cat?post=21390"},{"taxonomy":"product_tag","embeddable":true,"href":"http:\/\/ksiegarnia-akademicka.pl\/index.php\/wp-json\/wp\/v2\/product_tag?post=21390"}],"curies":[{"name":"wp","href":"https:\/\/api.w.org\/{rel}","templated":true}]}}