{"id":21345,"date":"2025-11-05T12:08:31","date_gmt":"2025-11-05T11:08:31","guid":{"rendered":"http:\/\/ksiegarnia-akademicka.pl\/?post_type=product&#038;p=21345"},"modified":"2025-11-05T12:08:31","modified_gmt":"2025-11-05T11:08:31","slug":"prawo-spadkowe-z-testami-online-2","status":"publish","type":"product","link":"http:\/\/ksiegarnia-akademicka.pl\/index.php\/product\/prawo-spadkowe-z-testami-online-2\/","title":{"rendered":"Prawo spadkowe z testami online"},"content":{"rendered":"<div class=\"grupa seria\"><span class=\"meta-head-blue\">Nale\u017cy do serii: <\/span>SKRYPTY BECKA<\/div>\n<div class=\"grupa osoby\"><span class=\"meta-head\">Autor: <\/span>Agnieszka Kawa\u0142ko<\/div>\n<div class=\"grupa wydawca\"><span class=\"meta-head\">Wydawca:<\/span>\u00a0C.H. Beck<\/div>\n<div class=\"grupa dane\">\n<div>Oprawa:\u00a0<span class=\"meta-value-bold\">Mi\u0119kka<\/span><\/div>\n<div>Format:\u00a0<span class=\"meta-value-bold\">16.5&#215;23.8cm<\/span><\/div>\n<div>Liczba stron:\u00a0<span class=\"meta-value-bold\">308<\/span><\/div>\n<div>Wydanie:\u00a0<span class=\"meta-value-bold\">7<\/span><\/div>\n<div>Rok wydania:\u00a0<span class=\"meta-value-bold\">2025<\/span><\/div>\n<div>J\u0119zyk wydania:\u00a0<span class=\"meta-value-bold\">polski<\/span><\/div>\n<\/div>\n<div><\/div>\n<div>Skrypt \u201ePrawo spadkowe\u201d zawiera om\u00f3wienie wszystkich instytucji prawa spadkowego wraz z licznymi przyk\u0142adami ich zastosowania. Zosta\u0142y w nim przedstawione przede wszystkim uregulowania zawarte w Ksi\u0119dze IV Kodeksu cywilnego.<\/p>\n<p>Om\u00f3wiono m.in. zagadnienia:<\/p>\n<p>poj\u0119cia spadku,<br \/>\notwarcia i nabycia spadku,\\<br \/>\ndziedziczenia testamentowego i ustawowego,<br \/>\nniegodno\u015bci dziedziczenia,<br \/>\nprzyj\u0119cia i odrzucenia spadku,<br \/>\nodpowiedzialno\u015bci za d\u0142ugi spadkowe,<br \/>\ndzia\u0142u spadku,<br \/>\nzachowku.<br \/>\nW 7. wydaniu skryptu uwzgl\u0119dniono ostatnie nowelizacje Ksi\u0119gi IV Kodeksu cywilnego, w szczeg\u00f3lno\u015bci dotycz\u0105ce niegodno\u015bci dziedziczenia, przyj\u0119cia i odrzucenia spadku, najnowsze orzecznictwo s\u0105dowe i literatur\u0119 z zakresu prawa spadkowego.<\/p>\n<p>Na ko\u0144cu rozdzia\u0142\u00f3w znajduj\u0105 si\u0119 kazusy, kt\u00f3re w zamierzeniu Autorek maj\u0105 by\u0107 pomocne przy nabyciu praktycznej umiej\u0119tno\u015bci rozwi\u0105zywania problem\u00f3w prawa spadkowego.<\/p>\n<p>Skrypt przygotowano przede wszystkim z my\u015bl\u0105 o studentach wydzia\u0142\u00f3w prawa i administracji, aplikantach, ale tak\u017ce wszystkich zainteresowanych problematyk\u0105 dziedziczenia.<\/p><\/div>\n","protected":false},"excerpt":{"rendered":"<p>Nale\u017cy do serii: SKRYPTY BECKA Autor: Agnieszka Kawa\u0142ko Wydawca:\u00a0C.H. Beck [&hellip;]<\/p>\n","protected":false},"featured_media":21346,"template":"","meta":[],"product_brand":[],"product_cat":[7491,7530,18],"product_tag":[618,691],"class_list":{"0":"post-21345","1":"product","2":"type-product","3":"status-publish","4":"has-post-thumbnail","6":"product_cat-cywilne","7":"product_cat-nowosci","8":"product_cat-prawo","9":"product_tag-prawo-spadkowe","10":"product_tag-seria-skrypty-becka","12":"first","13":"instock","14":"sale","15":"shipping-taxable","16":"purchasable","17":"product-type-simple"},"_links":{"self":[{"href":"http:\/\/ksiegarnia-akademicka.pl\/index.php\/wp-json\/wp\/v2\/product\/21345","targetHints":{"allow":["GET"]}}],"collection":[{"href":"http:\/\/ksiegarnia-akademicka.pl\/index.php\/wp-json\/wp\/v2\/product"}],"about":[{"href":"http:\/\/ksiegarnia-akademicka.pl\/index.php\/wp-json\/wp\/v2\/types\/product"}],"wp:featuredmedia":[{"embeddable":true,"href":"http:\/\/ksiegarnia-akademicka.pl\/index.php\/wp-json\/wp\/v2\/media\/21346"}],"wp:attachment":[{"href":"http:\/\/ksiegarnia-akademicka.pl\/index.php\/wp-json\/wp\/v2\/media?parent=21345"}],"wp:term":[{"taxonomy":"product_brand","embeddable":true,"href":"http:\/\/ksiegarnia-akademicka.pl\/index.php\/wp-json\/wp\/v2\/product_brand?post=21345"},{"taxonomy":"product_cat","embeddable":true,"href":"http:\/\/ksiegarnia-akademicka.pl\/index.php\/wp-json\/wp\/v2\/product_cat?post=21345"},{"taxonomy":"product_tag","embeddable":true,"href":"http:\/\/ksiegarnia-akademicka.pl\/index.php\/wp-json\/wp\/v2\/product_tag?post=21345"}],"curies":[{"name":"wp","href":"https:\/\/api.w.org\/{rel}","templated":true}]}}