{"id":21314,"date":"2025-10-31T12:51:03","date_gmt":"2025-10-31T11:51:03","guid":{"rendered":"http:\/\/ksiegarnia-akademicka.pl\/?post_type=product&#038;p=21314"},"modified":"2025-10-31T12:51:06","modified_gmt":"2025-10-31T11:51:06","slug":"ostre-ciecie-jak-niszczono-polska-kolej-2","status":"publish","type":"product","link":"http:\/\/ksiegarnia-akademicka.pl\/index.php\/product\/ostre-ciecie-jak-niszczono-polska-kolej-2\/","title":{"rendered":"Ostre ci\u0119cie Jak niszczono polsk\u0105 kolej"},"content":{"rendered":"<div class=\"grupa osoby\"><span class=\"meta-head\">Autor: <\/span>Karol Trammer<\/div>\n<div class=\"grupa wydawca\"><span class=\"meta-head\">Wydawca:<\/span>\u00a0Wydawnictwo Krytyki Politycznej<\/div>\n<div class=\"grupa dane\">\n<div>Oprawa:\u00a0<span class=\"meta-value-bold\">Mi\u0119kka ze skrzyde\u0142kami<\/span><\/div>\n<div>Format:\u00a0<span class=\"meta-value-bold\">13.5&#215;20.5cm<\/span><\/div>\n<div>Liczba stron:\u00a0<span class=\"meta-value-bold\">288<\/span><\/div>\n<div>Wydanie:\u00a0<span class=\"meta-value-bold\">1<\/span><\/div>\n<div>Rok wydania:\u00a0<span class=\"meta-value-bold\">2019<\/span><\/div>\n<div>J\u0119zyk wydania:\u00a0<span class=\"meta-value-bold\">polski<\/span><\/div>\n<\/div>\n<div><\/div>\n<div>Wielkie reformy, miliardy z Unii na zr\u00f3wnowa\u017cony rozw\u00f3j, rekordy pr\u0119dko\u015bci poci\u0105g\u00f3w i ilo\u015bci pasa\u017cer\u00f3w, a tymczasem polskimi kolejami w III RP wci\u0105\u017c je\u017adzi mniej ludzi ni\u017c w PRL-u, a najnowsze tabory maj\u0105 problem z osi\u0105gni\u0119ciem czasu przejazd\u00f3w sprzed wojny. Co si\u0119 sta\u0142o, \u017ce jest tak dobrze, skoro jest tak \u017ale?<br \/>\nTo nie tylko efekt propagandy kolejnych ministr\u00f3w, dyrektor\u00f3w i prezes\u00f3w sp\u00f3\u0142ek kolejowych, ale r\u00f3wnie\u017c skutek celowej polityki polskich rz\u0105d\u00f3w, niezale\u017cnie od opcji politycznej. Polscy decydenci &#8211; wbrew \u015bwiatowym trendom i eksperckiej wiedzy &#8211; przyj\u0119li sobie za cel likwidacj\u0119 \u201enierentownej\u201d infrastruktury, odbieraj\u0105c ca\u0142ym miastom i miasteczkom ich \u201eokno na \u015bwiat\u201d.<br \/>\nCzy zapa\u015b\u0107 polskiej kolei by\u0142a niemo\u017cliwa do unikni\u0119cia? Karol Trammer nie tylko opisuje kto i jak likwidowa\u0142 polsk\u0105 kolej, ale r\u00f3wnie\u017c wskazuje na polityczne mechanizmy, kt\u00f3re sprawi\u0142y, \u017ce sta\u0142a si\u0119 mo\u017cliwa ta pi\u0119kna katastrofa polskiego kolejnictwa, a tak\u017ce ca\u0142kiem naoczne katastrofy jak w Szczekocinach, na stacji Baby, czy w Korzybiu.<\/div>\n","protected":false},"excerpt":{"rendered":"<p>Autor: Karol Trammer Wydawca:\u00a0Wydawnictwo Krytyki Politycznej Oprawa:\u00a0Mi\u0119kka ze skrzyde\u0142kami Format:\u00a013.5&#215;20.5cm [&hellip;]<\/p>\n","protected":false},"featured_media":21315,"template":"","meta":[],"product_brand":[],"product_cat":[41,7923],"product_tag":[495,4548,150],"class_list":{"0":"post-21314","1":"product","2":"type-product","3":"status-publish","4":"has-post-thumbnail","6":"product_cat-nauki-techniczne","7":"product_cat-transport-kolejowy","8":"product_tag-polityka","9":"product_tag-reportaz","10":"product_tag-transport-kolejowy","12":"first","13":"instock","14":"sale","15":"shipping-taxable","16":"purchasable","17":"product-type-simple"},"_links":{"self":[{"href":"http:\/\/ksiegarnia-akademicka.pl\/index.php\/wp-json\/wp\/v2\/product\/21314","targetHints":{"allow":["GET"]}}],"collection":[{"href":"http:\/\/ksiegarnia-akademicka.pl\/index.php\/wp-json\/wp\/v2\/product"}],"about":[{"href":"http:\/\/ksiegarnia-akademicka.pl\/index.php\/wp-json\/wp\/v2\/types\/product"}],"wp:featuredmedia":[{"embeddable":true,"href":"http:\/\/ksiegarnia-akademicka.pl\/index.php\/wp-json\/wp\/v2\/media\/21315"}],"wp:attachment":[{"href":"http:\/\/ksiegarnia-akademicka.pl\/index.php\/wp-json\/wp\/v2\/media?parent=21314"}],"wp:term":[{"taxonomy":"product_brand","embeddable":true,"href":"http:\/\/ksiegarnia-akademicka.pl\/index.php\/wp-json\/wp\/v2\/product_brand?post=21314"},{"taxonomy":"product_cat","embeddable":true,"href":"http:\/\/ksiegarnia-akademicka.pl\/index.php\/wp-json\/wp\/v2\/product_cat?post=21314"},{"taxonomy":"product_tag","embeddable":true,"href":"http:\/\/ksiegarnia-akademicka.pl\/index.php\/wp-json\/wp\/v2\/product_tag?post=21314"}],"curies":[{"name":"wp","href":"https:\/\/api.w.org\/{rel}","templated":true}]}}