{"id":21263,"date":"2025-10-14T13:50:25","date_gmt":"2025-10-14T11:50:25","guid":{"rendered":"http:\/\/ksiegarnia-akademicka.pl\/?post_type=product&#038;p=21263"},"modified":"2025-10-14T13:50:26","modified_gmt":"2025-10-14T11:50:26","slug":"dostatek","status":"publish","type":"product","link":"http:\/\/ksiegarnia-akademicka.pl\/index.php\/product\/dostatek\/","title":{"rendered":"Dostatek"},"content":{"rendered":"<div class=\"grupa osoby\"><span class=\"meta-head\">Autor:\u00a0 D<\/span>erek Thompson,\u00a0 Ezra Klein<\/div>\n<div class=\"grupa osoby\"><span class=\"meta-head-blue\">T\u0142umacze:<\/span>\u00a0<span class=\"meta-value\">Paszkowska Aleksandra<\/span><\/div>\n<div class=\"grupa wydawca\"><span class=\"meta-head\">Wydawca:<\/span>\u00a0Wydawnictwo Krytyki Politycznej<\/div>\n<div class=\"grupa dane\">\n<div>Oprawa:\u00a0<span class=\"meta-value-bold\">Twarda<\/span><\/div>\n<div>Format:\u00a0<span class=\"meta-value-bold\">14.0&#215;21.0cm<\/span><\/div>\n<div>Liczba stron:\u00a0<span class=\"meta-value-bold\">372<\/span><\/div>\n<div>Wydanie:\u00a0<span class=\"meta-value-bold\">1<\/span><\/div>\n<div>Rok wydania:\u00a0<span class=\"meta-value-bold\">2025<\/span><\/div>\n<div>J\u0119zyk wydania:\u00a0<span class=\"meta-value-bold\">polski<\/span><\/div>\n<\/div>\n<div><\/div>\n<div>Natychmiastowy bestseller \u201eNew York Times\u2019a\u201d. Najbardziej oczekiwana ksi\u0105\u017cka 2025 roku przez \u201eFinancial Times\u201d i \u201eNext Big Idea Club\u201d. Dlaczego bogata Kalifornia zmaga si\u0119 z kryzysem bezdomno\u015bci i brakiem dost\u0119pnych mieszka\u0144? Dlaczego Stany Zjednoczone, mimo \u015bwiadomo\u015bci zmian klimatycznych i dost\u0119pnej technologii, maj\u0105 problem z zast\u0105pieniem paliw kopalnych odnawialnymi \u017ar\u00f3d\u0142ami energii? I dlaczego wizje szybkich kolei przecinaj\u0105cych kraj pozostaj\u0105 jedynie na papierze, podczas gdy infrastruktura wci\u0105\u017c nie nad\u0105\u017ca za potrzebami wsp\u00f3\u0142czesno\u015bci? Ezra Klein, jeden z najpopularniejszych ameryka\u0144skich podcaster\u00f3w, oraz Derek Thompson, nagradzany reporter \u201eThe Atlantic\u201d, w swojej ksi\u0105\u017cce odpowiadaj\u0105 na te pytania, proponuj\u0105c radykaln\u0105 zmian\u0119 podej\u015bcia do polityki i rozwoju. Do\u015b\u0107 ju\u017c ci\u0119cia koszt\u00f3w i zaciskania pasa. Wiele regulacji oraz praw, kt\u00f3re mia\u0142y rozwi\u0105zywa\u0107 problemy spo\u0142eczne, jest przestarza\u0142ych i nie odpowiada wsp\u00f3\u0142czesnej rzeczywisto\u015bci. Powitajmy idee dostatku i post\u0119pu. Autorzy wzywaj\u0105 do odnowy system\u00f3w nauki, innowacji, mieszkalnictwa, infrastruktury i technologii, przedstawiaj\u0105c odwa\u017cne pomys\u0142y na rozwi\u0105zanie najwi\u0119kszych problem\u00f3w naszych czas\u00f3w. Dostatek b\u0142yskawicznie zdoby\u0142 listy bestseller\u00f3w i pozostaje jedn\u0105 z najcz\u0119\u015bciej czytanych ksi\u0105\u017cek w USA. Inspiruj\u0105ca i \u015bmia\u0142a wizja przysz\u0142o\u015bci przedstawiona przez Kleina i Thompsona zach\u0119ca decydent\u00f3w do zdecydowanego dzia\u0142ania na rzecz transformacji spo\u0142ecznej. R\u00f3wnie\u017c w Polsce i Europie ich przes\u0142anie mo\u017ce by\u0107 aktualne \u2013 aby sprosta\u0107 wyzwaniom wsp\u00f3\u0142czesno\u015bci, potrzebujemy odwagi, determinacji oraz nowych strategii. Autorzy wskazuj\u0105 przeszkody i pokazuj\u0105, jak mo\u017cna je pokona\u0107, aby stworzy\u0107 \u015bwiat oparty na dostatku. \u201eSpektakularna&#8230; Pobudza nadziej\u0119\u201d, New York Times \u201eMocna, aktualna&#8230; wa\u017cna\u201d, Financial Times \u201eAmbitna\u201d, New Yorker \u201eNiezb\u0119dna\u201d, New Statesman \u201eMro\u017c\u0105ca krew w \u017cy\u0142ach &#8230; Inspiruj\u0105ca &#8230; Ksi\u0105\u017cka, kt\u00f3ra ma znaczenie\u201d, Sunday Times \u201eJedna z najwa\u017cniejszych ksi\u0105\u017cek politycznych ostatniej dekady\u201d, The New European<\/div>\n","protected":false},"excerpt":{"rendered":"<p>Autor:\u00a0 Derek Thompson,\u00a0 Ezra Klein T\u0142umacze:\u00a0Paszkowska Aleksandra Wydawca:\u00a0Wydawnictwo Krytyki Politycznej [&hellip;]<\/p>\n","protected":false},"featured_media":21264,"template":"","meta":[],"product_brand":[],"product_cat":[17,7530],"product_tag":[337,900],"class_list":{"0":"post-21263","1":"product","2":"type-product","3":"status-publish","4":"has-post-thumbnail","6":"product_cat-ekonomia","7":"product_cat-nowosci","8":"product_tag-ekonomia","9":"product_tag-stany-zjednoczone-ameryki","11":"first","12":"instock","13":"sale","14":"shipping-taxable","15":"purchasable","16":"product-type-simple"},"_links":{"self":[{"href":"http:\/\/ksiegarnia-akademicka.pl\/index.php\/wp-json\/wp\/v2\/product\/21263","targetHints":{"allow":["GET"]}}],"collection":[{"href":"http:\/\/ksiegarnia-akademicka.pl\/index.php\/wp-json\/wp\/v2\/product"}],"about":[{"href":"http:\/\/ksiegarnia-akademicka.pl\/index.php\/wp-json\/wp\/v2\/types\/product"}],"wp:featuredmedia":[{"embeddable":true,"href":"http:\/\/ksiegarnia-akademicka.pl\/index.php\/wp-json\/wp\/v2\/media\/21264"}],"wp:attachment":[{"href":"http:\/\/ksiegarnia-akademicka.pl\/index.php\/wp-json\/wp\/v2\/media?parent=21263"}],"wp:term":[{"taxonomy":"product_brand","embeddable":true,"href":"http:\/\/ksiegarnia-akademicka.pl\/index.php\/wp-json\/wp\/v2\/product_brand?post=21263"},{"taxonomy":"product_cat","embeddable":true,"href":"http:\/\/ksiegarnia-akademicka.pl\/index.php\/wp-json\/wp\/v2\/product_cat?post=21263"},{"taxonomy":"product_tag","embeddable":true,"href":"http:\/\/ksiegarnia-akademicka.pl\/index.php\/wp-json\/wp\/v2\/product_tag?post=21263"}],"curies":[{"name":"wp","href":"https:\/\/api.w.org\/{rel}","templated":true}]}}