{"id":21241,"date":"2025-10-07T14:06:41","date_gmt":"2025-10-07T12:06:41","guid":{"rendered":"http:\/\/ksiegarnia-akademicka.pl\/?post_type=product&#038;p=21241"},"modified":"2025-10-07T14:11:58","modified_gmt":"2025-10-07T12:11:58","slug":"tworzywa-sztuczne-tom-1-tworzywa-ogolnego-zastosowania","status":"publish","type":"product","link":"http:\/\/ksiegarnia-akademicka.pl\/index.php\/product\/tworzywa-sztuczne-tom-1-tworzywa-ogolnego-zastosowania\/","title":{"rendered":"Tworzywa sztuczne Tom 1 Tworzywa og\u00f3lnego zastosowania"},"content":{"rendered":"<div class=\"grupa osoby\"><span class=\"meta-head\">Autor: <\/span>W\u0142odzimierz Szlezyngier<\/div>\n<div class=\"grupa wydawca\"><span class=\"meta-head\">Wydawca:<\/span>\u00a0Fosze<\/div>\n<div class=\"grupa dane\">\n<div>Oprawa:\u00a0<span class=\"meta-value-bold\">Mi\u0119kka<\/span><\/div>\n<div>Format:\u00a0<span class=\"meta-value-bold\">17.0&#215;24.0cm<\/span><\/div>\n<div>Liczba stron:\u00a0<span class=\"meta-value-bold\">508<\/span><\/div>\n<div>Rok wydania:\u00a0<span class=\"meta-value-bold\">2014<\/span><\/div>\n<div>J\u0119zyk wydania:\u00a0<span class=\"meta-value-bold\">polski<\/span><\/div>\n<\/div>\n<div><\/div>\n<div>Ksi\u0105\u017cka sk\u0142ada si\u0119 z trzech tom\u00f3w i obejmuje bardzo szerok\u0105 gam\u0119 problem\u00f3w zwi\u0105zanych z chemi\u0105 i technologi\u0105 polimer\u00f3w. Jest to kolejne wydanie popularnego w latach dziewi\u0119\u0107dziesi\u0105tych XX w. podr\u0119cznika pod tym samym tytu\u0142em, napisanego w\u00f3wczas przez prof. W. Szlezyngiera. Obecnie podr\u0119cznik ten zosta\u0142 zaktualizowany przez prof. Z. Brzozowskiego i wzbogacony o najnowsze wiadomo\u015bci dotycz\u0105ce syntezy nowych polimer\u00f3w oraz o najnowsze kierunki w technologii tworzyw sztucznych. Czytelnik znajdzie w nim nie tylko typowe informacje o produkcji okre\u015blonych polimer\u00f3w, ale tak\u017ce rys historyczny dotycz\u0105cy rozwoju danej grupy tworzyw, ich producent\u00f3w krajowych i zagranicznych, nazwy handlowe omawianych polimer\u00f3w i tworzyw, a tak\u017ce metody przetw\u00f3rstwa i modyfikacji w celu poprawy ich w\u0142a\u015bciwo\u015bci u\u017cytkowych oraz ich zastosowanie. Wiele metod otrzymywania polimer\u00f3w ilustruj\u0105 schematy technologiczne. Cz\u0119sto analizowane s\u0105 problemy ekologiczne produkcji, warunki BHP i przeciwpo\u017carowe, a tak\u017ce zagadnienia poprawy ekonomiczno\u015bci procesu jako\u015bci wyrobu. Wskazane s\u0105 perspektywiczne mo\u017cliwo\u015bci i kierunki rozwoju danej grupy polimer\u00f3w.<\/div>\n","protected":false},"excerpt":{"rendered":"<p>Autor: W\u0142odzimierz Szlezyngier Wydawca:\u00a0Fosze Oprawa:\u00a0Mi\u0119kka Format:\u00a017.0&#215;24.0cm Liczba stron:\u00a0508 Rok wydania:\u00a02014 [&hellip;]<\/p>\n","protected":false},"featured_media":21242,"template":"","meta":[],"product_brand":[],"product_cat":[42],"product_tag":[1323,105],"class_list":{"0":"post-21241","1":"product","2":"type-product","3":"status-publish","4":"has-post-thumbnail","6":"product_cat-chemia","7":"product_tag-chemia","8":"product_tag-materialoznawstwo","10":"first","11":"outofstock","12":"sale","13":"shipping-taxable","14":"purchasable","15":"product-type-simple"},"_links":{"self":[{"href":"http:\/\/ksiegarnia-akademicka.pl\/index.php\/wp-json\/wp\/v2\/product\/21241","targetHints":{"allow":["GET"]}}],"collection":[{"href":"http:\/\/ksiegarnia-akademicka.pl\/index.php\/wp-json\/wp\/v2\/product"}],"about":[{"href":"http:\/\/ksiegarnia-akademicka.pl\/index.php\/wp-json\/wp\/v2\/types\/product"}],"wp:featuredmedia":[{"embeddable":true,"href":"http:\/\/ksiegarnia-akademicka.pl\/index.php\/wp-json\/wp\/v2\/media\/21242"}],"wp:attachment":[{"href":"http:\/\/ksiegarnia-akademicka.pl\/index.php\/wp-json\/wp\/v2\/media?parent=21241"}],"wp:term":[{"taxonomy":"product_brand","embeddable":true,"href":"http:\/\/ksiegarnia-akademicka.pl\/index.php\/wp-json\/wp\/v2\/product_brand?post=21241"},{"taxonomy":"product_cat","embeddable":true,"href":"http:\/\/ksiegarnia-akademicka.pl\/index.php\/wp-json\/wp\/v2\/product_cat?post=21241"},{"taxonomy":"product_tag","embeddable":true,"href":"http:\/\/ksiegarnia-akademicka.pl\/index.php\/wp-json\/wp\/v2\/product_tag?post=21241"}],"curies":[{"name":"wp","href":"https:\/\/api.w.org\/{rel}","templated":true}]}}