{"id":21077,"date":"2025-05-15T11:28:07","date_gmt":"2025-05-15T09:28:07","guid":{"rendered":"http:\/\/ksiegarnia-akademicka.pl\/?post_type=product&#038;p=21077"},"modified":"2025-05-15T11:28:08","modified_gmt":"2025-05-15T09:28:08","slug":"mowy-akademickie-geneza-i-wspolczesne-funkcjonowanie","status":"publish","type":"product","link":"http:\/\/ksiegarnia-akademicka.pl\/index.php\/product\/mowy-akademickie-geneza-i-wspolczesne-funkcjonowanie\/","title":{"rendered":"Mowy akademickie. Geneza i wsp\u00f3\u0142czesne funkcjonowanie"},"content":{"rendered":"<div class=\"grupa osoby\"><span class=\"meta-head\">Autor: <\/span>El\u017cbieta S\u0119kowska<\/div>\n<div class=\"grupa wydawca\"><span class=\"meta-head\">Wydawca:<\/span>\u00a0Wydawnictwa Uniwersytetu Warszawskiego<\/div>\n<div class=\"grupa dane\">\n<div>Oprawa:\u00a0<span class=\"meta-value-bold\">Mi\u0119kka<\/span><\/div>\n<div>Format:\u00a0<span class=\"meta-value-bold\">14.8&#215;21.0cm<\/span><\/div>\n<div>Liczba stron:\u00a0<span class=\"meta-value-bold\">162<\/span><\/div>\n<div>Wydanie:\u00a0<span class=\"meta-value-bold\">1<\/span><\/div>\n<div>Rok wydania:\u00a0<span class=\"meta-value-bold\">2025<\/span><\/div>\n<div>J\u0119zyk wydania:\u00a0<span class=\"meta-value-bold\">polski<\/span><\/div>\n<\/div>\n<div><\/div>\n<div>Ksi\u0105\u017cka jest pierwszym zbiorczym wprowadzeniem do analizy gatunk\u00f3w wypowiedzi, kt\u00f3re towarzysz\u0105 \u017cyciu akademickiemu, pocz\u0105wszy od za\u0142o\u017cenia uniwersytet\u00f3w. Wst\u0119pne spojrzenie historyczne ukazuje mowy uniwersyteckie w \u015bredniowieczu i renesansie. Dalej skupiono si\u0119 na mowach pochwalnych, charakterystycznych dla pierwszej po\u0142owy XIX stulecia. Etap drugiej po\u0142owy XIX wieku i wiek XX jest zobrazowany funkcjonowaniem r\u00f3\u017cnych gatunk\u00f3w honoruj\u0105cych oraz upami\u0119tniaj\u0105cych. Mowy przedstawiono na szerokim tle kulturowym, akcentuj\u0105c konwencje i rytua\u0142y, kt\u00f3re stoj\u0105 za ich struktur\u0105 i wyznacznikami j\u0119zykowo-socjokulturowymi.<\/p>\n<p>******<\/p>\n<p>Academic Speeches: The Origin and Modern Functioning<\/p>\n<p>The book is the first collective introduction to the analysis of genres of expression which have accompanied academic life since the foundation of universities. The introductory historical overview shows university speeches in the Middle Ages and the Renaissance. Then, the author focuses on praise speeches, characteristic of the first half of the 19th century. The second half of the 19th century and the 20th century are illustrated by various honouring and commemorating genres. The speeches are presented against a broad cultural background, emphasizing the conventions and rituals that stand behind their structure and sociocultural \u2013 linguistic determinants.<\/p><\/div>\n","protected":false},"excerpt":{"rendered":"<p>Autor: El\u017cbieta S\u0119kowska Wydawca:\u00a0Wydawnictwa Uniwersytetu Warszawskiego Oprawa:\u00a0Mi\u0119kka Format:\u00a014.8&#215;21.0cm Liczba stron:\u00a0162 [&hellip;]<\/p>\n","protected":false},"featured_media":21078,"template":"","meta":[],"product_brand":[],"product_cat":[8170,7530],"product_tag":[3282,4731,1110],"class_list":{"0":"post-21077","1":"product","2":"type-product","3":"status-publish","4":"has-post-thumbnail","6":"product_cat-jezykoznawstwo","7":"product_cat-nowosci","8":"product_tag-etnografia","9":"product_tag-jezykoznawstwo","10":"product_tag-kultura","12":"first","13":"instock","14":"shipping-taxable","15":"purchasable","16":"product-type-simple"},"_links":{"self":[{"href":"http:\/\/ksiegarnia-akademicka.pl\/index.php\/wp-json\/wp\/v2\/product\/21077","targetHints":{"allow":["GET"]}}],"collection":[{"href":"http:\/\/ksiegarnia-akademicka.pl\/index.php\/wp-json\/wp\/v2\/product"}],"about":[{"href":"http:\/\/ksiegarnia-akademicka.pl\/index.php\/wp-json\/wp\/v2\/types\/product"}],"wp:featuredmedia":[{"embeddable":true,"href":"http:\/\/ksiegarnia-akademicka.pl\/index.php\/wp-json\/wp\/v2\/media\/21078"}],"wp:attachment":[{"href":"http:\/\/ksiegarnia-akademicka.pl\/index.php\/wp-json\/wp\/v2\/media?parent=21077"}],"wp:term":[{"taxonomy":"product_brand","embeddable":true,"href":"http:\/\/ksiegarnia-akademicka.pl\/index.php\/wp-json\/wp\/v2\/product_brand?post=21077"},{"taxonomy":"product_cat","embeddable":true,"href":"http:\/\/ksiegarnia-akademicka.pl\/index.php\/wp-json\/wp\/v2\/product_cat?post=21077"},{"taxonomy":"product_tag","embeddable":true,"href":"http:\/\/ksiegarnia-akademicka.pl\/index.php\/wp-json\/wp\/v2\/product_tag?post=21077"}],"curies":[{"name":"wp","href":"https:\/\/api.w.org\/{rel}","templated":true}]}}