{"id":210,"date":"2018-05-22T12:40:59","date_gmt":"2018-05-22T10:40:59","guid":{"rendered":"http:\/\/ksiegarnia-akademicka.pl\/index.php\/product\/podatki-w-unii-europejskiej-harmonizacja-czy-konkurencja-podatkowa\/"},"modified":"2019-05-16T13:54:49","modified_gmt":"2019-05-16T11:54:49","slug":"podatki-w-unii-europejskiej-harmonizacja-czy-konkurencja-podatkowa","status":"publish","type":"product","link":"http:\/\/ksiegarnia-akademicka.pl\/index.php\/product\/podatki-w-unii-europejskiej-harmonizacja-czy-konkurencja-podatkowa\/","title":{"rendered":"Podatki w Unii Europejskiej Harmonizacja czy konkurencja podatkowa ?"},"content":{"rendered":"<p>Bukowski S\u0142awomir I. (red.), Pype\u0107 Marek K. (red.) Wydawnictwo Politechniki Radomskiej 2007 <\/br><\/br><\/p>\n<p><span style=\"font-size: small\">Cz\u0119\u015b\u0107 I ksi\u0105\u017cki zosta\u0142a po\u015bwi\u0119cona g\u0142&oacute;wnie teoretycznym aspektom opodatkowania i jego wp\u0142ywu na r&oacute;\u017cne aspekty wzrostu i rozwoju gospodarczego. Autorzy koncentruj\u0105 si\u0119 na zagadnieniach teoretycznych, prezentuj\u0105c funkcje podatk&oacute;w we wsp&oacute;\u0142czesnych nurtach makroekonomii, wp\u0142yw fiskalizmu na wzrost gospodarczy. <br \/>W cz\u0119\u015bci II autorzy skoncentrowali si\u0119 na analizie system&oacute;w podatkowych wyst\u0119puj\u0105cych w krajach cz\u0142onkowskich Unii Europejskiej, oraz kierunk&oacute;w reform podatkowych. Ponadto podj\u0119to istotny problem opodatkowania nieruchomo\u015bci, gospodarstw domowych, przewo\u017anik&oacute;w drogowych, przedsi\u0119biorstw oraz wp\u0142ywu zmian w przepisach podatkowych na rozw&oacute;j leasingu w Polsce<strong>. <\/strong><\/span><\/p>\n<p><\/br><\/br>pozycja dost\u0119pna<\/p>\n","protected":false},"excerpt":{"rendered":"<p>Bukowski S\u0142awomir I. (red.), Pype\u0107 Marek K. (red.) Wydawnictwo Politechniki [&hellip;]<\/p>\n","protected":false},"featured_media":11178,"template":"","meta":[],"product_brand":[],"product_cat":[7523,22,43],"product_tag":[355,149,488,250],"class_list":{"0":"post-210","1":"product","2":"type-product","3":"status-publish","4":"has-post-thumbnail","6":"product_cat-nauki-ekonomiczne","7":"product_cat-podatki-i-prawo-podatkowe","8":"product_cat-wydawnictwo-uth","9":"product_tag-podatki","10":"product_tag-skrypty-uniwersytetu-technologiczno-humanistycznego","11":"product_tag-systemy-podatkowe","12":"product_tag-unia-europejska","14":"first","15":"instock","16":"shipping-taxable","17":"purchasable","18":"product-type-simple"},"_links":{"self":[{"href":"http:\/\/ksiegarnia-akademicka.pl\/index.php\/wp-json\/wp\/v2\/product\/210","targetHints":{"allow":["GET"]}}],"collection":[{"href":"http:\/\/ksiegarnia-akademicka.pl\/index.php\/wp-json\/wp\/v2\/product"}],"about":[{"href":"http:\/\/ksiegarnia-akademicka.pl\/index.php\/wp-json\/wp\/v2\/types\/product"}],"wp:featuredmedia":[{"embeddable":true,"href":"http:\/\/ksiegarnia-akademicka.pl\/index.php\/wp-json\/wp\/v2\/media\/11178"}],"wp:attachment":[{"href":"http:\/\/ksiegarnia-akademicka.pl\/index.php\/wp-json\/wp\/v2\/media?parent=210"}],"wp:term":[{"taxonomy":"product_brand","embeddable":true,"href":"http:\/\/ksiegarnia-akademicka.pl\/index.php\/wp-json\/wp\/v2\/product_brand?post=210"},{"taxonomy":"product_cat","embeddable":true,"href":"http:\/\/ksiegarnia-akademicka.pl\/index.php\/wp-json\/wp\/v2\/product_cat?post=210"},{"taxonomy":"product_tag","embeddable":true,"href":"http:\/\/ksiegarnia-akademicka.pl\/index.php\/wp-json\/wp\/v2\/product_tag?post=210"}],"curies":[{"name":"wp","href":"https:\/\/api.w.org\/{rel}","templated":true}]}}