{"id":20861,"date":"2025-04-15T09:44:53","date_gmt":"2025-04-15T07:44:53","guid":{"rendered":"http:\/\/ksiegarnia-akademicka.pl\/?post_type=product&#038;p=20861"},"modified":"2025-04-15T09:44:54","modified_gmt":"2025-04-15T07:44:54","slug":"ciekawe-przypadki-medyczne-interdyscyplinarna-diagnostyka-i-leczenie","status":"publish","type":"product","link":"http:\/\/ksiegarnia-akademicka.pl\/index.php\/product\/ciekawe-przypadki-medyczne-interdyscyplinarna-diagnostyka-i-leczenie\/","title":{"rendered":"Ciekawe przypadki medyczne interdyscyplinarna diagnostyka i leczenie"},"content":{"rendered":"<div class=\"grupa osoby\"><span class=\"meta-head\">Autor:<\/span><\/p>\n<ul>\n<li class=\"meta-value\">S\u0142awomir Tubek<\/li>\n<\/ul>\n<\/div>\n<div class=\"grupa wydawca\"><span class=\"meta-head\">Wydawca:<\/span>\u00a0Medical Tribune<\/div>\n<div class=\"grupa dane\">\n<div>Oprawa:\u00a0<span class=\"meta-value-bold\">Mi\u0119kka<\/span><\/div>\n<div>Format:\u00a0<span class=\"meta-value-bold\">19.3&#215;12.7cm<\/span><\/div>\n<div>Liczba stron:\u00a0<span class=\"meta-value-bold\">224<\/span><\/div>\n<div>Rok wydania:\u00a0<span class=\"meta-value-bold\">2025<\/span><\/div>\n<div>J\u0119zyk wydania:\u00a0<span class=\"meta-value-bold\">polski<\/span><\/div>\n<\/div>\n<div><\/div>\n<div>Opis produktu<br \/>\n&#8211; ksi\u0105\u017cka jest zbiorem opis\u00f3w przypadk\u00f3w, na podstawie kt\u00f3rych om\u00f3wiono jak wykorzysta\u0107 wiedz\u0119 na temat poszczeg\u00f3lnych proces\u00f3w fizjologicznych, patofizjologicznych, zwi\u0105zanych z nimi mechanizm\u00f3w kompensacyjnych, mechanizm\u00f3w dzia\u0142ania stosowanego leczenia i jego nast\u0119pstw w diagnostyce i leczeniu<br \/>\n&#8211; prezentacja ka\u017cdego przypadku zosta\u0142a opatrzonona komentarzem<br \/>\n&#8211; w pierwszej cz\u0119\u015bci ksi\u0105\u017cki umieszczono przypadki pacjent\u00f3w z zespo\u0142ami dysfunkcji uk\u0142adu immunologicznego, tj. z niedoborami odporno\u015bci, chorobami autoimmunologicznymi, alergiami i nowotworami<br \/>\n&#8211; w drugiej cz\u0119\u015bci om\u00f3wione s\u0105 przypadki pacjent\u00f3w z zespo\u0142ami genetycznymi<br \/>\n&#8211; w trzeciej cz\u0119\u015bci znalaz\u0142y si\u0119 przypadki ilustruj\u0105ce nast\u0119pstwa powszechnych problem\u00f3w zdrowotnych, ale niezdarzaj\u0105ce si\u0119 zbyt cz\u0119sto i dlatego nastr\u0119czaj\u0105ce problem\u00f3w diagnostycznych<\/div>\n","protected":false},"excerpt":{"rendered":"<p>Autor: S\u0142awomir Tubek Wydawca:\u00a0Medical Tribune Oprawa:\u00a0Mi\u0119kka Format:\u00a019.3&#215;12.7cm Liczba stron:\u00a0224 Rok [&hellip;]<\/p>\n","protected":false},"featured_media":20862,"template":"","meta":[],"product_brand":[],"product_cat":[8302,7493,7530],"product_tag":[85,3994],"class_list":{"0":"post-20861","1":"product","2":"type-product","3":"status-publish","4":"has-post-thumbnail","6":"product_cat-inne-medycyna","7":"product_cat-medycyna","8":"product_cat-nowosci","9":"product_tag-diagnostyka","10":"product_tag-medycyna","12":"first","13":"instock","14":"sale","15":"shipping-taxable","16":"purchasable","17":"product-type-simple"},"_links":{"self":[{"href":"http:\/\/ksiegarnia-akademicka.pl\/index.php\/wp-json\/wp\/v2\/product\/20861","targetHints":{"allow":["GET"]}}],"collection":[{"href":"http:\/\/ksiegarnia-akademicka.pl\/index.php\/wp-json\/wp\/v2\/product"}],"about":[{"href":"http:\/\/ksiegarnia-akademicka.pl\/index.php\/wp-json\/wp\/v2\/types\/product"}],"wp:featuredmedia":[{"embeddable":true,"href":"http:\/\/ksiegarnia-akademicka.pl\/index.php\/wp-json\/wp\/v2\/media\/20862"}],"wp:attachment":[{"href":"http:\/\/ksiegarnia-akademicka.pl\/index.php\/wp-json\/wp\/v2\/media?parent=20861"}],"wp:term":[{"taxonomy":"product_brand","embeddable":true,"href":"http:\/\/ksiegarnia-akademicka.pl\/index.php\/wp-json\/wp\/v2\/product_brand?post=20861"},{"taxonomy":"product_cat","embeddable":true,"href":"http:\/\/ksiegarnia-akademicka.pl\/index.php\/wp-json\/wp\/v2\/product_cat?post=20861"},{"taxonomy":"product_tag","embeddable":true,"href":"http:\/\/ksiegarnia-akademicka.pl\/index.php\/wp-json\/wp\/v2\/product_tag?post=20861"}],"curies":[{"name":"wp","href":"https:\/\/api.w.org\/{rel}","templated":true}]}}