{"id":20832,"date":"2025-04-11T11:33:11","date_gmt":"2025-04-11T09:33:11","guid":{"rendered":"http:\/\/ksiegarnia-akademicka.pl\/?post_type=product&#038;p=20832"},"modified":"2025-04-11T11:33:12","modified_gmt":"2025-04-11T09:33:12","slug":"ku-rownosci-innosc-pomyslana-na-nowo","status":"publish","type":"product","link":"http:\/\/ksiegarnia-akademicka.pl\/index.php\/product\/ku-rownosci-innosc-pomyslana-na-nowo\/","title":{"rendered":"Ku r\u00f3wno\u015bci Inno\u015b\u0107 pomy\u015blana na nowo"},"content":{"rendered":"<div class=\"grupa osoby\"><span class=\"meta-head\">Autor:<\/span><\/p>\n<ul>\n<li class=\"meta-value\">Micha\u0142 Bomastyk<\/li>\n<\/ul>\n<\/div>\n<div class=\"grupa wydawca\"><span class=\"meta-head\">Wydawca:<\/span>\u00a0Wydawnictwo Naukowe UMK<\/div>\n<div class=\"grupa dane\">\n<div>Oprawa:\u00a0<span class=\"meta-value-bold\">Mi\u0119kka<\/span><\/div>\n<div>Format:\u00a0<span class=\"meta-value-bold\">17.0&#215;24.0cm<\/span><\/div>\n<div>Liczba stron:\u00a0<span class=\"meta-value-bold\">198<\/span><\/div>\n<div>Rok wydania:\u00a0<span class=\"meta-value-bold\">2025<\/span><\/div>\n<div>J\u0119zyk wydania:\u00a0<span class=\"meta-value-bold\">polski<\/span><\/div>\n<\/div>\n<div><\/div>\n<div>W ksi\u0105\u017cce opisuj\u0119 mechanizmy i dyskursy wykluczenia, kt\u00f3re tworzone s\u0105 w oparciu o inno\u015b\u0107 i obco\u015b\u0107. S\u0105 to mechanizmy odzieraj\u0105ce nas z godno\u015bci i dehumanizuj\u0105ce. My\u015bl\u0119, \u017ce to wa\u017cne, aby je pozna\u0107 i si\u0119 z nimi zmierzy\u0107. Maj\u0105c bowiem \u015bwiadomo\u015b\u0107 tego, w jaki spos\u00f3b funkcjonuj\u0105 i s\u0105 konstruowane, razem b\u0119dziemy mogli przeciwstawia\u0107 si\u0119 im i d\u0105\u017cy\u0107 do zmiany spo\u0142ecznej, co w konsekwencji pomo\u017ce nam osi\u0105gn\u0105\u0107 wsp\u00f3lny cel, jakim jest inkluzywno\u015b\u0107: wsp\u00f3lnot\u0119, kolektyw i bycie-razem.<br \/>\nJe\u015bli wi\u0119c moja perspektywa jest Wam bliska, to zach\u0119cam do wyruszenia ze mn\u0105 w podr\u00f3\u017c ku inkluzywno\u015bci. Podr\u00f3\u017c potrzebn\u0105, cho\u0107 nie\u0142atw\u0105, podczas kt\u00f3rej z pewno\u015bci\u0105 wy\u0142oni\u0105 si\u0119 nowe horyzonty poznawcze. Dzi\u0119ki filozofii i poprzez filozofi\u0119. Przyjemnego odkrywania!<br \/>\nOd autora<\/div>\n","protected":false},"excerpt":{"rendered":"<p>Autor: Micha\u0142 Bomastyk Wydawca:\u00a0Wydawnictwo Naukowe UMK Oprawa:\u00a0Mi\u0119kka Format:\u00a017.0&#215;24.0cm Liczba stron:\u00a0198 [&hellip;]<\/p>\n","protected":false},"featured_media":20834,"template":"","meta":[],"product_brand":[],"product_cat":[7505,7506,27,7530,7508],"product_tag":[235,8596,246],"class_list":{"0":"post-20832","1":"product","2":"type-product","3":"status-publish","4":"has-post-thumbnail","6":"product_cat-etyka","7":"product_cat-filozofia","8":"product_cat-nauki-spoleczne","9":"product_cat-nowosci","10":"product_cat-socjologia","11":"product_tag-etyka","12":"product_tag-innosc","13":"product_tag-socjologia","15":"first","16":"instock","17":"shipping-taxable","18":"purchasable","19":"product-type-simple"},"_links":{"self":[{"href":"http:\/\/ksiegarnia-akademicka.pl\/index.php\/wp-json\/wp\/v2\/product\/20832","targetHints":{"allow":["GET"]}}],"collection":[{"href":"http:\/\/ksiegarnia-akademicka.pl\/index.php\/wp-json\/wp\/v2\/product"}],"about":[{"href":"http:\/\/ksiegarnia-akademicka.pl\/index.php\/wp-json\/wp\/v2\/types\/product"}],"wp:featuredmedia":[{"embeddable":true,"href":"http:\/\/ksiegarnia-akademicka.pl\/index.php\/wp-json\/wp\/v2\/media\/20834"}],"wp:attachment":[{"href":"http:\/\/ksiegarnia-akademicka.pl\/index.php\/wp-json\/wp\/v2\/media?parent=20832"}],"wp:term":[{"taxonomy":"product_brand","embeddable":true,"href":"http:\/\/ksiegarnia-akademicka.pl\/index.php\/wp-json\/wp\/v2\/product_brand?post=20832"},{"taxonomy":"product_cat","embeddable":true,"href":"http:\/\/ksiegarnia-akademicka.pl\/index.php\/wp-json\/wp\/v2\/product_cat?post=20832"},{"taxonomy":"product_tag","embeddable":true,"href":"http:\/\/ksiegarnia-akademicka.pl\/index.php\/wp-json\/wp\/v2\/product_tag?post=20832"}],"curies":[{"name":"wp","href":"https:\/\/api.w.org\/{rel}","templated":true}]}}