{"id":2083,"date":"2018-05-22T12:45:03","date_gmt":"2018-05-22T10:45:03","guid":{"rendered":"http:\/\/ksiegarnia-akademicka.pl\/index.php\/product\/zarzadzanie-w-jednostkach-sektora-finansow-publicznych-kierunki-zmian\/"},"modified":"2018-07-24T12:27:08","modified_gmt":"2018-07-24T10:27:08","slug":"zarzadzanie-w-jednostkach-sektora-finansow-publicznych-kierunki-zmian","status":"publish","type":"product","link":"http:\/\/ksiegarnia-akademicka.pl\/index.php\/product\/zarzadzanie-w-jednostkach-sektora-finansow-publicznych-kierunki-zmian\/","title":{"rendered":"Zarz\u0105dzanie w jednostkach sektora finans\u00f3w publicznych. Kierunki zmian."},"content":{"rendered":"<p>Jakub J. Brdulak<br \/>\nWydawnictwo: Oficyna Wydawnicza SGH<br \/>\nRok: 2009<\/p>\n<p>Publikacja stanowi cenne \u017ar\u00f3d\u0142o informacji o wybranych aspektach zarz\u0105dzania w<br \/>\nJednostkach sektora finans\u00f3w publicznych.<br \/>\nIstotne, przydatne w praktyce i wzbogacaj\u0105ce dorobek naukowy wnioski dotycz\u0105 przecie wszystkim procedur kontroli oraz sposob\u00f3w i zakresu audytu wewn\u0119trznego i zewn\u0119trznego.<br \/>\nDlatego monografia b\u0119dzie interesuj\u0105ca dla os\u00f3b zajmuj\u0105cych si\u0119 praktycznie omawianymi zagadnieniami.<br \/>\nWi\u0119kszo\u015b\u0107 opracowa\u0144 mo\u017ce zosta\u0107 tw\u00f3rczo wykorzystana przez naukowc\u00f3w badaj\u0105cych finanse jednostek sektora publicznego. B\u0119d\u0105 one tak\u017ce przydatne podczas prac legislacyjnych oraz regulacyjnych.<br \/>\nWzbogac\u0105 r\u00f3wnie\u017c wiedz\u0119 student\u00f3w paraj\u0105cych si\u0119 zarz\u0105dzaniem, w tym zw\u0142aszcza zarz\u0105dzaniem w jednostkach sektora finans\u00f3w publicznych.<br \/>\nz recenzji prof.dr.hab. Andrzeja Fierli<\/p>\n","protected":false},"excerpt":{"rendered":"<p>Jakub J. Brdulak Wydawnictwo: Oficyna Wydawnicza SGH Rok: 2009 Publikacja [&hellip;]<\/p>\n","protected":false},"featured_media":8251,"template":"","meta":[],"product_brand":[],"product_cat":[7492,18,7494],"product_tag":[472,486],"class_list":{"0":"post-2083","1":"product","2":"type-product","3":"status-publish","4":"has-post-thumbnail","6":"product_cat-administracyjne","7":"product_cat-prawo","8":"product_cat-samorzad-terytorialny","9":"product_tag-finanse-publiczne","10":"product_tag-samorzad-terytorialny","12":"first","13":"instock","14":"sale","15":"shipping-taxable","16":"purchasable","17":"product-type-simple"},"_links":{"self":[{"href":"http:\/\/ksiegarnia-akademicka.pl\/index.php\/wp-json\/wp\/v2\/product\/2083","targetHints":{"allow":["GET"]}}],"collection":[{"href":"http:\/\/ksiegarnia-akademicka.pl\/index.php\/wp-json\/wp\/v2\/product"}],"about":[{"href":"http:\/\/ksiegarnia-akademicka.pl\/index.php\/wp-json\/wp\/v2\/types\/product"}],"wp:featuredmedia":[{"embeddable":true,"href":"http:\/\/ksiegarnia-akademicka.pl\/index.php\/wp-json\/wp\/v2\/media\/8251"}],"wp:attachment":[{"href":"http:\/\/ksiegarnia-akademicka.pl\/index.php\/wp-json\/wp\/v2\/media?parent=2083"}],"wp:term":[{"taxonomy":"product_brand","embeddable":true,"href":"http:\/\/ksiegarnia-akademicka.pl\/index.php\/wp-json\/wp\/v2\/product_brand?post=2083"},{"taxonomy":"product_cat","embeddable":true,"href":"http:\/\/ksiegarnia-akademicka.pl\/index.php\/wp-json\/wp\/v2\/product_cat?post=2083"},{"taxonomy":"product_tag","embeddable":true,"href":"http:\/\/ksiegarnia-akademicka.pl\/index.php\/wp-json\/wp\/v2\/product_tag?post=2083"}],"curies":[{"name":"wp","href":"https:\/\/api.w.org\/{rel}","templated":true}]}}