{"id":20811,"date":"2025-04-09T12:09:59","date_gmt":"2025-04-09T10:09:59","guid":{"rendered":"http:\/\/ksiegarnia-akademicka.pl\/?post_type=product&#038;p=20811"},"modified":"2025-04-09T12:10:00","modified_gmt":"2025-04-09T10:10:00","slug":"identity-of-sports-law-tozsamosc-prawa-sportowego","status":"publish","type":"product","link":"http:\/\/ksiegarnia-akademicka.pl\/index.php\/product\/identity-of-sports-law-tozsamosc-prawa-sportowego\/","title":{"rendered":"Identity of Sports Law. To\u017csamo\u015b\u0107 prawa sportowego"},"content":{"rendered":"<p>Autor:\u00a0dr hab. Micha\u0142 Bili\u0144ski<\/p>\n<p>Wydawnictwo: C.H. Beck<\/p>\n<p>Seria: Monografie Prawnicze<\/p>\n<p>Rok wydania: 2025<\/p>\n<p>Oprawa: Twarda<\/p>\n<p>Liczba stron: 186<\/p>\n<p>Wymiary: 145&#215;205 mm<\/p>\n<p>Waga: 370 g<\/p>\n<p>ISBN:\u00a0978-83-8411-089-8<\/p>\n<p>&nbsp;<\/p>\n<p>The concept of the monograph is to carry out considerations aimed at answering the question of the admissibility to view the set of norms known as sports law as a separate branch of law. In order to realise the above objective, a specific classification convention has been chosen and an analysis concerning the set of criteria which enable a relevant systematisation has been presented. Following the above, a proposal for a monistic approach to sports law is presented, which addresses the issues of the subject, object and method of regulation as well as attempts to demonstrate the exemplary features of this set of norms that determine its integrity and content consistency.<\/p>\n<p>Koncepcja monografii zak\u0142ada przeprowadzenie rozwa\u017ca\u0144 zmierzaj\u0105cych do odpowiedzi na pytanie o dopuszczalno\u015b\u0107 postrzegania zespo\u0142u norm zwanych prawem sportowym jako wyodr\u0119bnionej ga\u0142\u0119zi prawa. Dla realizacji powy\u017cszego celu dokonano wyboru okre\u015blonej konwencji klasyfikacyjnej oraz przedstawiono analiz\u0119 dotycz\u0105c\u0105 zestawu kryteri\u00f3w umo\u017cliwiaj\u0105cych stosown\u0105 systematyk\u0119. W nast\u0119pstwie powy\u017cszego, zaprezentowano propozycj\u0119 monistycznego uj\u0119cia prawa sportowego, w ramach kt\u00f3rej odniesiono si\u0119 do zagadnie\u0144 przedmiotu, podmiotu i metody regulacji oraz podj\u0119to pr\u00f3b\u0119 wykazania cech wzorcowych tego zespo\u0142u norm, kt\u00f3re decyduj\u0105 o jego integralno\u015bci oraz sp\u00f3jno\u015bci tre\u015bciowej.<\/p>\n<p>&nbsp;<\/p>\n","protected":false},"excerpt":{"rendered":"<p>Autor:\u00a0dr hab. Micha\u0142 Bili\u0144ski Wydawnictwo: C.H. Beck Seria: Monografie Prawnicze [&hellip;]<\/p>\n","protected":false},"featured_media":20812,"template":"","meta":[],"product_brand":[],"product_cat":[7491,7530,18],"product_tag":[6585,5397],"class_list":{"0":"post-20811","1":"product","2":"type-product","3":"status-publish","4":"has-post-thumbnail","6":"product_cat-cywilne","7":"product_cat-nowosci","8":"product_cat-prawo","9":"product_tag-prawo-sportowe","10":"product_tag-seria-monografie-prawnicze","12":"first","13":"instock","14":"sale","15":"shipping-taxable","16":"purchasable","17":"product-type-simple"},"_links":{"self":[{"href":"http:\/\/ksiegarnia-akademicka.pl\/index.php\/wp-json\/wp\/v2\/product\/20811","targetHints":{"allow":["GET"]}}],"collection":[{"href":"http:\/\/ksiegarnia-akademicka.pl\/index.php\/wp-json\/wp\/v2\/product"}],"about":[{"href":"http:\/\/ksiegarnia-akademicka.pl\/index.php\/wp-json\/wp\/v2\/types\/product"}],"wp:featuredmedia":[{"embeddable":true,"href":"http:\/\/ksiegarnia-akademicka.pl\/index.php\/wp-json\/wp\/v2\/media\/20812"}],"wp:attachment":[{"href":"http:\/\/ksiegarnia-akademicka.pl\/index.php\/wp-json\/wp\/v2\/media?parent=20811"}],"wp:term":[{"taxonomy":"product_brand","embeddable":true,"href":"http:\/\/ksiegarnia-akademicka.pl\/index.php\/wp-json\/wp\/v2\/product_brand?post=20811"},{"taxonomy":"product_cat","embeddable":true,"href":"http:\/\/ksiegarnia-akademicka.pl\/index.php\/wp-json\/wp\/v2\/product_cat?post=20811"},{"taxonomy":"product_tag","embeddable":true,"href":"http:\/\/ksiegarnia-akademicka.pl\/index.php\/wp-json\/wp\/v2\/product_tag?post=20811"}],"curies":[{"name":"wp","href":"https:\/\/api.w.org\/{rel}","templated":true}]}}