{"id":20809,"date":"2025-04-09T11:09:51","date_gmt":"2025-04-09T09:09:51","guid":{"rendered":"http:\/\/ksiegarnia-akademicka.pl\/?post_type=product&#038;p=20809"},"modified":"2025-04-09T11:09:51","modified_gmt":"2025-04-09T09:09:51","slug":"trump-2-0","status":"publish","type":"product","link":"http:\/\/ksiegarnia-akademicka.pl\/index.php\/product\/trump-2-0\/","title":{"rendered":"Trump 2.0"},"content":{"rendered":"<div class=\"grupa osoby\"><span class=\"meta-head\">Autor:<\/span><\/p>\n<ul>\n<li class=\"meta-value\">Grzegorz W. Ko\u0142odko<\/li>\n<\/ul>\n<\/div>\n<div class=\"grupa wydawca\"><span class=\"meta-head\">Wydawca:<\/span>\u00a0Wydawnictwo Naukowe PWN<\/div>\n<div class=\"grupa dane\">\n<div>Oprawa:\u00a0<span class=\"meta-value-bold\">Twarda<\/span><\/div>\n<div>Format:\u00a0<span class=\"meta-value-bold\">14.8&#215;21.0cm<\/span><\/div>\n<div>Liczba stron:\u00a0<span class=\"meta-value-bold\">260<\/span><\/div>\n<div>Wydanie:\u00a0<span class=\"meta-value-bold\">1<\/span><\/div>\n<div>Rok wydania:\u00a0<span class=\"meta-value-bold\">2025<\/span><\/div>\n<div>J\u0119zyk wydania:\u00a0<span class=\"meta-value-bold\">polski<\/span><\/div>\n<\/div>\n<div><\/div>\n<div>Ksi\u0105\u017cka, kt\u00f3ra zmieni Twoje spojrzenie na polityk\u0119 i na to, co dzieje si\u0119 wok\u00f3\u0142 Ciebie! Donald Trump wraca do Bia\u0142ego Domu. Co to oznacza dla \u015bwiata? Jak zmieni si\u0119 jego mapa? Ameryka stanie si\u0119 pot\u0119\u017cniejsza czy wr\u0119cz przeciwnie \u2013 pogr\u0105\u017cy si\u0119 w chaosie? Czy Europa mo\u017ce czu\u0107 si\u0119 bezpieczna? A co z Polsk\u0105? Podczas gdy codziennie zalewani jeste\u015bmy mas\u0105 bie\u017c\u0105cych informacji i ich powierzchownymi interpretacjami, oto pojawia si\u0119 ksi\u0105\u017cka, kt\u00f3rej autor dostrzega z lotu ptaka, co i dlaczego si\u0119 dzieje. A dzieje si\u0119 tak wiele, \u017ce nie\u0142atw\u0105 sztuk\u0105 jest wy\u0142owienie kluczowych w\u0105tk\u00f3w zachodz\u0105cych proces\u00f3w i ukazanie ich we wzajemnych sprz\u0119\u017ceniach.<br \/>\nProf. Grzegorz W. Ko\u0142odko \u2013 intelektualista, polityk, \u015bwiatowej s\u0142awy ekonomista \u2013 w swoim przenikliwym i bezkompromisowym stylu rozbiera na czynniki pierwsze trumponomik\u0119 i trumpizm, populizm i nowy nacjonalizm, publiczne k\u0142amstwa i brutaln\u0105 gr\u0119 interes\u00f3w. Analizuj\u0105c powr\u00f3t Trumpa do w\u0142adzy i jego wp\u0142yw na gospodark\u0119, polityk\u0119 mi\u0119dzynarodow\u0105 oraz przysz\u0142o\u015b\u0107 demokracji, autor przestrzega przed zagro\u017ceniami i wskazuje sposoby wyj\u015bcia z nasilaj\u0105cego si\u0119 globalnego zamieszania. Jak prezydent Trump manipuluje opini\u0105 publiczn\u0105? Co kryje si\u0119 za jego decyzjami o sojuszach i zbrojeniach, o c\u0142ach i podatkach? Dlaczego jego polityka wobec Ukrainy i Rosji jest tak niebezpieczna? Czy militaryzm jest w stanie zapewni\u0107 pok\u00f3j? Czy NATO i UE przetrwaj\u0105 er\u0119 \u201eAmerica First\u201d? Jak przebiegnie konfrontacja USA \u2013 Chiny? A co z reszt\u0105 \u015bwiata? Co czeka Globalne Po\u0142udnie? Druga kadencja prezydenta Trumpa to nowa era czy pocz\u0105tek globalnego kryzysu? Czy jeszcze mo\u017cna m\u00f3wi\u0107 o zr\u00f3wnowa\u017conym rozwoju? Co powinna zrobi\u0107 Polska w obliczu nowej rzeczywisto\u015bci? To jest ksi\u0105\u017cka nie tylko o post\u0119powaniu ameryka\u0144skiego prezydenta. To przede wszystkim opowie\u015b\u0107 o tym, jak inni reaguj\u0105 na niekonwencjonalne decyzje Trumpa 2.0. To ostrze\u017cenie przed polityk\u0105, kt\u00f3ra mo\u017ce wstrz\u0105sn\u0105\u0107 ca\u0142ym \u015bwiatem. Przeczytaj, zanim b\u0119dzie za p\u00f3\u017ano!<\/div>\n","protected":false},"excerpt":{"rendered":"<p>Autor: Grzegorz W. Ko\u0142odko Wydawca:\u00a0Wydawnictwo Naukowe PWN Oprawa:\u00a0Twarda Format:\u00a014.8&#215;21.0cm Liczba [&hellip;]<\/p>\n","protected":false},"featured_media":20810,"template":"","meta":[],"product_brand":[],"product_cat":[17,7499,27,7530,7507],"product_tag":[8591],"class_list":{"0":"post-20809","1":"product","2":"type-product","3":"status-publish","4":"has-post-thumbnail","6":"product_cat-ekonomia","7":"product_cat-makro-i-mikroekonomia","8":"product_cat-nauki-spoleczne","9":"product_cat-nowosci","10":"product_cat-politologia","11":"product_tag-donald-trump","13":"first","14":"instock","15":"sale","16":"shipping-taxable","17":"purchasable","18":"product-type-simple"},"_links":{"self":[{"href":"http:\/\/ksiegarnia-akademicka.pl\/index.php\/wp-json\/wp\/v2\/product\/20809","targetHints":{"allow":["GET"]}}],"collection":[{"href":"http:\/\/ksiegarnia-akademicka.pl\/index.php\/wp-json\/wp\/v2\/product"}],"about":[{"href":"http:\/\/ksiegarnia-akademicka.pl\/index.php\/wp-json\/wp\/v2\/types\/product"}],"wp:featuredmedia":[{"embeddable":true,"href":"http:\/\/ksiegarnia-akademicka.pl\/index.php\/wp-json\/wp\/v2\/media\/20810"}],"wp:attachment":[{"href":"http:\/\/ksiegarnia-akademicka.pl\/index.php\/wp-json\/wp\/v2\/media?parent=20809"}],"wp:term":[{"taxonomy":"product_brand","embeddable":true,"href":"http:\/\/ksiegarnia-akademicka.pl\/index.php\/wp-json\/wp\/v2\/product_brand?post=20809"},{"taxonomy":"product_cat","embeddable":true,"href":"http:\/\/ksiegarnia-akademicka.pl\/index.php\/wp-json\/wp\/v2\/product_cat?post=20809"},{"taxonomy":"product_tag","embeddable":true,"href":"http:\/\/ksiegarnia-akademicka.pl\/index.php\/wp-json\/wp\/v2\/product_tag?post=20809"}],"curies":[{"name":"wp","href":"https:\/\/api.w.org\/{rel}","templated":true}]}}