{"id":20770,"date":"2025-04-08T08:59:38","date_gmt":"2025-04-08T06:59:38","guid":{"rendered":"http:\/\/ksiegarnia-akademicka.pl\/?post_type=product&#038;p=20770"},"modified":"2025-04-08T08:59:38","modified_gmt":"2025-04-08T06:59:38","slug":"abcde-ocena-pacjentow-w-stanach-naglych","status":"publish","type":"product","link":"http:\/\/ksiegarnia-akademicka.pl\/index.php\/product\/abcde-ocena-pacjentow-w-stanach-naglych\/","title":{"rendered":"ABCDE Ocena pacjent\u00f3w w stanach nag\u0142ych"},"content":{"rendered":"<div class=\"grupa osoby\"><span class=\"meta-head-blue\">Autor:<\/span><\/p>\n<ul>\n<li class=\"meta-value\">Semmel Thomas<\/li>\n<\/ul>\n<\/div>\n<div class=\"grupa osoby\"><span class=\"meta-head-blue\">T\u0142umacze:<\/span>\u00a0<span class=\"meta-value\">EDRA<\/span><\/div>\n<div class=\"grupa osoby\"><span class=\"meta-head-blue\">Ilustracje:<\/span>\u00a0<span class=\"meta-value\">Urban &amp; Partner sp. z o.o.<\/span><\/div>\n<div class=\"grupa wydawca\"><span class=\"meta-head\">Wydawca:<\/span>\u00a0Edra Urban &amp; Partner<\/div>\n<div class=\"grupa dane\">\n<div>Oprawa:\u00a0<span class=\"meta-value-bold\">Mi\u0119kka<\/span><\/div>\n<div>Format:\u00a0<span class=\"meta-value-bold\">11.0&#215;18.5cm<\/span><\/div>\n<div>Liczba stron:\u00a0<span class=\"meta-value-bold\">216<\/span><\/div>\n<div>Rok wydania:\u00a0<span class=\"meta-value-bold\">2025<\/span><\/div>\n<div>J\u0119zyk wydania:\u00a0<span class=\"meta-value-bold\">polski<\/span><\/div>\n<\/div>\n<div><\/div>\n<div>Jednym z g\u0142\u00f3wnych atut\u00f3w ksi\u0105\u017cki ABCDE. Ocena pacjent\u00f3w w stanach nag\u0142ych jest klarowno\u015b\u0107 oraz systematyczno\u015b\u0107 w prezentowaniu koncepcji oceny pacjent\u00f3w wed\u0142ug schematu ABCDE. Procedura ta, stosowana w mi\u0119dzynarodowych standardach ratownictwa, umo\u017cliwia szybkie i skuteczne rozpoznanie stan\u00f3w zagro\u017cenia \u017cycia oraz podj\u0119cie natychmiastowych dzia\u0142a\u0144 terapeutycznych. Autor w przyst\u0119pny spos\u00f3b omawia kolejne etapy post\u0119powania \u2013 od oceny stanu przytomno\u015bci i dro\u017cno\u015bci dr\u00f3g oddechowych, przez kontrol\u0119 oddychania i kr\u0105\u017cenia, po ocen\u0119 neurologiczn\u0105 pacjenta. Szczeg\u00f3lny nacisk k\u0142adzie na umiej\u0119tno\u015b\u0107 obserwacji oraz wykorzystywania w\u0142asnych zmys\u0142\u00f3w w diagnostyce, co jest niezwykle istotne zar\u00f3wno w warunkach opieki przedszpitalnej, jak i na szpitalnych oddzia\u0142ach ratunkowych.<br \/>\nPolskie wydanie zosta\u0142o opracowane z uwzgl\u0119dnieniem specyfiki krajowego systemu ochrony zdrowia oraz organizacji ratownictwa medycznego. T\u0142umaczenie dostosowano do terminologii stosowanej w polskim systemie edukacji medycznej i praktyce klinicznej, a tak\u017ce odniesiono do obowi\u0105zuj\u0105cych regulacji prawnych oraz wytycznych post\u0119powania w nag\u0142ych przypadkach. Dzi\u0119ki temu ksi\u0105\u017cka mo\u017ce by\u0107 wykorzystywana zar\u00f3wno w procesie kszta\u0142cenia przysz\u0142ych specjalist\u00f3w, jak i jako narz\u0119dzie do doskonalenia zawodowego dla os\u00f3b ju\u017c pracuj\u0105cych w systemie ratownictwa.<br \/>\nPublikacja stanowi doskona\u0142e wsparcie w nauce i praktyce oceny pacjenta w stanie nag\u0142ym. Liczne przyk\u0142ady kliniczne, schematy oraz pytania kontrolne u\u0142atwiaj\u0105 przyswojenie materia\u0142u i umo\u017cliwiaj\u0105 efektywne zastosowanie zdobytej wiedzy w praktyce.<br \/>\nZ Przedmowy do wydania polskiego<\/div>\n","protected":false},"excerpt":{"rendered":"<p>Autor: Semmel Thomas T\u0142umacze:\u00a0EDRA Ilustracje:\u00a0Urban &amp; Partner sp. z o.o. [&hellip;]<\/p>\n","protected":false},"featured_media":20771,"template":"","meta":[],"product_brand":[],"product_cat":[7493,8116,7530],"product_tag":[85,6863],"class_list":{"0":"post-20770","1":"product","2":"type-product","3":"status-publish","4":"has-post-thumbnail","6":"product_cat-medycyna","7":"product_cat-medycyna-ratunkowa","8":"product_cat-nowosci","9":"product_tag-diagnostyka","10":"product_tag-stany-nagle","12":"first","13":"instock","14":"sale","15":"shipping-taxable","16":"purchasable","17":"product-type-simple"},"_links":{"self":[{"href":"http:\/\/ksiegarnia-akademicka.pl\/index.php\/wp-json\/wp\/v2\/product\/20770","targetHints":{"allow":["GET"]}}],"collection":[{"href":"http:\/\/ksiegarnia-akademicka.pl\/index.php\/wp-json\/wp\/v2\/product"}],"about":[{"href":"http:\/\/ksiegarnia-akademicka.pl\/index.php\/wp-json\/wp\/v2\/types\/product"}],"wp:featuredmedia":[{"embeddable":true,"href":"http:\/\/ksiegarnia-akademicka.pl\/index.php\/wp-json\/wp\/v2\/media\/20771"}],"wp:attachment":[{"href":"http:\/\/ksiegarnia-akademicka.pl\/index.php\/wp-json\/wp\/v2\/media?parent=20770"}],"wp:term":[{"taxonomy":"product_brand","embeddable":true,"href":"http:\/\/ksiegarnia-akademicka.pl\/index.php\/wp-json\/wp\/v2\/product_brand?post=20770"},{"taxonomy":"product_cat","embeddable":true,"href":"http:\/\/ksiegarnia-akademicka.pl\/index.php\/wp-json\/wp\/v2\/product_cat?post=20770"},{"taxonomy":"product_tag","embeddable":true,"href":"http:\/\/ksiegarnia-akademicka.pl\/index.php\/wp-json\/wp\/v2\/product_tag?post=20770"}],"curies":[{"name":"wp","href":"https:\/\/api.w.org\/{rel}","templated":true}]}}