{"id":20761,"date":"2025-04-05T12:43:02","date_gmt":"2025-04-05T10:43:02","guid":{"rendered":"http:\/\/ksiegarnia-akademicka.pl\/?post_type=product&#038;p=20761"},"modified":"2025-04-05T12:43:03","modified_gmt":"2025-04-05T10:43:03","slug":"sztuczna-inteligencja-implementacja-i-analiza-modeli-yolo-koduj-przyszlosc","status":"publish","type":"product","link":"http:\/\/ksiegarnia-akademicka.pl\/index.php\/product\/sztuczna-inteligencja-implementacja-i-analiza-modeli-yolo-koduj-przyszlosc\/","title":{"rendered":"Sztuczna inteligencja Implementacja i analiza modeli YOLO Koduj przysz\u0142o\u015b\u0107"},"content":{"rendered":"<p>Autor: Jacek Wo\u0142oszyn<\/p>\n<p>Wydawnictwo: Wydawnictwo Uniwersytetu Radomskiego<\/p>\n<p>Seria: Monografie<\/p>\n<p>Rok wydania: 2025<\/p>\n<p>Ilo\u015b\u0107 stron: 203<\/p>\n<p>&nbsp;<\/p>\n<p>&nbsp;<\/p>\n","protected":false},"excerpt":{"rendered":"<p>Autor: Jacek Wo\u0142oszyn Wydawnictwo: Wydawnictwo Uniwersytetu Radomskiego Seria: Monografie Rok [&hellip;]<\/p>\n","protected":false},"featured_media":20762,"template":"","meta":[],"product_brand":[],"product_cat":[36,7527,7530,43],"product_tag":[8583,7475],"class_list":{"0":"post-20761","1":"product","2":"type-product","3":"status-publish","4":"has-post-thumbnail","6":"product_cat-informatyka","7":"product_cat-informatyka-matematyka-fizyka","8":"product_cat-nowosci","9":"product_cat-wydawnictwo-uth","10":"product_tag-modele-yolo","11":"product_tag-sztuczna-inteligencja","13":"first","14":"instock","15":"sale","16":"shipping-taxable","17":"purchasable","18":"product-type-simple"},"_links":{"self":[{"href":"http:\/\/ksiegarnia-akademicka.pl\/index.php\/wp-json\/wp\/v2\/product\/20761","targetHints":{"allow":["GET"]}}],"collection":[{"href":"http:\/\/ksiegarnia-akademicka.pl\/index.php\/wp-json\/wp\/v2\/product"}],"about":[{"href":"http:\/\/ksiegarnia-akademicka.pl\/index.php\/wp-json\/wp\/v2\/types\/product"}],"wp:featuredmedia":[{"embeddable":true,"href":"http:\/\/ksiegarnia-akademicka.pl\/index.php\/wp-json\/wp\/v2\/media\/20762"}],"wp:attachment":[{"href":"http:\/\/ksiegarnia-akademicka.pl\/index.php\/wp-json\/wp\/v2\/media?parent=20761"}],"wp:term":[{"taxonomy":"product_brand","embeddable":true,"href":"http:\/\/ksiegarnia-akademicka.pl\/index.php\/wp-json\/wp\/v2\/product_brand?post=20761"},{"taxonomy":"product_cat","embeddable":true,"href":"http:\/\/ksiegarnia-akademicka.pl\/index.php\/wp-json\/wp\/v2\/product_cat?post=20761"},{"taxonomy":"product_tag","embeddable":true,"href":"http:\/\/ksiegarnia-akademicka.pl\/index.php\/wp-json\/wp\/v2\/product_tag?post=20761"}],"curies":[{"name":"wp","href":"https:\/\/api.w.org\/{rel}","templated":true}]}}