{"id":20718,"date":"2025-03-31T09:57:07","date_gmt":"2025-03-31T07:57:07","guid":{"rendered":"http:\/\/ksiegarnia-akademicka.pl\/?post_type=product&#038;p=20718"},"modified":"2025-03-31T09:57:07","modified_gmt":"2025-03-31T07:57:07","slug":"funkcja-regulacyjna-prawa-cywilnego-w-obszarze-platform-internetowych","status":"publish","type":"product","link":"http:\/\/ksiegarnia-akademicka.pl\/index.php\/product\/funkcja-regulacyjna-prawa-cywilnego-w-obszarze-platform-internetowych\/","title":{"rendered":"Funkcja regulacyjna prawa cywilnego w obszarze platform internetowych"},"content":{"rendered":"<div class=\"grupa osoby\"><span class=\"meta-head\">Autor:<\/span><\/p>\n<ul>\n<li class=\"meta-value\">Damian Dobosz<\/li>\n<\/ul>\n<\/div>\n<div class=\"grupa wydawca\"><span class=\"meta-head\">Wydawca:<\/span>\u00a0Wolters Kluwer<\/div>\n<div class=\"grupa dane\">\n<div>Oprawa:\u00a0<span class=\"meta-value-bold\">Twarda<\/span><\/div>\n<div>Format:\u00a0<span class=\"meta-value-bold\">15.0&#215;21.0cm<\/span><\/div>\n<div>Liczba stron:\u00a0<span class=\"meta-value-bold\">506<\/span><\/div>\n<div>Wydanie:\u00a0<span class=\"meta-value-bold\">1<\/span><\/div>\n<div>Rok wydania:\u00a0<span class=\"meta-value-bold\">2025<\/span><\/div>\n<div>J\u0119zyk wydania:\u00a0<span class=\"meta-value-bold\">polski<\/span><\/div>\n<\/div>\n<div><\/div>\n<div>Rozw\u00f3j nowoczesnych technologii, kt\u00f3re sta\u0142y si\u0119 podstaw\u0105 dzia\u0142ania platform internetowych, jest ogromnym wyzwaniem dla ca\u0142ego systemu prawa prywatnego. Platformy internetowe tworz\u0105 samodzielnie rynek wymiany d\u00f3br lub us\u0142ug, ustalaj\u0105 regu\u0142y post\u0119powania na tym rynku, a ich mi\u0119dzynarodowe osadzenie sprawia, \u017ce kontrola i efektywna w\u0142adza pa\u0144stwowa wobec nich nie s\u0105 skuteczne.<\/p>\n<p>W ksi\u0105\u017cce autor opisuje relacje pomi\u0119dzy norm\u0105 prawn\u0105 w obr\u0119bie prawa prywatnego a ekosystemem regulowanym przez platform\u0119 internetow\u0105. Wskazuje te\u017c kierunek rozwoju nowoczesnego systemu prawnego i poddaje krytycznej analizie dotychczasowe pr\u00f3by jego uregulowania na poziomie unijnym i krajowym. Zauwa\u017ca problemy zwi\u0105zane ze wsp\u00f3\u0142czesnym kszta\u0142tem systemu prawnego oraz rol\u0105 platform internetowych i przedstawia wyzwania, z jakimi b\u0119dzie zmaga\u0142 si\u0119 ustawodawca, staraj\u0105c si\u0119 sprawiedliwie kszta\u0142towa\u0107 takie stosunki prawne, w kt\u00f3rych technologia odgrywa kluczow\u0105 rol\u0119. Jednocze\u015bnie dostrzega on problemy praktyczne w stosowaniu prawa krajowego na styku z prawem unijnym i proponuje ciekawe rozwi\u0105zania.<\/p>\n<p>Ksi\u0105\u017cka zainteresuje prawnik\u00f3w praktyk\u00f3w zajmuj\u0105cych si\u0119 obs\u0142ug\u0105 prawn\u0105 platform internetowych. B\u0119dzie cenn\u0105 lektur\u0105 tak\u017ce dla u\u017cytkownik\u00f3w takich podmiot\u00f3w oraz wszystkich, kt\u00f3rzy szukaj\u0105 naukowej refleksji na temat regulacji prawnych odnosz\u0105cych si\u0119 do przestrzeni cyfrowej.<\/p><\/div>\n","protected":false},"excerpt":{"rendered":"<p>Autor: Damian Dobosz Wydawca:\u00a0Wolters Kluwer Oprawa:\u00a0Twarda Format:\u00a015.0&#215;21.0cm Liczba stron:\u00a0506 Wydanie:\u00a01 [&hellip;]<\/p>\n","protected":false},"featured_media":20719,"template":"","meta":[],"product_brand":[],"product_cat":[7491,7530,18,7550],"product_tag":[615,793,5037],"class_list":{"0":"post-20718","1":"product","2":"type-product","3":"status-publish","4":"has-post-thumbnail","6":"product_cat-cywilne","7":"product_cat-nowosci","8":"product_cat-prawo","9":"product_cat-prawo-pracy","10":"product_tag-prawo-cywilne","11":"product_tag-prawo-pracy","12":"product_tag-seria-monografie","14":"first","15":"instock","16":"sale","17":"shipping-taxable","18":"purchasable","19":"product-type-simple"},"_links":{"self":[{"href":"http:\/\/ksiegarnia-akademicka.pl\/index.php\/wp-json\/wp\/v2\/product\/20718","targetHints":{"allow":["GET"]}}],"collection":[{"href":"http:\/\/ksiegarnia-akademicka.pl\/index.php\/wp-json\/wp\/v2\/product"}],"about":[{"href":"http:\/\/ksiegarnia-akademicka.pl\/index.php\/wp-json\/wp\/v2\/types\/product"}],"wp:featuredmedia":[{"embeddable":true,"href":"http:\/\/ksiegarnia-akademicka.pl\/index.php\/wp-json\/wp\/v2\/media\/20719"}],"wp:attachment":[{"href":"http:\/\/ksiegarnia-akademicka.pl\/index.php\/wp-json\/wp\/v2\/media?parent=20718"}],"wp:term":[{"taxonomy":"product_brand","embeddable":true,"href":"http:\/\/ksiegarnia-akademicka.pl\/index.php\/wp-json\/wp\/v2\/product_brand?post=20718"},{"taxonomy":"product_cat","embeddable":true,"href":"http:\/\/ksiegarnia-akademicka.pl\/index.php\/wp-json\/wp\/v2\/product_cat?post=20718"},{"taxonomy":"product_tag","embeddable":true,"href":"http:\/\/ksiegarnia-akademicka.pl\/index.php\/wp-json\/wp\/v2\/product_tag?post=20718"}],"curies":[{"name":"wp","href":"https:\/\/api.w.org\/{rel}","templated":true}]}}