{"id":20714,"date":"2025-03-31T09:51:01","date_gmt":"2025-03-31T07:51:01","guid":{"rendered":"http:\/\/ksiegarnia-akademicka.pl\/?post_type=product&#038;p=20714"},"modified":"2025-03-31T09:51:02","modified_gmt":"2025-03-31T07:51:02","slug":"przestepstwo-zgwalcenia-po-nowelizacji-komentarz","status":"publish","type":"product","link":"http:\/\/ksiegarnia-akademicka.pl\/index.php\/product\/przestepstwo-zgwalcenia-po-nowelizacji-komentarz\/","title":{"rendered":"Przest\u0119pstwo zgwa\u0142cenia po nowelizacji Komentarz"},"content":{"rendered":"<div class=\"grupa osoby\"><span class=\"meta-head\">Autor:<\/span><\/p>\n<ul>\n<li class=\"meta-value\">Miko\u0142aj Ma\u0142ecki<\/li>\n<\/ul>\n<\/div>\n<div class=\"grupa wydawca\"><span class=\"meta-head\">Wydawca:<\/span>\u00a0Wolters Kluwer<\/div>\n<div class=\"grupa dane\">\n<div>Oprawa:\u00a0<span class=\"meta-value-bold\">Mi\u0119kka<\/span><\/div>\n<div>Format:\u00a0<span class=\"meta-value-bold\">14.0&#215;20.0cm<\/span><\/div>\n<div>Liczba stron:\u00a0<span class=\"meta-value-bold\">242<\/span><\/div>\n<div>Wydanie:\u00a0<span class=\"meta-value-bold\">1<\/span><\/div>\n<div>Rok wydania:\u00a0<span class=\"meta-value-bold\">2025<\/span><\/div>\n<div>J\u0119zyk wydania:\u00a0<span class=\"meta-value-bold\">polski<\/span><\/div>\n<\/div>\n<div><\/div>\n<div>Komentarz omawia nowelizacj\u0119 przest\u0119pstw seksualnych, obowi\u0105zuj\u0105c\u0105 od 13.02.2025 r. Zawiera szczeg\u00f3\u0142ow\u0105 analiz\u0119: zmodyfikowanego brzmienia art. 197 \u00a7 1 k.k. (zgwa\u0142cenie), nowego przest\u0119pstwa polegaj\u0105cego na wykorzystaniu osoby niezdolnej do autodeterminacji z art. 197 \u00a7 1a k.k., zmian w art. 198 k.k. (wykorzystanie bezradno\u015bci lub ograniczonej poczytalno\u015bci), a tak\u017ce zwi\u0105zku znowelizowanych regulacji z art. 199 k.k. (wykorzystanie zale\u017cno\u015bci lub krytycznego po\u0142o\u017cenia innej osoby).<\/p>\n<p>Autor rozstrzyga dotychczasowe w\u0105tpliwo\u015bci interpretacyjne, a tak\u017ce zwraca uwag\u0119 na problemy, jakie wywo\u0142a nowelizacja w praktyce wymiaru sprawiedliwo\u015bci. W szczeg\u00f3lno\u015bci omawia:<br \/>\n&#8211; warunki \u015bwiadomej, dobrowolnej, uprzedniej i odwo\u0142ywalnej zgody,<br \/>\n&#8211; znami\u0119 \u201einnego sposobu\u201d doprowadzenia do czynno\u015bci seksualnej,<br \/>\n&#8211; wprowadzenie karalno\u015bci zgwa\u0142cenia przez zaniechanie,<br \/>\n&#8211; kwalifikacj\u0119 prawn\u0105 wsp\u00f3\u0142\u017cycia partner\u00f3w nietrze\u017awych lub odurzonych,<br \/>\n&#8211; ocen\u0119 prawn\u0105 tzw. tonicznego bezruchu (zmro\u017cenia),<br \/>\n&#8211; zgwa\u0142cenie z zamiarem ewentualnym,<br \/>\n&#8211; skomplikowane relacje nowego opisu zgwa\u0142cenia z pozosta\u0142ymi typami przest\u0119pstw seksualnych,<br \/>\n&#8211; przekszta\u0142cenie dotychczasowych przest\u0119pstw pedofilskich w zgwa\u0142cenia zagro\u017cone do\u017cywotnim pozbawieniem wolno\u015bci.<\/p>\n<p>Komentarz przeznaczony jest dla praktyk\u00f3w \u2013 adwokat\u00f3w, radc\u00f3w prawnych, s\u0119dzi\u00f3w i prokurator\u00f3w, a tak\u017ce pracownik\u00f3w naukowych. Zainteresuje r\u00f3wnie\u017c organizacje spo\u0142eczne zaanga\u017cowane w walk\u0119 o prawa kobiet, parlamentarzyst\u00f3w i legislator\u00f3w.<\/p><\/div>\n","protected":false},"excerpt":{"rendered":"<p>Autor: Miko\u0142aj Ma\u0142ecki Wydawca:\u00a0Wolters Kluwer Oprawa:\u00a0Mi\u0119kka Format:\u00a014.0&#215;20.0cm Liczba stron:\u00a0242 Wydanie:\u00a01 [&hellip;]<\/p>\n","protected":false},"featured_media":20715,"template":"","meta":[],"product_brand":[],"product_cat":[7490,7530,18],"product_tag":[296,4603],"class_list":{"0":"post-20714","1":"product","2":"type-product","3":"status-publish","4":"has-post-thumbnail","6":"product_cat-karne","7":"product_cat-nowosci","8":"product_cat-prawo","9":"product_tag-prawo-karne","10":"product_tag-seria-komentarze-praktyczne","12":"first","13":"instock","14":"sale","15":"shipping-taxable","16":"purchasable","17":"product-type-simple"},"_links":{"self":[{"href":"http:\/\/ksiegarnia-akademicka.pl\/index.php\/wp-json\/wp\/v2\/product\/20714","targetHints":{"allow":["GET"]}}],"collection":[{"href":"http:\/\/ksiegarnia-akademicka.pl\/index.php\/wp-json\/wp\/v2\/product"}],"about":[{"href":"http:\/\/ksiegarnia-akademicka.pl\/index.php\/wp-json\/wp\/v2\/types\/product"}],"wp:featuredmedia":[{"embeddable":true,"href":"http:\/\/ksiegarnia-akademicka.pl\/index.php\/wp-json\/wp\/v2\/media\/20715"}],"wp:attachment":[{"href":"http:\/\/ksiegarnia-akademicka.pl\/index.php\/wp-json\/wp\/v2\/media?parent=20714"}],"wp:term":[{"taxonomy":"product_brand","embeddable":true,"href":"http:\/\/ksiegarnia-akademicka.pl\/index.php\/wp-json\/wp\/v2\/product_brand?post=20714"},{"taxonomy":"product_cat","embeddable":true,"href":"http:\/\/ksiegarnia-akademicka.pl\/index.php\/wp-json\/wp\/v2\/product_cat?post=20714"},{"taxonomy":"product_tag","embeddable":true,"href":"http:\/\/ksiegarnia-akademicka.pl\/index.php\/wp-json\/wp\/v2\/product_tag?post=20714"}],"curies":[{"name":"wp","href":"https:\/\/api.w.org\/{rel}","templated":true}]}}