{"id":20702,"date":"2025-03-27T09:09:48","date_gmt":"2025-03-27T08:09:48","guid":{"rendered":"http:\/\/ksiegarnia-akademicka.pl\/?post_type=product&#038;p=20702"},"modified":"2025-03-27T09:09:49","modified_gmt":"2025-03-27T08:09:49","slug":"fakturowanie-czynnosci-podlegajacych-opodatkowaniu-podatkiem-od-towarow-i-uslug","status":"publish","type":"product","link":"http:\/\/ksiegarnia-akademicka.pl\/index.php\/product\/fakturowanie-czynnosci-podlegajacych-opodatkowaniu-podatkiem-od-towarow-i-uslug\/","title":{"rendered":"Fakturowanie czynno\u015bci podlegaj\u0105cych opodatkowaniu podatkiem od towar\u00f3w i us\u0142ug"},"content":{"rendered":"<div class=\"grupa osoby\"><span class=\"meta-head\">Autor:<\/span><\/p>\n<ul>\n<li class=\"meta-value\">dr hab Witold Modzelewski prof<\/li>\n<\/ul>\n<\/div>\n<div class=\"grupa wydawca\"><span class=\"meta-head\">Wydawca:<\/span>\u00a0Instytut Studi\u00f3w Podatkowych<\/div>\n<div class=\"grupa dane\">\n<div>Oprawa:\u00a0<span class=\"meta-value-bold\">Mi\u0119kka<\/span><\/div>\n<div>Format:\u00a0<span class=\"meta-value-bold\">14.8&#215;21.0cm<\/span><\/div>\n<div>Liczba stron:\u00a0<span class=\"meta-value-bold\">235<\/span><\/div>\n<div>Wydanie:\u00a0<span class=\"meta-value-bold\">1<\/span><\/div>\n<div>Rok wydania:\u00a0<span class=\"meta-value-bold\">2025<\/span><\/div>\n<div>J\u0119zyk wydania:\u00a0<span class=\"meta-value-bold\">polski<\/span><\/div>\n<\/div>\n<div><\/div>\n<div>Oddajemy do r\u0105k Czytelnik\u00f3w kolejn\u0105 ksi\u0105\u017ck\u0119 z serii \u201eMonografie podatkowe\u201d po\u015bwi\u0119con\u0105 fakturowaniu czynno\u015bci podlegaj\u0105cych opodatkowaniu podatkiem od towar\u00f3w i us\u0142ug. Autorzy analizuj\u0105 szczeg\u00f3\u0142owe problemy prawne najwa\u017cniejszego dokumentu podatkowego, kt\u00f3ry wystawiany jest obowi\u0105zkowo przez podmioty prywatnoprawne i publicznoprawne na podstawie przepis\u00f3w prawa podatkowego. Dokument ten (\u201efaktura podatkowa\u201d) przede wszystkim wywo\u0142uje skutki publicznoprawne. Jego g\u0142\u00f3wnym zadaniem jest wykazanie kwot podatku nale\u017cnego i podatku naliczonego na potrzeby rozliczania podatku od towar\u00f3w i us\u0142ug. Analiza tej funkcji jest najwa\u017cniejszym w\u0105tkiem tej ksi\u0105\u017cki. Autorzy dokonuj\u0105 r\u00f3wnie\u017c analizy skutk\u00f3w cywilnoprawnych pos\u0142u\u017cenia si\u0119 faktur\u0105 podatkow\u0105 w stosunkach prywatnoprawnych oraz delikt\u00f3w prawnokarnych i karnoskarbowych pope\u0142nianych w zwi\u0105zku z wystawieniem lub u\u017cyciem faktur podatkowych. W aneksie do ksi\u0105\u017cki zamieszczono analiz\u0119 przysz\u0142ej nowelizacji przepis\u00f3w, kt\u00f3re maj\u0105 wej\u015b\u0107 w \u017cycie w 2026 r. (tzw. obowi\u0105zkowe wystawianie faktur ustrukturyzowanych).<br \/>\nKsi\u0105\u017cka jest wsp\u00f3lnym dzie\u0142em pracownik\u00f3w Instytutu Studi\u00f3w Podatkowych, w kt\u00f3rym korzystano r\u00f3wnie\u017c z dorobku analitycznego i opiniodawczego z lat 2017\u20132024. Redaktorem naukowym jest prof. dr hab. Witold Modzelewski, uznany w kraju i zagranic\u0105 znawca podatku od towar\u00f3w i us\u0142ug. Od lat publicznie staje on w obronie jako\u015bci prawa podatkowego, jego ochrony przed destrukcj\u0105, lobbingiem, a przede wszystkim niekompetencj\u0105. Jego najwi\u0119ksz\u0105 zas\u0142ug\u0105 w 2024 r. by\u0142o przyczynienie si\u0119 do odroczenia zmian w zasadach fakturowania, kt\u00f3re doprowadzi\u0142yby do totalnej destrukcji podatku od towar\u00f3w i us\u0142ug. Ta katastrofa zosta\u0142a przesuni\u0119ta na 2026 r., cho\u0107 jest szansa, \u017ce do niej nie dojdzie.<br \/>\nNiniejsza ksi\u0105\u017cka zainteresuje wszystkich, kt\u00f3rzy zajmuj\u0105 si\u0119 zawodowo podatkiem od towar\u00f3w i us\u0142ug, czyli ksi\u0119gowych, biura rachunkowe, doradc\u00f3w podatkowych oraz innych prawnik\u00f3w i ekonomist\u00f3w, a tak\u017ce student\u00f3w z wydzia\u0142u prawa, wydzia\u0142\u00f3w ekonomicznych i rachunkowych<\/div>\n","protected":false},"excerpt":{"rendered":"<p>Autor: dr hab Witold Modzelewski prof Wydawca:\u00a0Instytut Studi\u00f3w Podatkowych Oprawa:\u00a0Mi\u0119kka [&hellip;]<\/p>\n","protected":false},"featured_media":20703,"template":"","meta":[],"product_brand":[],"product_cat":[7530,22,23],"product_tag":[355,1055,1549],"class_list":{"0":"post-20702","1":"product","2":"type-product","3":"status-publish","4":"has-post-thumbnail","6":"product_cat-nowosci","7":"product_cat-podatki-i-prawo-podatkowe","8":"product_cat-rachunkowosc","9":"product_tag-podatki","10":"product_tag-prawo-podatkowe","11":"product_tag-vat","13":"first","14":"instock","15":"sale","16":"shipping-taxable","17":"purchasable","18":"product-type-simple"},"_links":{"self":[{"href":"http:\/\/ksiegarnia-akademicka.pl\/index.php\/wp-json\/wp\/v2\/product\/20702","targetHints":{"allow":["GET"]}}],"collection":[{"href":"http:\/\/ksiegarnia-akademicka.pl\/index.php\/wp-json\/wp\/v2\/product"}],"about":[{"href":"http:\/\/ksiegarnia-akademicka.pl\/index.php\/wp-json\/wp\/v2\/types\/product"}],"wp:featuredmedia":[{"embeddable":true,"href":"http:\/\/ksiegarnia-akademicka.pl\/index.php\/wp-json\/wp\/v2\/media\/20703"}],"wp:attachment":[{"href":"http:\/\/ksiegarnia-akademicka.pl\/index.php\/wp-json\/wp\/v2\/media?parent=20702"}],"wp:term":[{"taxonomy":"product_brand","embeddable":true,"href":"http:\/\/ksiegarnia-akademicka.pl\/index.php\/wp-json\/wp\/v2\/product_brand?post=20702"},{"taxonomy":"product_cat","embeddable":true,"href":"http:\/\/ksiegarnia-akademicka.pl\/index.php\/wp-json\/wp\/v2\/product_cat?post=20702"},{"taxonomy":"product_tag","embeddable":true,"href":"http:\/\/ksiegarnia-akademicka.pl\/index.php\/wp-json\/wp\/v2\/product_tag?post=20702"}],"curies":[{"name":"wp","href":"https:\/\/api.w.org\/{rel}","templated":true}]}}