{"id":20693,"date":"2025-03-26T10:20:27","date_gmt":"2025-03-26T09:20:27","guid":{"rendered":"http:\/\/ksiegarnia-akademicka.pl\/?post_type=product&#038;p=20693"},"modified":"2025-03-26T10:20:28","modified_gmt":"2025-03-26T09:20:28","slug":"prawo-spadkowe-system-prawa-prywatnego-tom-10","status":"publish","type":"product","link":"http:\/\/ksiegarnia-akademicka.pl\/index.php\/product\/prawo-spadkowe-system-prawa-prywatnego-tom-10\/","title":{"rendered":"Prawo spadkowe. System Prawa Prywatnego. Tom 10"},"content":{"rendered":"<p>Redakcja:\u00a0prof. dr hab. Bogudar Kordasiewicz<\/p>\n<p>Autor:\u00a0dr Wojciech Ba\u0144czyk,\u00a0dr Witold Borysiak,\u00a0dr Agnieszka Kawa\u0142ko,\u00a0SSA dr Micha\u0142 K\u0142os,\u00a0dr J\u00f3zef Kremis \u2020,\u00a0dr Elwira Macierzy\u0144ska-Franaszczyk,\u00a0prof. dr hab. Maksymilian Pazdan,\u00a0Andrzej Pi\u0105towski,\u00a0prof. dr hab. El\u017cbieta Skowro\u0144ska-Bocian,\u00a0dr hab. Jacek Wierci\u0144ski,\u00a0prof. KUL dr hab. Hanna Witczak,\u00a0prof. dr hab. Sylwester W\u00f3jcik \u2020,\u00a0prof. dr hab. Fryderyk Zoll<\/p>\n<p>Wydawnictwo: C.H. Beck<\/p>\n<p>Seria: System Prawa Prywatnego<\/p>\n<p>Rok wydania: 2025<\/p>\n<p>Wydanie: 4<\/p>\n<p>Oprawa: Twarda<\/p>\n<p>Liczba stron: 1552<\/p>\n<p>Wymiary: 155&#215;235 mm<\/p>\n<p>Waga: 1870 g<\/p>\n<p>ISBN:\u00a0978-83-8356-416-6<\/p>\n<p>&nbsp;<\/p>\n<p><strong>Tom 10 z serii Systemu Prawa Prywatnego dog\u0142\u0119bnie i kompleksowo omawia zagadnienia dotycz\u0105ce dziedziczenia.<\/strong><\/p>\n<p>Znakomite grono Autor\u00f3w w wyczerpuj\u0105cy, a zarazem ciekawy spos\u00f3b omawia problematyk\u0119 dotycz\u0105c\u0105:<\/p>\n<ul>\n<li><strong>poj\u0119cia, funkcji i \u017ar\u00f3de\u0142 prawa spadkowego<\/strong>\u00a0(zagadnienie podmiotowego prawa dziedziczenia, ewolucja prawa spadkowego, konstytucyjne za\u0142o\u017cenia polskiego prawa spadkowego, podatek spadkowy);<\/li>\n<li><strong>spadku<\/strong>\u00a0(poj\u0119cie spadku i jego zakres, odr\u0119bne cz\u0119\u015bci spadku, otwarcie spadku, charakter prawny dziedziczenia, powo\u0142anie do spadku, zdolno\u015b\u0107 do dziedziczenia, niegodno\u015b\u0107);<\/li>\n<li><strong>dziedziczenia ustawowego<\/strong>\u00a0(og\u00f3lne zasady dziedziczenia ustawowego w prawie polskim, dziedziczenie ustawowe gospodarstw rolnych);<\/li>\n<li><strong>testamentu<\/strong>\u00a0(przes\u0142anki wa\u017cno\u015bci testamentu, odwo\u0142anie testamentu, og\u0142oszenie testamentu, wyk\u0142adnia testamentu);<\/li>\n<li><strong>rozporz\u0105dzenia testamentowego<\/strong>\u00a0(powo\u0142anie spadkobiercy, rozrz\u0105dzenia dotycz\u0105ce poszczeg\u00f3lnych przedmiot\u00f3w, zakres zwyk\u0142y i zapis windykacyjny, polecenie, wykonawca testamentu);<\/li>\n<li><strong>przyj\u0119cia i odrzucenia spadku<\/strong>\u00a0(konstrukcja prawa polskiego, skutki o\u015bwiadczenia o przyj\u0119ciu lub odrzuceniu spadku, wp\u0142yw wad o\u015bwiadczenia woli na przyj\u0119cie lub odrzucenie spadku, uchylenie si\u0119 od skutk\u00f3w prawnych o\u015bwiadczenia w sprawie przyj\u0119cia spadku);<\/li>\n<li><strong>udokumentowania nabycia spadku<\/strong>\u00a0(potrzeba i znaczenie udokumentowania nabycia spadku, post\u0119powania dokumentuj\u0105ce prawa do spadku, wzruszenie aktu po\u015bwiadczenia dziedziczenia albo postanowienia o stwierdzeniu nabycia spadku, skutki udokumentowania spraw spadkowych);<\/li>\n<li><strong>ochrony dziedziczenia<\/strong>\u00a0(cel i struktura roszczenia o ochron\u0119 dziedziczenia, strony roszczenia o ochron\u0119 dziedziczenia, przes\u0142anki roszczenia, stosunek do innych roszcze\u0144, roszczenia uzupe\u0142niaj\u0105ce spadkobiercy, roszczenia rzekomego spadkobiercy o zwrot nak\u0142ad\u00f3w, przedawnienie roszcze\u0144, skutki prawne uchylenia orzecznictwa o uznaniu za zmar\u0142ego, zastosowanie art. 1029 KC do zapisu windykacyjnego);<\/li>\n<li><strong>odpowiedzialno\u015bci za d\u0142ugi spadkowe<\/strong>;<\/li>\n<li><strong>wsp\u00f3lno\u015bci maj\u0105tku spadkowego<\/strong>\u00a0(natura prawna wsp\u00f3lno\u015bci maj\u0105tku spadkowego, maj\u0105tek spadkowy, czas trwania wsp\u00f3lno\u015bci maj\u0105tku spadkowego, udzia\u0142owy charakter wsp\u00f3lno\u015bci maj\u0105tku spadkowego, rozporz\u0105dzenie udzia\u0142em w przedmiocie nale\u017c\u0105cym do spadku, zarz\u0105d maj\u0105tkiem spadkowym, wsp\u00f3\u0142posiadanie i korzystanie z przedmiot\u00f3w nale\u017c\u0105cych do spadku);<\/li>\n<li><strong>dzia\u0142u spadku<\/strong>\u00a0(przedmiot dzia\u0142u, tryby i sposoby dzia\u0142u spadku, umowny i s\u0105dowy dzia\u0142 spadku, dzia\u0142 spadku z gospodarstwem rolnym, skutki dzia\u0142u spadku);<\/li>\n<li><strong>zachowku<\/strong>\u00a0(kr\u0105g os\u00f3b uprawnionych do zachowku, roszczenie o zachowek i jego wysoko\u015b\u0107, odpowiedzialno\u015b\u0107 za zachowek, zachowek ze spadku obejmuj\u0105cego gospodarstwo rolne);<\/li>\n<li><strong>um\u00f3w dotycz\u0105cych spadk\u00f3w<\/strong>\u00a0(poj\u0119cie i rodzaje um\u00f3w dotycz\u0105cych spadku, umowa o zrzeczenie si\u0119 dziedziczenia, umowy dziedziczenia, umowy o zbycie spadku).<\/li>\n<\/ul>\n<p>Szeroki kr\u0105g autor\u00f3w, kt\u00f3rzy specjalizuj\u0105 si\u0119 w prawie dziedziczenia, wybitnych teoretyk\u00f3w i praktyk\u00f3w stanowi gwarancj\u0119 rzetelnego om\u00f3wienia wy\u017cej wymienionych kwestii. Ksi\u0105\u017cka adresowana jest zar\u00f3wno do prawnik\u00f3w, jak i wszystkich zainteresowanych prawem spadkowym.<\/p>\n","protected":false},"excerpt":{"rendered":"<p>Redakcja:\u00a0prof. dr hab. Bogudar Kordasiewicz Autor:\u00a0dr Wojciech Ba\u0144czyk,\u00a0dr Witold Borysiak,\u00a0dr [&hellip;]<\/p>\n","protected":false},"featured_media":20694,"template":"","meta":[],"product_brand":[],"product_cat":[7491,7530,18],"product_tag":[618,6386],"class_list":{"0":"post-20693","1":"product","2":"type-product","3":"status-publish","4":"has-post-thumbnail","6":"product_cat-cywilne","7":"product_cat-nowosci","8":"product_cat-prawo","9":"product_tag-prawo-spadkowe","10":"product_tag-seria-system-prawa-prywatnego","12":"first","13":"instock","14":"sale","15":"shipping-taxable","16":"purchasable","17":"product-type-simple"},"_links":{"self":[{"href":"http:\/\/ksiegarnia-akademicka.pl\/index.php\/wp-json\/wp\/v2\/product\/20693","targetHints":{"allow":["GET"]}}],"collection":[{"href":"http:\/\/ksiegarnia-akademicka.pl\/index.php\/wp-json\/wp\/v2\/product"}],"about":[{"href":"http:\/\/ksiegarnia-akademicka.pl\/index.php\/wp-json\/wp\/v2\/types\/product"}],"wp:featuredmedia":[{"embeddable":true,"href":"http:\/\/ksiegarnia-akademicka.pl\/index.php\/wp-json\/wp\/v2\/media\/20694"}],"wp:attachment":[{"href":"http:\/\/ksiegarnia-akademicka.pl\/index.php\/wp-json\/wp\/v2\/media?parent=20693"}],"wp:term":[{"taxonomy":"product_brand","embeddable":true,"href":"http:\/\/ksiegarnia-akademicka.pl\/index.php\/wp-json\/wp\/v2\/product_brand?post=20693"},{"taxonomy":"product_cat","embeddable":true,"href":"http:\/\/ksiegarnia-akademicka.pl\/index.php\/wp-json\/wp\/v2\/product_cat?post=20693"},{"taxonomy":"product_tag","embeddable":true,"href":"http:\/\/ksiegarnia-akademicka.pl\/index.php\/wp-json\/wp\/v2\/product_tag?post=20693"}],"curies":[{"name":"wp","href":"https:\/\/api.w.org\/{rel}","templated":true}]}}