{"id":20676,"date":"2025-03-24T14:49:10","date_gmt":"2025-03-24T13:49:10","guid":{"rendered":"http:\/\/ksiegarnia-akademicka.pl\/?post_type=product&#038;p=20676"},"modified":"2025-03-24T14:49:11","modified_gmt":"2025-03-24T13:49:11","slug":"medyczne-czynnosci-ratunkowe-w-praktyce-ratownika-medycznego-tom-1","status":"publish","type":"product","link":"http:\/\/ksiegarnia-akademicka.pl\/index.php\/product\/medyczne-czynnosci-ratunkowe-w-praktyce-ratownika-medycznego-tom-1\/","title":{"rendered":"Medyczne czynno\u015bci ratunkowe w praktyce ratownika medycznego Tom 1"},"content":{"rendered":"<div class=\"grupa osoby\"><span class=\"meta-head\">Autor:<\/span><\/p>\n<ul>\n<li class=\"meta-value\">Roland Podlewski<\/li>\n<\/ul>\n<\/div>\n<div class=\"grupa wydawca\"><span class=\"meta-head\">Wydawca:<\/span>\u00a0PZWL<\/div>\n<div class=\"grupa dane\">\n<div>Oprawa:\u00a0<span class=\"meta-value-bold\">Mi\u0119kka<\/span><\/div>\n<div>Format:\u00a0<span class=\"meta-value-bold\">15.0&#215;23.5cm<\/span><\/div>\n<div>Liczba stron:\u00a0<span class=\"meta-value-bold\">550<\/span><\/div>\n<div>Wydanie:\u00a0<span class=\"meta-value-bold\">1<\/span><\/div>\n<div>Rok wydania:\u00a0<span class=\"meta-value-bold\">2025<\/span><\/div>\n<div>J\u0119zyk wydania:\u00a0<span class=\"meta-value-bold\">polski<\/span><\/div>\n<\/div>\n<div><\/div>\n<div>Zgrany zesp\u00f3\u0142 autor\u00f3w pod kierunkiem dra Rolanda Podlewskiego w 40. rozdzia\u0142ach om\u00f3wi\u0142 najwa\u017cniejsze zagadnienia w post\u0119powaniu przedszpitalnym. Czytelnicy znajd\u0105 w podr\u0119czniku starannie opracowane tematy: od podstawowego schematu ABCDE, wywiadu SAMPLE, poprzez ocen\u0119 stanu pacjenta, interpretacj\u0119 EKG, w\u0142a\u015bciwe stosowanie lek\u00f3w, najwa\u017cniejsze czynno\u015bci ratunkowe a\u017c po znajomo\u015b\u0107 r\u00f3\u017cnic kulturowych w\u015br\u00f3d pacjent\u00f3w i skuteczn\u0105 komunikacj\u0119 w zespo\u0142ach ratownictwa medycznego. To skr\u00f3towy, ale istotny przekaz wiedzy przygotowany przez zgrany, do\u015bwiadczony zesp\u00f3\u0142 praktyk\u00f3w. Autorzy do\u0142o\u017cyli stara\u0144, by teksty by\u0142y zwi\u0119z\u0142e i ciekawe, a PZWL zadba\u0142 o wyj\u0105tkow\u0105 szat\u0119 graficzn\u0105 ksi\u0105\u017cki. Publikacja jest skierowana do ratownik\u00f3w medycznych, lekarzy i piel\u0119gniarek ZRM, student\u00f3w ratownictwa medycznego i zainteresowanych tematem specjalist\u00f3w.<\/div>\n","protected":false},"excerpt":{"rendered":"<p>Autor: Roland Podlewski Wydawca:\u00a0PZWL Oprawa:\u00a0Mi\u0119kka Format:\u00a015.0&#215;23.5cm Liczba stron:\u00a0550 Wydanie:\u00a01 Rok [&hellip;]<\/p>\n","protected":false},"featured_media":20677,"template":"","meta":[],"product_brand":[],"product_cat":[7493,8116,7530],"product_tag":[5254],"class_list":{"0":"post-20676","1":"product","2":"type-product","3":"status-publish","4":"has-post-thumbnail","6":"product_cat-medycyna","7":"product_cat-medycyna-ratunkowa","8":"product_cat-nowosci","9":"product_tag-medycyna-ratunkowa","11":"first","12":"instock","13":"sale","14":"shipping-taxable","15":"purchasable","16":"product-type-simple"},"_links":{"self":[{"href":"http:\/\/ksiegarnia-akademicka.pl\/index.php\/wp-json\/wp\/v2\/product\/20676","targetHints":{"allow":["GET"]}}],"collection":[{"href":"http:\/\/ksiegarnia-akademicka.pl\/index.php\/wp-json\/wp\/v2\/product"}],"about":[{"href":"http:\/\/ksiegarnia-akademicka.pl\/index.php\/wp-json\/wp\/v2\/types\/product"}],"wp:featuredmedia":[{"embeddable":true,"href":"http:\/\/ksiegarnia-akademicka.pl\/index.php\/wp-json\/wp\/v2\/media\/20677"}],"wp:attachment":[{"href":"http:\/\/ksiegarnia-akademicka.pl\/index.php\/wp-json\/wp\/v2\/media?parent=20676"}],"wp:term":[{"taxonomy":"product_brand","embeddable":true,"href":"http:\/\/ksiegarnia-akademicka.pl\/index.php\/wp-json\/wp\/v2\/product_brand?post=20676"},{"taxonomy":"product_cat","embeddable":true,"href":"http:\/\/ksiegarnia-akademicka.pl\/index.php\/wp-json\/wp\/v2\/product_cat?post=20676"},{"taxonomy":"product_tag","embeddable":true,"href":"http:\/\/ksiegarnia-akademicka.pl\/index.php\/wp-json\/wp\/v2\/product_tag?post=20676"}],"curies":[{"name":"wp","href":"https:\/\/api.w.org\/{rel}","templated":true}]}}