{"id":20647,"date":"2025-03-21T09:31:52","date_gmt":"2025-03-21T08:31:52","guid":{"rendered":"http:\/\/ksiegarnia-akademicka.pl\/?post_type=product&#038;p=20647"},"modified":"2025-03-21T09:31:52","modified_gmt":"2025-03-21T08:31:52","slug":"struktury-danych-i-algorytmy-w-jezyku-c-wykorzystaj-potencjal-c-do-projektowania-efektywnych-aplikacji","status":"publish","type":"product","link":"http:\/\/ksiegarnia-akademicka.pl\/index.php\/product\/struktury-danych-i-algorytmy-w-jezyku-c-wykorzystaj-potencjal-c-do-projektowania-efektywnych-aplikacji\/","title":{"rendered":"Struktury danych i algorytmy w j\u0119zyku C# Wykorzystaj potencja\u0142 C# do projektowania efektywnych aplikacji"},"content":{"rendered":"<div class=\"grupa osoby\"><span class=\"meta-head-blue\">Autor:<\/span><\/p>\n<ul>\n<li class=\"meta-value\">Jamro Marcin<\/li>\n<\/ul>\n<\/div>\n<div class=\"grupa osoby\"><span class=\"meta-head-blue\">T\u0142umacze:<\/span>\u00a0<span class=\"meta-value\">Krzysztof B\u0105bol, \u0141ukasz Piwko<\/span><\/div>\n<div class=\"grupa wydawca\"><span class=\"meta-head\">Wydawca:<\/span>\u00a0Helion<\/div>\n<div class=\"grupa dane\">\n<div>Oprawa:\u00a0<span class=\"meta-value-bold\">Mi\u0119kka<\/span><\/div>\n<div>Format:\u00a0<span class=\"meta-value-bold\">16.5&#215;23.5cm<\/span><\/div>\n<div>Liczba stron:\u00a0<span class=\"meta-value-bold\">312<\/span><\/div>\n<div>Wydanie:\u00a0<span class=\"meta-value-bold\">2<\/span><\/div>\n<div>Rok wydania:\u00a0<span class=\"meta-value-bold\">2025<\/span><\/div>\n<div>J\u0119zyk wydania:\u00a0<span class=\"meta-value-bold\">polski<\/span><\/div>\n<\/div>\n<div><\/div>\n<div>Projektowanie aplikacji jest wymagaj\u0105cym zadaniem, zw\u0142aszcza je\u015bli trzeba rozwi\u0105zywa\u0107 z\u0142o\u017cone problemy. W takich przypadkach nale\u017cy mie\u0107 na uwadze r\u00f3wnie\u017c wydajno\u015b\u0107 kodu, aby program dzia\u0142a\u0142 p\u0142ynnie na urz\u0105dzeniach o ograniczonych zasobach. Takie zadania bywaj\u0105 naprawd\u0119 trudne i wymagaj\u0105 wiedzy, w tym dotycz\u0105cej struktur danych i algorytm\u00f3w.<br \/>\nT\u0119 praktyczn\u0105 ksi\u0105\u017ck\u0119 doceni\u0105 programi\u015bci C#. Zaczniesz od zapoznania si\u0119 z zasadami dzia\u0142ania algorytm\u00f3w, aby p\u00f3\u017aniej przej\u015b\u0107 do r\u00f3\u017cnych struktur danych: tablic, list, stos\u00f3w, kolejek, s\u0142ownik\u00f3w i zbior\u00f3w. Poszczeg\u00f3lne przyk\u0142ady zosta\u0142y zilustrowane fragmentami kodu i rysunkami. Opanujesz tak\u017ce sortowanie tablic przy u\u017cyciu rozmaitych algorytm\u00f3w, co solidnie ugruntuje Twoje umiej\u0119tno\u015bci. Nast\u0119pnie poznasz bardziej z\u0142o\u017cone struktury danych i algorytmy s\u0142u\u017c\u0105ce do r\u00f3\u017cnych zada\u0144, jak wyznaczanie najkr\u00f3tszej \u015bcie\u017cki w grafie czy rozwi\u0105zywanie \u0142amig\u0142\u00f3wek. W ten spos\u00f3b nauczysz si\u0119 budowa\u0107 w j\u0119zyku C# komponenty algorytmiczne, kt\u00f3re bez problemu zastosujesz w rozmaitych aplikacjach, r\u00f3wnie\u017c internetowych i na platformy mobilne.<br \/>\nZ t\u0105 ksi\u0105\u017ck\u0105 nauczysz si\u0119:<br \/>\n* podstaw algorytm\u00f3w i ich klasyfikacji<br \/>\n* przechowywa\u0107 dane w ustrukturyzowany spos\u00f3b<br \/>\n* budowa\u0107 aplikacje wzbogacone o stosy, kolejki, tablice z haszowaniem, s\u0142owniki i zbiory<br \/>\n* tworzy\u0107 wydajne aplikacje z u\u017cyciem algorytm\u00f3w zwi\u0105zanych z drzewami<br \/>\n* podnosi\u0107 wydajno\u015b\u0107 swoich rozwi\u0105za\u0144 przy u\u017cyciu graf\u00f3w<br \/>\n* implementowa\u0107 algorytmy pozwalaj\u0105ce rozwi\u0105zywa\u0107 \u0142amig\u0142\u00f3wki i generowa\u0107 fraktale<br \/>\nKilkusetkrotne zwi\u0119kszenie wydajno\u015bci kodu na wyci\u0105gni\u0119cie r\u0119ki!<\/div>\n","protected":false},"excerpt":{"rendered":"<p>Autor: Jamro Marcin T\u0142umacze:\u00a0Krzysztof B\u0105bol, \u0141ukasz Piwko Wydawca:\u00a0Helion Oprawa:\u00a0Mi\u0119kka Format:\u00a016.5&#215;23.5cm [&hellip;]<\/p>\n","protected":false},"featured_media":20648,"template":"","meta":[],"product_brand":[],"product_cat":[36,7530],"product_tag":[202,6098,204],"class_list":{"0":"post-20647","1":"product","2":"type-product","3":"status-publish","4":"has-post-thumbnail","6":"product_cat-informatyka","7":"product_cat-nowosci","8":"product_tag-algorytmy","9":"product_tag-jezyk-c","10":"product_tag-struktury-danych","12":"first","13":"instock","14":"sale","15":"shipping-taxable","16":"purchasable","17":"product-type-simple"},"_links":{"self":[{"href":"http:\/\/ksiegarnia-akademicka.pl\/index.php\/wp-json\/wp\/v2\/product\/20647","targetHints":{"allow":["GET"]}}],"collection":[{"href":"http:\/\/ksiegarnia-akademicka.pl\/index.php\/wp-json\/wp\/v2\/product"}],"about":[{"href":"http:\/\/ksiegarnia-akademicka.pl\/index.php\/wp-json\/wp\/v2\/types\/product"}],"wp:featuredmedia":[{"embeddable":true,"href":"http:\/\/ksiegarnia-akademicka.pl\/index.php\/wp-json\/wp\/v2\/media\/20648"}],"wp:attachment":[{"href":"http:\/\/ksiegarnia-akademicka.pl\/index.php\/wp-json\/wp\/v2\/media?parent=20647"}],"wp:term":[{"taxonomy":"product_brand","embeddable":true,"href":"http:\/\/ksiegarnia-akademicka.pl\/index.php\/wp-json\/wp\/v2\/product_brand?post=20647"},{"taxonomy":"product_cat","embeddable":true,"href":"http:\/\/ksiegarnia-akademicka.pl\/index.php\/wp-json\/wp\/v2\/product_cat?post=20647"},{"taxonomy":"product_tag","embeddable":true,"href":"http:\/\/ksiegarnia-akademicka.pl\/index.php\/wp-json\/wp\/v2\/product_tag?post=20647"}],"curies":[{"name":"wp","href":"https:\/\/api.w.org\/{rel}","templated":true}]}}