{"id":20628,"date":"2025-03-20T10:46:46","date_gmt":"2025-03-20T09:46:46","guid":{"rendered":"http:\/\/ksiegarnia-akademicka.pl\/?post_type=product&#038;p=20628"},"modified":"2025-03-20T10:46:46","modified_gmt":"2025-03-20T09:46:46","slug":"baudolino","status":"publish","type":"product","link":"http:\/\/ksiegarnia-akademicka.pl\/index.php\/product\/baudolino\/","title":{"rendered":"Baudolino"},"content":{"rendered":"<div class=\"grupa osoby\"><span class=\"meta-head\">Autor:<\/span><\/p>\n<ul>\n<li class=\"meta-value\">Umberto Eco<\/li>\n<\/ul>\n<\/div>\n<div class=\"grupa osoby\"><span class=\"meta-head-blue\">T\u0142umacze:<\/span>\u00a0<span class=\"meta-value\">Szymanowski Adam<\/span><\/div>\n<div class=\"grupa wydawca\"><span class=\"meta-head\">Wydawca:<\/span>\u00a0Noir Sur Blanc<\/div>\n<div class=\"grupa dane\">\n<div>Oprawa:\u00a0<span class=\"meta-value-bold\">Twarda z obwolut\u0105<\/span><\/div>\n<div>Format:\u00a0<span class=\"meta-value-bold\">12.0&#215;19.0cm<\/span><\/div>\n<div>Liczba stron:\u00a0<span class=\"meta-value-bold\">662<\/span><\/div>\n<div>Wydanie:\u00a0<span class=\"meta-value-bold\">2<\/span><\/div>\n<div>Rok wydania:\u00a0<span class=\"meta-value-bold\">2024<\/span><\/div>\n<div>J\u0119zyk wydania:\u00a0<span class=\"meta-value-bold\">polski<\/span><\/div>\n<\/div>\n<div><\/div>\n<div>Jedna z najs\u0142ynniejszych powie\u015bci Umberta Eco w nowym kolekcjonerskim wydaniu! Baudolino, czternastoletni ch\u0142opski syn, obdarzony bystrym umys\u0142em i fantazj\u0105, przyprowadza pod rodzicielski dach zab\u0142\u0105kanego w\u015br\u00f3d mgie\u0142 i moczar\u00f3w rycerza. Nieznajomym go\u015bciem oka\u017ce si\u0119 Fryderyk Barbarossa. Ch\u0142opak zdobywa sympati\u0119 cesarza, ten za\u015b zabierze go ze sob\u0105 w \u015bwiat i pokocha jak syna. Baudolino lubi opowiada\u0107 i zmy\u015bla\u0107, przy czym jakim\u015b cudem wszystko, co wymy\u015bli\u0142, staje si\u0119 rzeczywisto\u015bci\u0105. I tak kt\u00f3rego\u015b razu, ku po\u017cytkowi przybranego ojca, uk\u0142ada legendarny list ksi\u0119dza Jana; obiecuje w nim zachodniemu \u015bwiatu bajeczne kr\u00f3lestwo na Wschodzie, rz\u0105dzone przez chrze\u015bcija\u0144skiego kr\u00f3la. Fryderyk, wyruszaj\u0105c na wypraw\u0119 krzy\u017cow\u0105, chce tak\u017ce dotrze\u0107 do mitycznego kr\u00f3lestwa. Po jego \u015bmierci, niespodziewanej i tajemniczej, Baudolino kontynuuje w\u0119dr\u00f3wk\u0119, prze\u017cywa niezwyk\u0142e przygody i spotyka najdziwniejsze istoty. Swe dzieje opowiada Niketasowi, bizantyjskiemu historykowi, w czasie gdy krzy\u017cowcy pl\u0105druj\u0105 Konstantynopol. Dopiero wtedy zaczyna pojmowa\u0107 rzeczy, kt\u00f3rych dot\u0105d nie rozumia\u0142.<\/div>\n","protected":false},"excerpt":{"rendered":"<p>Autor: Umberto Eco T\u0142umacze:\u00a0Szymanowski Adam Wydawca:\u00a0Noir Sur Blanc Oprawa:\u00a0Twarda z [&hellip;]<\/p>\n","protected":false},"featured_media":20629,"template":"","meta":[],"product_brand":[],"product_cat":[7707],"product_tag":[7633],"class_list":{"0":"post-20628","1":"product","2":"type-product","3":"status-publish","4":"has-post-thumbnail","6":"product_cat-literatura","7":"product_tag-umberto-eco","9":"first","10":"instock","11":"sale","12":"shipping-taxable","13":"purchasable","14":"product-type-simple"},"_links":{"self":[{"href":"http:\/\/ksiegarnia-akademicka.pl\/index.php\/wp-json\/wp\/v2\/product\/20628","targetHints":{"allow":["GET"]}}],"collection":[{"href":"http:\/\/ksiegarnia-akademicka.pl\/index.php\/wp-json\/wp\/v2\/product"}],"about":[{"href":"http:\/\/ksiegarnia-akademicka.pl\/index.php\/wp-json\/wp\/v2\/types\/product"}],"wp:featuredmedia":[{"embeddable":true,"href":"http:\/\/ksiegarnia-akademicka.pl\/index.php\/wp-json\/wp\/v2\/media\/20629"}],"wp:attachment":[{"href":"http:\/\/ksiegarnia-akademicka.pl\/index.php\/wp-json\/wp\/v2\/media?parent=20628"}],"wp:term":[{"taxonomy":"product_brand","embeddable":true,"href":"http:\/\/ksiegarnia-akademicka.pl\/index.php\/wp-json\/wp\/v2\/product_brand?post=20628"},{"taxonomy":"product_cat","embeddable":true,"href":"http:\/\/ksiegarnia-akademicka.pl\/index.php\/wp-json\/wp\/v2\/product_cat?post=20628"},{"taxonomy":"product_tag","embeddable":true,"href":"http:\/\/ksiegarnia-akademicka.pl\/index.php\/wp-json\/wp\/v2\/product_tag?post=20628"}],"curies":[{"name":"wp","href":"https:\/\/api.w.org\/{rel}","templated":true}]}}