{"id":20620,"date":"2025-03-19T09:10:30","date_gmt":"2025-03-19T08:10:30","guid":{"rendered":"http:\/\/ksiegarnia-akademicka.pl\/?post_type=product&#038;p=20620"},"modified":"2025-03-19T09:10:30","modified_gmt":"2025-03-19T08:10:30","slug":"asteroid-i-polkotapczan-o-polskim-wzornictwie-powojennym","status":"publish","type":"product","link":"http:\/\/ksiegarnia-akademicka.pl\/index.php\/product\/asteroid-i-polkotapczan-o-polskim-wzornictwie-powojennym\/","title":{"rendered":"Asteroid i p\u00f3\u0142kotapczan O polskim wzornictwie powojennym"},"content":{"rendered":"<div class=\"grupa osoby\"><span class=\"meta-head\">Autor:<\/span><\/p>\n<ul>\n<li class=\"meta-value\">Katarzyna Jasio\u0142ek<\/li>\n<\/ul>\n<\/div>\n<div class=\"grupa wydawca\"><span class=\"meta-head\">Wydawca:<\/span>\u00a0Marginesy<\/div>\n<div class=\"grupa dane\">\n<div>Oprawa:\u00a0<span class=\"meta-value-bold\">Zintegrowana<\/span><\/div>\n<div>Format:\u00a0<span class=\"meta-value-bold\">17.5&#215;24.0cm<\/span><\/div>\n<div>Liczba stron:\u00a0<span class=\"meta-value-bold\">146<\/span><\/div>\n<div>Wydanie:\u00a0<span class=\"meta-value-bold\">3<\/span><\/div>\n<div>Rok wydania:\u00a0<span class=\"meta-value-bold\">2025<\/span><\/div>\n<div>J\u0119zyk wydania:\u00a0<span class=\"meta-value-bold\">polski<\/span><\/div>\n<\/div>\n<div><\/div>\n<div>Jak \u017cy\u0142o si\u0119 w czasach, gdy w sklepach brakowa\u0142o wszystkiego, a do kawalerek, zamieszka\u0142ych przez ca\u0142e rodziny, kupowa\u0142o si\u0119 na raty komplety mebli, kt\u00f3rymi mo\u017cna by obdzieli\u0107 kilka mieszka\u0144? W czasach, gdy co drugie mieszkanie wygl\u0105da\u0142o identycznie i mo\u017cna by\u0142o si\u0119 pomyli\u0107, czy jest si\u0119 u siebie, czy w go\u015bciach? Albo kt\u00f3ry polski projektant gra\u0142 w filmie, co tworzono w oparach alkoholu, kto wi\u00f3d\u0142 prym w \u201eBiurze Niewy\u017cytych Erotycznie Panien\u201d i czyje ciep\u0142e majtki uratowa\u0142y polskie wzornictwo? Chocia\u017c popularno\u015b\u0107 wzornictwa od kilku lat przybiera na sile, wci\u0105\u017c trudno zdoby\u0107 informacje na temat jego tw\u00f3rc\u00f3w. Niekt\u00f3re nazwiska pozostan\u0105 na zawsze tajemnic\u0105, wiele jest jednak takich, kt\u00f3re ustrzeg\u0142y si\u0119 przed anonimowo\u015bci\u0105 i o nich dzisiaj warto m\u00f3wi\u0107. Jak cho\u0107by o Wandzie Telakowskiej, organizatorce powojennego polskiego wzornictwa, za\u0142o\u017cycielce Instytutu Wzornictwa. Przemys\u0142owego. To opowie\u015b\u0107 o tym, w jakich okoliczno\u015bciach powstawa\u0142y meble, szk\u0142o, ceramika, tkaniny, o\u015bwietlenie dost\u0119pne \u2013 czy raczej wiecznie niedost\u0119pne \u2013 w polskich sklepach po 1945 roku, ale tak\u017ce o tym, kto tworzy\u0142 te, kt\u00f3re nigdy nie trafi\u0142y na sklepowe p\u00f3\u0142ki. Wci\u0105gaj\u0105ca historia, przywo\u0142uj\u0105ca filmy, w kt\u00f3rych graj\u0105 ikony designu, i m\u00f3wi\u0105ca o wydarzeniach, bez kt\u00f3rych wiele wspania\u0142ych obiekt\u00f3w nigdy by nie powsta\u0142o. Katarzyna Jasio\u0142ek (ur. 1982) \u2013 absolwentka Filologii Polskiej na Uniwersytecie Warszawskim. Pisa\u0142a o nowych technologiach do \u201eKomputer \u015awiata\u201d i na potrzeby innych projekt\u00f3w RASP, a wcze\u015bniej tak\u017ce o mediach do \u201ePressu\u201d, o technologii od strony biznesowej. Obecnie regularnie pisze do tytu\u0142u bran\u017cowego \u201eSzk\u0142o i Ceramika\u201d, pisuje katalogi, kt\u00f3rych tematyk\u0105 jest design i wzornictwo. Prowadzi blog Heliotrop (heliotropvintage pl) o wydarzeniach zwi\u0105zanych z wzornictwem, architektur\u0105, fotografi\u0105, mod\u0105, a tak\u017ce pod mark\u0105 bloga \u2013 podcast, do kt\u00f3rego zaprasza tw\u00f3rc\u00f3w, rzemie\u015blnik\u00f3w, kolekcjoner\u00f3w i inne osoby zwi\u0105zane z designem. Pisze ksi\u0105\u017cki o wzornictwie.<\/div>\n","protected":false},"excerpt":{"rendered":"<p>Autor: Katarzyna Jasio\u0142ek Wydawca:\u00a0Marginesy Oprawa:\u00a0Zintegrowana Format:\u00a017.5&#215;24.0cm Liczba stron:\u00a0146 Wydanie:\u00a03 Rok [&hellip;]<\/p>\n","protected":false},"featured_media":20621,"template":"","meta":[],"product_brand":[],"product_cat":[7530,7823],"product_tag":[6797],"class_list":{"0":"post-20620","1":"product","2":"type-product","3":"status-publish","4":"has-post-thumbnail","6":"product_cat-nowosci","7":"product_cat-sztuka","8":"product_tag-polskie-wzornictwo","10":"first","11":"instock","12":"sale","13":"shipping-taxable","14":"purchasable","15":"product-type-simple"},"_links":{"self":[{"href":"http:\/\/ksiegarnia-akademicka.pl\/index.php\/wp-json\/wp\/v2\/product\/20620","targetHints":{"allow":["GET"]}}],"collection":[{"href":"http:\/\/ksiegarnia-akademicka.pl\/index.php\/wp-json\/wp\/v2\/product"}],"about":[{"href":"http:\/\/ksiegarnia-akademicka.pl\/index.php\/wp-json\/wp\/v2\/types\/product"}],"wp:featuredmedia":[{"embeddable":true,"href":"http:\/\/ksiegarnia-akademicka.pl\/index.php\/wp-json\/wp\/v2\/media\/20621"}],"wp:attachment":[{"href":"http:\/\/ksiegarnia-akademicka.pl\/index.php\/wp-json\/wp\/v2\/media?parent=20620"}],"wp:term":[{"taxonomy":"product_brand","embeddable":true,"href":"http:\/\/ksiegarnia-akademicka.pl\/index.php\/wp-json\/wp\/v2\/product_brand?post=20620"},{"taxonomy":"product_cat","embeddable":true,"href":"http:\/\/ksiegarnia-akademicka.pl\/index.php\/wp-json\/wp\/v2\/product_cat?post=20620"},{"taxonomy":"product_tag","embeddable":true,"href":"http:\/\/ksiegarnia-akademicka.pl\/index.php\/wp-json\/wp\/v2\/product_tag?post=20620"}],"curies":[{"name":"wp","href":"https:\/\/api.w.org\/{rel}","templated":true}]}}