{"id":20610,"date":"2025-03-18T08:53:40","date_gmt":"2025-03-18T07:53:40","guid":{"rendered":"http:\/\/ksiegarnia-akademicka.pl\/?post_type=product&#038;p=20610"},"modified":"2025-03-18T08:53:40","modified_gmt":"2025-03-18T07:53:40","slug":"witkacy-biografia","status":"publish","type":"product","link":"http:\/\/ksiegarnia-akademicka.pl\/index.php\/product\/witkacy-biografia\/","title":{"rendered":"Witkacy. Biografia"},"content":{"rendered":"<div class=\"grupa osoby\"><span class=\"meta-head\">Autor:<\/span><\/p>\n<ul>\n<li class=\"meta-value\">Przemys\u0142aw Pawlak<\/li>\n<\/ul>\n<\/div>\n<div class=\"grupa wydawca\"><span class=\"meta-head\">Wydawca:<\/span>\u00a0Iskry<\/div>\n<div class=\"grupa dane\">\n<div>Oprawa:\u00a0<span class=\"meta-value-bold\">Twarda<\/span><\/div>\n<div>Format:\u00a0<span class=\"meta-value-bold\">16.5&#215;22.5cm<\/span><\/div>\n<div>Liczba stron:\u00a0<span class=\"meta-value-bold\">290<\/span><\/div>\n<div>Wydanie:\u00a0<span class=\"meta-value-bold\">1<\/span><\/div>\n<div>Rok wydania:\u00a0<span class=\"meta-value-bold\">2025<\/span><\/div>\n<div>J\u0119zyk wydania:\u00a0<span class=\"meta-value-bold\">polski<\/span><\/div>\n<\/div>\n<div><\/div>\n<div>Ksi\u0105\u017cka Przemys\u0142awa Pawlaka to wyj\u0105tkowo udana pr\u00f3ba ukazania skomplikowanej osobowo\u015bci Stanis\u0142awa Ignacego Witkiewicza jako jednostki nieprzeci\u0119tnej, prawdziwego Istnienia Poszczeg\u00f3lnego. Jawi si\u0119 on jako wszechstronny geniusz, a jednocze\u015bnie bohater niemal pozytywistyczny, morderczo pracowity, wymagaj\u0105cy od siebie wi\u0119cej ni\u017c od innych. Posta\u0107 Witkacego zosta\u0142a precyzyjnie osadzona w realiach epoki, w jej spo\u0142eczno-politycznych, naukowych i historycznych kontekstach, zawsze z doskona\u0142\u0105 znajomo\u015bci\u0105 \u017ar\u00f3de\u0142, tak\u017ce tych dot\u0105d niepublikowanych lub zapomnianych. Autor zdradza przy tym g\u0142\u0119bok\u0105 intuicj\u0119 psychologiczn\u0105 w odtwarzaniu stan\u00f3w emocjonalnych swojego bohatera i kre\u015bli jego portret z powie\u015bciow\u0105 swad\u0105, niemal jak Boles\u0142aw Prus, gdy pisa\u0142 o Wokulskim. Trudno si\u0119 od tej ksi\u0105\u017cki oderwa\u0107, trudno o niej zapomnie\u0107. Janusz Degler<\/div>\n","protected":false},"excerpt":{"rendered":"<p>Autor: Przemys\u0142aw Pawlak Wydawca:\u00a0Iskry Oprawa:\u00a0Twarda Format:\u00a016.5&#215;22.5cm Liczba stron:\u00a0290 Wydanie:\u00a01 Rok [&hellip;]<\/p>\n","protected":false},"featured_media":20611,"template":"","meta":[],"product_brand":[],"product_cat":[7627,7530],"product_tag":[8262,8570],"class_list":{"0":"post-20610","1":"product","2":"type-product","3":"status-publish","4":"has-post-thumbnail","6":"product_cat-historia-literatury","7":"product_cat-nowosci","8":"product_tag-biografia","9":"product_tag-witkacy","11":"first","12":"instock","13":"sale","14":"shipping-taxable","15":"purchasable","16":"product-type-simple"},"_links":{"self":[{"href":"http:\/\/ksiegarnia-akademicka.pl\/index.php\/wp-json\/wp\/v2\/product\/20610","targetHints":{"allow":["GET"]}}],"collection":[{"href":"http:\/\/ksiegarnia-akademicka.pl\/index.php\/wp-json\/wp\/v2\/product"}],"about":[{"href":"http:\/\/ksiegarnia-akademicka.pl\/index.php\/wp-json\/wp\/v2\/types\/product"}],"wp:featuredmedia":[{"embeddable":true,"href":"http:\/\/ksiegarnia-akademicka.pl\/index.php\/wp-json\/wp\/v2\/media\/20611"}],"wp:attachment":[{"href":"http:\/\/ksiegarnia-akademicka.pl\/index.php\/wp-json\/wp\/v2\/media?parent=20610"}],"wp:term":[{"taxonomy":"product_brand","embeddable":true,"href":"http:\/\/ksiegarnia-akademicka.pl\/index.php\/wp-json\/wp\/v2\/product_brand?post=20610"},{"taxonomy":"product_cat","embeddable":true,"href":"http:\/\/ksiegarnia-akademicka.pl\/index.php\/wp-json\/wp\/v2\/product_cat?post=20610"},{"taxonomy":"product_tag","embeddable":true,"href":"http:\/\/ksiegarnia-akademicka.pl\/index.php\/wp-json\/wp\/v2\/product_tag?post=20610"}],"curies":[{"name":"wp","href":"https:\/\/api.w.org\/{rel}","templated":true}]}}