{"id":20561,"date":"2025-03-14T11:41:15","date_gmt":"2025-03-14T10:41:15","guid":{"rendered":"http:\/\/ksiegarnia-akademicka.pl\/?post_type=product&#038;p=20561"},"modified":"2025-03-14T11:41:16","modified_gmt":"2025-03-14T10:41:16","slug":"pracownicze-utwory-naukowe","status":"publish","type":"product","link":"http:\/\/ksiegarnia-akademicka.pl\/index.php\/product\/pracownicze-utwory-naukowe\/","title":{"rendered":"Pracownicze utwory naukowe"},"content":{"rendered":"<p>Redakcja:\u00a0dr hab. Ma\u0142gorzata Czuryk<\/p>\n<p>Autor:\u00a0dr hab. Katarzyna Bomba,\u00a0dr Katarzyna Jaworska\u00a0,\u00a0dr Krystyna Zi\u00f3\u0142kowska<\/p>\n<p>Wydawnictwo: C.H. Beck<\/p>\n<p>Seria: Monografie Prawnicze<\/p>\n<p>Rok wydania: 2025<\/p>\n<p>Oprawa: Twarda<\/p>\n<p>Liczba stron: 162<\/p>\n<p>Wymiary: 145&#215;205 mm<\/p>\n<p>Waga: 330 g<\/p>\n<p>ISBN:\u00a0978-83-8356-994-9<\/p>\n<p>&nbsp;<\/p>\n<p>Monografia stanowi opracowanie po\u015bwi\u0119cone analizie problematyki dotycz\u0105cej pracowniczych utwor\u00f3w naukowych. Powstaj\u0105ce w ramach stosunku pracy utwory naukowe, a zw\u0142aszcza uprawnienia do rezultat\u00f3w tw\u00f3rczo\u015bci pracownik\u00f3w, pozostaj\u0105 w zakresie zainteresowania zar\u00f3wno tw\u00f3rc\u00f3w b\u0119d\u0105cych pracownikami instytucji naukowych, jak i pracodawc\u00f3w.<\/p>\n<p>Publikacja zosta\u0142a podzielona na sze\u015b\u0107 rozdzia\u0142\u00f3w, w kt\u00f3rych om\u00f3wiono m.in. takie zagadnienia jak:<\/p>\n<ul>\n<li>charakter prawny oraz zakres podmiotowy i przedmiotowy wolno\u015bci tw\u00f3rczo\u015bci naukowej;<\/li>\n<li>poj\u0119cie utworu naukowego;<\/li>\n<li>poj\u0119cie instytucji naukowej i kryteria jej wyodr\u0119bnienia;<\/li>\n<li>tw\u00f3rcy utwor\u00f3w naukowych;<\/li>\n<li>uprawnienia instytucji naukowej dotycz\u0105ce pracowniczego utworu naukowego.<\/li>\n<\/ul>\n<p>Monografia adresowana jest do szerokiego kr\u0119gu odbiorc\u00f3w &#8211; pracownik\u00f3w naukowych, pracodawc\u00f3w zatrudniaj\u0105cych tw\u00f3rc\u00f3w utwor\u00f3w naukowych, student\u00f3w i doktorant\u00f3w prawa i administracji oraz do aplikant\u00f3w i praktyk\u00f3w prawa (s\u0119dzi\u00f3w, radc\u00f3w prawnych i adwokat\u00f3w), kt\u00f3rym analizowane zagadnienia mog\u0105 by\u0107 pomocne w wykonywaniu zawodu.<\/p>\n","protected":false},"excerpt":{"rendered":"<p>Redakcja:\u00a0dr hab. Ma\u0142gorzata Czuryk Autor:\u00a0dr hab. Katarzyna Bomba,\u00a0dr Katarzyna Jaworska\u00a0,\u00a0dr [&hellip;]<\/p>\n","protected":false},"featured_media":20563,"template":"","meta":[],"product_brand":[],"product_cat":[7491,7530,18],"product_tag":[4307,5397],"class_list":{"0":"post-20561","1":"product","2":"type-product","3":"status-publish","4":"has-post-thumbnail","6":"product_cat-cywilne","7":"product_cat-nowosci","8":"product_cat-prawo","9":"product_tag-prawo-wlasnosci-intelektualnej","10":"product_tag-seria-monografie-prawnicze","12":"first","13":"instock","14":"sale","15":"shipping-taxable","16":"purchasable","17":"product-type-simple"},"_links":{"self":[{"href":"http:\/\/ksiegarnia-akademicka.pl\/index.php\/wp-json\/wp\/v2\/product\/20561","targetHints":{"allow":["GET"]}}],"collection":[{"href":"http:\/\/ksiegarnia-akademicka.pl\/index.php\/wp-json\/wp\/v2\/product"}],"about":[{"href":"http:\/\/ksiegarnia-akademicka.pl\/index.php\/wp-json\/wp\/v2\/types\/product"}],"wp:featuredmedia":[{"embeddable":true,"href":"http:\/\/ksiegarnia-akademicka.pl\/index.php\/wp-json\/wp\/v2\/media\/20563"}],"wp:attachment":[{"href":"http:\/\/ksiegarnia-akademicka.pl\/index.php\/wp-json\/wp\/v2\/media?parent=20561"}],"wp:term":[{"taxonomy":"product_brand","embeddable":true,"href":"http:\/\/ksiegarnia-akademicka.pl\/index.php\/wp-json\/wp\/v2\/product_brand?post=20561"},{"taxonomy":"product_cat","embeddable":true,"href":"http:\/\/ksiegarnia-akademicka.pl\/index.php\/wp-json\/wp\/v2\/product_cat?post=20561"},{"taxonomy":"product_tag","embeddable":true,"href":"http:\/\/ksiegarnia-akademicka.pl\/index.php\/wp-json\/wp\/v2\/product_tag?post=20561"}],"curies":[{"name":"wp","href":"https:\/\/api.w.org\/{rel}","templated":true}]}}